{"id":401,"date":"2022-11-23T05:00:57","date_gmt":"2022-11-23T04:00:57","guid":{"rendered":"http:\/\/klubmamgdynia.pl\/?post_type=product&#038;p=401"},"modified":"2026-04-26T19:33:04","modified_gmt":"2026-04-26T17:33:04","slug":"bioderma-atoderm-surgrass-douceur-zel-do-mycia-ciala-200ml","status":"publish","type":"product","link":"http:\/\/klubmamgdynia.pl\/index.php\/produkt\/bioderma-atoderm-surgrass-douceur-zel-do-mycia-ciala-200ml\/","title":{"rendered":"Bioderma Atoderm Surgrass Douceur \u017bel do mycia cia\u0142a 200ml"},"content":{"rendered":"<p>Wskazania i dzia\u0142anie.Atoderm Gel Douceur przeznaczony jest do suchej, bardzo suchej oraz wra\u017cliwej sk\u00f3ry.Delikatnie myje nie podra\u017cniaj\u0105c sk\u00f3ry.Dzi\u0119ki sk\u0142adnikom nawil\u017caj\u0105cym dzia\u0142a ochronnie.\u0141agodzi oraz zmniejsza uczucie pieczenia, szczypania.Fizjologiczne pH pozwala zachowa\u0107 sk\u00f3rze naturaln\u0105 r\u00f3wnowag\u0119.Nie zawiera myd\u0142a ani konserwant\u00f3w, bardzo dobrze tolerowany.Spos\u00f3b u\u017cycia:\u017bel na\u0142o\u017cy\u0107 na wilgotn\u0105 sk\u00f3r\u0119 i masowa\u0107, a\u017c do utworzenia si\u0119 piany.Nast\u0119pnie sp\u0142uka\u0107 i delikatnie osuszy\u0107 sk\u00f3r\u0119.Stosowa\u0107 do mycia twarzy i cia\u0142a.Delikatnie perfumowany.<\/p>\n<h2>Bioderma Atoderm Surgrass Douceur \u017bel do mycia cia\u0142a 200ml Bioderma<\/h2>\n<p>mini zoo dolno\u015bl\u0105skie, zabawka dla rocznej dziewczynki, ciekawe zagadki, lol surprise kolorowanki, prezenty dla nastolatk\u00f3w, ahmed, rebusy i krzy\u017c\u00f3wki dla dzieci do druku, zagadki dla 4 latka, pokemony kolorowanka, esmeralda, prezenty dla 15 latki<\/p>\n<p>yyyyy<\/p>\n<p>&nbsp;<\/p>\n","protected":false},"excerpt":{"rendered":"<p>Wskazania i dzia\u0142anie.Atoderm Gel Douceur przeznaczony jest do suchej, bardzo suchej oraz wra\u017cliwej sk\u00f3ry.Delikatnie myje nie podra\u017cniaj\u0105c sk\u00f3ry.Dzi\u0119ki sk\u0142adnikom nawil\u017caj\u0105cym dzia\u0142a ochronnie.\u0141agodzi oraz zmniejsza uczucie pieczenia, szczypania.Fizjologiczne pH pozwala zachowa\u0107 sk\u00f3rze naturaln\u0105 r\u00f3wnowag\u0119.Nie zawiera myd\u0142a ani konserwant\u00f3w, bardzo dobrze tolerowany.Spos\u00f3b u\u017cycia:\u017bel na\u0142o\u017cy\u0107 na wilgotn\u0105 sk\u00f3r\u0119 i masowa\u0107, a\u017c do utworzenia si\u0119 piany.Nast\u0119pnie sp\u0142uka\u0107 i delikatnie [&hellip;]<\/p>\n","protected":false},"featured_media":402,"comment_status":"closed","ping_status":"open","template":"","meta":[],"product_cat":[133,134],"product_tag":[776,815,846,803,779],"class_list":["post-401","product","type-product","status-publish","has-post-thumbnail","hentry","product_cat-bioderma","product_cat-dermokosmetyki","product_tag-dobrej-nocy","product_tag-ozdoby-choinkowe-dla-dzieci","product_tag-rysowanki","product_tag-szlaczki-do-druku","product_tag-zarty-na-prima-aprilis-w-domu"],"_links":{"self":[{"href":"http:\/\/klubmamgdynia.pl\/index.php\/wp-json\/wp\/v2\/product\/401","targetHints":{"allow":["GET"]}}],"collection":[{"href":"http:\/\/klubmamgdynia.pl\/index.php\/wp-json\/wp\/v2\/product"}],"about":[{"href":"http:\/\/klubmamgdynia.pl\/index.php\/wp-json\/wp\/v2\/types\/product"}],"replies":[{"embeddable":true,"href":"http:\/\/klubmamgdynia.pl\/index.php\/wp-json\/wp\/v2\/comments?post=401"}],"wp:featuredmedia":[{"embeddable":true,"href":"http:\/\/klubmamgdynia.pl\/index.php\/wp-json\/wp\/v2\/media\/402"}],"wp:attachment":[{"href":"http:\/\/klubmamgdynia.pl\/index.php\/wp-json\/wp\/v2\/media?parent=401"}],"wp:term":[{"taxonomy":"product_cat","embeddable":true,"href":"http:\/\/klubmamgdynia.pl\/index.php\/wp-json\/wp\/v2\/product_cat?post=401"},{"taxonomy":"product_tag","embeddable":true,"href":"http:\/\/klubmamgdynia.pl\/index.php\/wp-json\/wp\/v2\/product_tag?post=401"}],"curies":[{"name":"wp","href":"https:\/\/api.w.org\/{rel}","templated":true}]}}