{"id":4013,"date":"2015-04-07T03:02:08","date_gmt":"2015-04-07T01:02:08","guid":{"rendered":"http:\/\/klubmamgdynia.pl\/index.php\/produkt\/egakids-duze-tetrowe-pieluchy-premium-70x80cm-kolorowe-3szt-rozowe\/"},"modified":"2026-04-30T13:04:26","modified_gmt":"2026-04-30T11:04:26","slug":"egakids-duze-tetrowe-pieluchy-premium-70x80cm-kolorowe-3szt-rozowe","status":"publish","type":"product","link":"http:\/\/klubmamgdynia.pl\/index.php\/produkt\/egakids-duze-tetrowe-pieluchy-premium-70x80cm-kolorowe-3szt-rozowe\/","title":{"rendered":"Egakids Du\u017ce Tetrowe Pieluchy Premium 70X80Cm Kolorowe 3Szt. R\u00f3\u017cowe"},"content":{"rendered":"<p>Zestaw sk\u0142adaj\u0105cy si\u0119 z 3 wzorzystych pieluszek tetrowych dopasowanych do siebie tematycznie. Idealny pomys\u0142 na prezent dla przysz\u0142ych Rodzic\u00f3w. Bardzo dobrze ch\u0142on\u0105 wilgo\u0107, pozwalaj\u0105 sk\u00f3rze dziecka oddycha\u0107 i nie podra\u017cniaj\u0105 jej. Niezast\u0105pione do przewijania i odbijania niemowl\u0119cia.ZALETY:niezwykle i przewiewneidealne sprawdzaj\u0105 si\u0119 w domu i na spacerachz ka\u017cdym praniem staj\u0105 si\u0119 jeszcze bardziej mi\u0119kkienie podra\u017cniaj\u0105 delikatnej sk\u00f3ry dziecka, ani nie powoduj\u0105 alergiiDANE TECHNICZNE:materia\u0142: 100% bawe\u0142na, jako\u015b\u0107 Irozmiar: 60 x 80 cmpakowane s\u0105 w transparentn\u0105 torb\u0119 zapinan\u0105 na zamekzestaw zawiera 3 szt. pieluszek w wersji kolorystycznej przedstawionej na aukcji<\/p>\n<h2>Egakids Du\u017ce Tetrowe Pieluchy Premium 70X80Cm Kolorowe 3Szt. R\u00f3\u017cowe EgaKids<\/h2>\n<p>harry potter kolorowanka, marcel imie, glupie zagadki, zagadki o wiosnie, najlepsze \u017carty na prima aprilis, traktor z przyczep\u0105 kolorowanka do druku, zagadki z odpowiedziami, kryspinow<\/p>\n<p>yyyyy<\/p>\n<p>&nbsp;<\/p>\n","protected":false},"excerpt":{"rendered":"<p>Zestaw sk\u0142adaj\u0105cy si\u0119 z 3 wzorzystych pieluszek tetrowych dopasowanych do siebie tematycznie. Idealny pomys\u0142 na prezent dla przysz\u0142ych Rodzic\u00f3w. Bardzo dobrze ch\u0142on\u0105 wilgo\u0107, pozwalaj\u0105 sk\u00f3rze dziecka oddycha\u0107 i nie podra\u017cniaj\u0105 jej. Niezast\u0105pione do przewijania i odbijania niemowl\u0119cia.ZALETY:niezwykle i przewiewneidealne sprawdzaj\u0105 si\u0119 w domu i na spacerachz ka\u017cdym praniem staj\u0105 si\u0119 jeszcze bardziej mi\u0119kkienie podra\u017cniaj\u0105 delikatnej [&hellip;]<\/p>\n","protected":false},"featured_media":4014,"comment_status":"closed","ping_status":"open","template":"","meta":[],"product_cat":[1171,17],"product_tag":[664,580,742,826,601,872],"class_list":["post-4013","product","type-product","status-publish","has-post-thumbnail","hentry","product_cat-egakids","product_cat-pieluchy","product_tag-atrakcje-dla-dzieci-trojmiasto","product_tag-janusz","product_tag-piosenki-dla-dzieci-tekst","product_tag-prezent-dla-15-latka","product_tag-zagadki-co-to-jest","product_tag-zagadki-dla-dzieci-6-lat"],"_links":{"self":[{"href":"http:\/\/klubmamgdynia.pl\/index.php\/wp-json\/wp\/v2\/product\/4013","targetHints":{"allow":["GET"]}}],"collection":[{"href":"http:\/\/klubmamgdynia.pl\/index.php\/wp-json\/wp\/v2\/product"}],"about":[{"href":"http:\/\/klubmamgdynia.pl\/index.php\/wp-json\/wp\/v2\/types\/product"}],"replies":[{"embeddable":true,"href":"http:\/\/klubmamgdynia.pl\/index.php\/wp-json\/wp\/v2\/comments?post=4013"}],"wp:featuredmedia":[{"embeddable":true,"href":"http:\/\/klubmamgdynia.pl\/index.php\/wp-json\/wp\/v2\/media\/4014"}],"wp:attachment":[{"href":"http:\/\/klubmamgdynia.pl\/index.php\/wp-json\/wp\/v2\/media?parent=4013"}],"wp:term":[{"taxonomy":"product_cat","embeddable":true,"href":"http:\/\/klubmamgdynia.pl\/index.php\/wp-json\/wp\/v2\/product_cat?post=4013"},{"taxonomy":"product_tag","embeddable":true,"href":"http:\/\/klubmamgdynia.pl\/index.php\/wp-json\/wp\/v2\/product_tag?post=4013"}],"curies":[{"name":"wp","href":"https:\/\/api.w.org\/{rel}","templated":true}]}}