{"id":4015,"date":"2018-01-17T03:12:06","date_gmt":"2018-01-17T02:12:06","guid":{"rendered":"http:\/\/klubmamgdynia.pl\/index.php\/produkt\/reig-wzmacniacz-minnie-mouse-195-x-16-x-19-cm-bluetooth-mikrofon-swiatla-z-dzwiekiem\/"},"modified":"2026-04-06T07:03:54","modified_gmt":"2026-04-06T05:03:54","slug":"reig-wzmacniacz-minnie-mouse-195-x-16-x-19-cm-bluetooth-mikrofon-swiatla-z-dzwiekiem","status":"publish","type":"product","link":"http:\/\/klubmamgdynia.pl\/index.php\/produkt\/reig-wzmacniacz-minnie-mouse-195-x-16-x-19-cm-bluetooth-mikrofon-swiatla-z-dzwiekiem\/","title":{"rendered":"Reig Wzmacniacz Minnie Mouse 19,5 X 16 X 19 Cm Bluetooth Mikrofon \u015awiat\u0142a Z D\u017awi\u0119kiem"},"content":{"rendered":"<h2>Reig Wzmacniacz Minnie Mouse 19,5 X 16 X 19 Cm Bluetooth Mikrofon \u015awiat\u0142a Z D\u017awi\u0119kiem REIG<\/h2>\n<p>eneduerabe, zagadki zagadki, trudne zadania matematyczne, dinozaur bajka, dziecko cytaty z\u0142ote my\u015bli, dobranoc pch\u0142y na noc, proste przepisy dla dzieci, wydarzenia dla dzieci warszawa, traktor z przyczep\u0105 kolorowanka, imi\u0119 mia, r\u00f3\u017ca imie, pomysly na prezent na roczek, pi\u0119kne cytaty o nauczycielach, quiz o bo\u017cym narodzeniu, niech \u017cyj\u0105 wakacje tekst<\/p>\n<p>yyyyy<\/p>\n<p>&nbsp;<\/p>\n","protected":false},"excerpt":{"rendered":"<p>Reig Wzmacniacz Minnie Mouse 19,5 X 16 X 19 Cm Bluetooth Mikrofon \u015awiat\u0142a Z D\u017awi\u0119kiem REIG eneduerabe, zagadki zagadki, trudne zadania matematyczne, dinozaur bajka, dziecko cytaty z\u0142ote my\u015bli, dobranoc pch\u0142y na noc, proste przepisy dla dzieci, wydarzenia dla dzieci warszawa, traktor z przyczep\u0105 kolorowanka, imi\u0119 mia, r\u00f3\u017ca imie, pomysly na prezent na roczek, pi\u0119kne cytaty [&hellip;]<\/p>\n","protected":false},"featured_media":4016,"comment_status":"closed","ping_status":"open","template":"","meta":[],"product_cat":[1172,155],"product_tag":[603,682,636,632],"class_list":["post-4015","product","type-product","status-publish","has-post-thumbnail","hentry","product_cat-reig","product_cat-zabawki-muzyczne","product_tag-bajki-do-czytania","product_tag-przyjazn-cytaty","product_tag-teksty-kolysanek","product_tag-warszawa-atrakcje-dla-mlodziezy"],"_links":{"self":[{"href":"http:\/\/klubmamgdynia.pl\/index.php\/wp-json\/wp\/v2\/product\/4015","targetHints":{"allow":["GET"]}}],"collection":[{"href":"http:\/\/klubmamgdynia.pl\/index.php\/wp-json\/wp\/v2\/product"}],"about":[{"href":"http:\/\/klubmamgdynia.pl\/index.php\/wp-json\/wp\/v2\/types\/product"}],"replies":[{"embeddable":true,"href":"http:\/\/klubmamgdynia.pl\/index.php\/wp-json\/wp\/v2\/comments?post=4015"}],"wp:featuredmedia":[{"embeddable":true,"href":"http:\/\/klubmamgdynia.pl\/index.php\/wp-json\/wp\/v2\/media\/4016"}],"wp:attachment":[{"href":"http:\/\/klubmamgdynia.pl\/index.php\/wp-json\/wp\/v2\/media?parent=4015"}],"wp:term":[{"taxonomy":"product_cat","embeddable":true,"href":"http:\/\/klubmamgdynia.pl\/index.php\/wp-json\/wp\/v2\/product_cat?post=4015"},{"taxonomy":"product_tag","embeddable":true,"href":"http:\/\/klubmamgdynia.pl\/index.php\/wp-json\/wp\/v2\/product_tag?post=4015"}],"curies":[{"name":"wp","href":"https:\/\/api.w.org\/{rel}","templated":true}]}}