{"id":4017,"date":"2017-12-19T15:36:38","date_gmt":"2017-12-19T14:36:38","guid":{"rendered":"http:\/\/klubmamgdynia.pl\/index.php\/produkt\/bayer-prosaro-250-ec-5l\/"},"modified":"2026-04-03T18:23:36","modified_gmt":"2026-04-03T16:23:36","slug":"bayer-prosaro-250-ec-5l","status":"publish","type":"product","link":"http:\/\/klubmamgdynia.pl\/index.php\/produkt\/bayer-prosaro-250-ec-5l\/","title":{"rendered":"Bayer Prosaro 250 EC 5L"},"content":{"rendered":"<p>PROSARO 250 EC jest \u015brodkiem grzybob\u00f3jczym w formie koncentratu do sporz\u0105dzania emulsji wodnej o dzia\u0142aniu uk\u0142adowym do stosowania zapobiegawczego i interwencyjnego oraz wyniszczaj\u0105cego w ochronie zb\u00f3\u017c ozimych i jarych przed chorobami grzybowymi. \u015arodek przeznaczony do stosowania przy u\u017cyciu opryskiwaczy polowych.Sporz\u0105dzanie cieczy u\u017cytkowej:Przed przyst\u0105pieniem do sporz\u0105dzania cieczy u\u017cytkowej dok\u0142adnie ustali\u0107 potrzebn\u0105 jej ilo\u015b\u0107. Zawarto\u015bci\u0105 opakowania przed u\u017cyciem wstrz\u0105sn\u0105\u0107. Odmierzon\u0105 ilo\u015b\u0107 \u015brodka wla\u0107 do zbiornika opryskiwacza nape\u0142nionego cz\u0119\u015bciowo wod\u0105 (z w\u0142\u0105czonym mieszad\u0142em) i uzupe\u0142ni\u0107 wod\u0105 do potrzebnej ilo\u015bci. Opryskiwa\u0107 z w\u0142\u0105czonym mieszad\u0142em. Po wlaniu \u015brodka do zbiornika opryskiwacza nie wyposa\u017conego w mieszad\u0142o hydrauliczne ciecz mechanicznie wymiesza\u0107. Opr\u00f3\u017cnione opakowania przep\u0142uka\u0107 trzykrotnie wod\u0105, a pop\u0142uczyny wla\u0107 do zbiornika opryskiwacza z ciecz\u0105 u\u017cytkow\u0105. Po pracy aparatur\u0119 dok\u0142adnie wymy\u0107.\u201eZe \u015brodk\u00f3w ochrony ro\u015blin nale\u017cy korzysta\u0107 z zachowaniem bezpiecze\u0144stwa. Przed ka\u017cdym u\u017cyciem przeczytaj informacje zamieszczone w etykiecie i informacje dotycz\u0105ce produktu. Nale\u017cy zwr\u00f3ci\u0107 uwag\u0119 na szczeg\u00f3\u0142owe wskazania dotycz\u0105ce ryzyka. Nale\u017cy stosowa\u0107 si\u0119 do zasad bezpiecze\u0144stwa zawartych w etykiecie\u201d&#8221;W przypadku Produkt\u00f3w b\u0119d\u0105cych \u015brodkami ochrony ro\u015blin w rozumieniu ustawy o \u015brodkach ochrony ro\u015blin z dnia 8 marca 2013 r. (Dz.U. 2013 poz. 455 ze zm.) oraz rozporz\u0105dzenia nr 1107\/2009 (Dz.U. 2011 nr 284 poz. 1673 ze zm.), z\u0142o\u017cy\u0107 Zam\u00f3wienie oraz by\u0107 stron\u0105 Umowy Sprzeda\u017cy mog\u0105 jedynie Klienci b\u0119d\u0105cy osobami fizycznymi posiadaj\u0105cymi pe\u0142n\u0105 zdolno\u015b\u0107 do czynno\u015bci prawnych oraz posiadaj\u0105cymi kwalifikacje wymagane od os\u00f3b nabywaj\u0105cych \u015brodki ochrony ro\u015blin okre\u015blone w art. 28 ustawy o \u015brodkach ochrony ro\u015blin z dnia 8 marca 2013 r. (Dz.U. 2013 poz. 455 ze zm.).&#8221;<\/p>\n<h2>Bayer Prosaro 250 EC 5L Bayer<\/h2>\n<p>prezent dla dziecka na roczek, kolorowanka pikachu, leon imi\u0119, co na prezent dla 7 latki, proste przepisy dla dzieci, film animowany o \u015bwi\u0119tach, roczek prezent, star wars kolorowanka, tabliczka mno\u017cenia kolorowanki do wydruku, zagadki matematyczne dla przedszkolak\u00f3w, by\u0142a sobie \u017cabka ma\u0142a tekst, dobre zagadki logiczne, malgorzata znaczenie imienia<\/p>\n<p>yyyyy<\/p>\n<p>&nbsp;<\/p>\n","protected":false},"excerpt":{"rendered":"<p>PROSARO 250 EC jest \u015brodkiem grzybob\u00f3jczym w formie koncentratu do sporz\u0105dzania emulsji wodnej o dzia\u0142aniu uk\u0142adowym do stosowania zapobiegawczego i interwencyjnego oraz wyniszczaj\u0105cego w ochronie zb\u00f3\u017c ozimych i jarych przed chorobami grzybowymi. \u015arodek przeznaczony do stosowania przy u\u017cyciu opryskiwaczy polowych.Sporz\u0105dzanie cieczy u\u017cytkowej:Przed przyst\u0105pieniem do sporz\u0105dzania cieczy u\u017cytkowej dok\u0142adnie ustali\u0107 potrzebn\u0105 jej ilo\u015b\u0107. Zawarto\u015bci\u0105 opakowania przed [&hellip;]<\/p>\n","protected":false},"featured_media":4018,"comment_status":"closed","ping_status":"open","template":"","meta":[],"product_cat":[1163,1141],"product_tag":[775,813,816,599],"class_list":["post-4017","product","type-product","status-publish","has-post-thumbnail","hentry","product_cat-bayer","product_cat-srodki-ochrony-roslin","product_tag-kolorowanki-do-druku-pokemon","product_tag-krotkie-zagadki-matematyczne-z-odpowiedziami","product_tag-place-zabaw-warszawa","product_tag-prezent-dla-nastolatkow-2021"],"_links":{"self":[{"href":"http:\/\/klubmamgdynia.pl\/index.php\/wp-json\/wp\/v2\/product\/4017","targetHints":{"allow":["GET"]}}],"collection":[{"href":"http:\/\/klubmamgdynia.pl\/index.php\/wp-json\/wp\/v2\/product"}],"about":[{"href":"http:\/\/klubmamgdynia.pl\/index.php\/wp-json\/wp\/v2\/types\/product"}],"replies":[{"embeddable":true,"href":"http:\/\/klubmamgdynia.pl\/index.php\/wp-json\/wp\/v2\/comments?post=4017"}],"wp:featuredmedia":[{"embeddable":true,"href":"http:\/\/klubmamgdynia.pl\/index.php\/wp-json\/wp\/v2\/media\/4018"}],"wp:attachment":[{"href":"http:\/\/klubmamgdynia.pl\/index.php\/wp-json\/wp\/v2\/media?parent=4017"}],"wp:term":[{"taxonomy":"product_cat","embeddable":true,"href":"http:\/\/klubmamgdynia.pl\/index.php\/wp-json\/wp\/v2\/product_cat?post=4017"},{"taxonomy":"product_tag","embeddable":true,"href":"http:\/\/klubmamgdynia.pl\/index.php\/wp-json\/wp\/v2\/product_tag?post=4017"}],"curies":[{"name":"wp","href":"https:\/\/api.w.org\/{rel}","templated":true}]}}