{"id":4019,"date":"2025-04-12T08:09:13","date_gmt":"2025-04-12T06:09:13","guid":{"rendered":"http:\/\/klubmamgdynia.pl\/?post_type=product&#038;p=4019"},"modified":"2026-04-03T20:29:13","modified_gmt":"2026-04-03T18:29:13","slug":"pidzamersi-pj-masks-zestaw-pieczatki-stempelki-3pak","status":"publish","type":"product","link":"http:\/\/klubmamgdynia.pl\/index.php\/produkt\/pidzamersi-pj-masks-zestaw-pieczatki-stempelki-3pak\/","title":{"rendered":"Pid\u017camersi Pj Masks Zestaw Piecz\u0105tki Stempelki 3pak"},"content":{"rendered":"<p>Piecz\u0105tki figurki Pid\u017camersi PjMasks 3 szt ZA3019<\/p>\n<h2>Pid\u017camersi Pj Masks Zestaw Piecz\u0105tki Stempelki 3pak Goliath<\/h2>\n<p>stare bajki, lol surprise kolorowanka, lokomotywa kolorowanka, podchwytliwe zagadki dla doros\u0142ych, zagadki z odpowiedziami dla dzieci, wr\u00f3\u017cby andrzejkowe kolory, najpi\u0119kniejsze cytaty o przyja\u017ani<\/p>\n<p>yyyyy<\/p>\n<p>&nbsp;<\/p>\n","protected":false},"excerpt":{"rendered":"<p>Piecz\u0105tki figurki Pid\u017camersi PjMasks 3 szt ZA3019 Pid\u017camersi Pj Masks Zestaw Piecz\u0105tki Stempelki 3pak Goliath stare bajki, lol surprise kolorowanka, lokomotywa kolorowanka, podchwytliwe zagadki dla doros\u0142ych, zagadki z odpowiedziami dla dzieci, wr\u00f3\u017cby andrzejkowe kolory, najpi\u0119kniejsze cytaty o przyja\u017ani yyyyy &nbsp;<\/p>\n","protected":false},"featured_media":4020,"comment_status":"closed","ping_status":"open","template":"","meta":[],"product_cat":[1173,325],"product_tag":[720,609,793],"class_list":["post-4019","product","type-product","status-publish","has-post-thumbnail","hentry","product_cat-goliath","product_cat-szkolne-artykuly-papiernicze","product_tag-malowanki","product_tag-quiz-flagi-europy","product_tag-zagadki-smieszne-podchwytliwe"],"_links":{"self":[{"href":"http:\/\/klubmamgdynia.pl\/index.php\/wp-json\/wp\/v2\/product\/4019","targetHints":{"allow":["GET"]}}],"collection":[{"href":"http:\/\/klubmamgdynia.pl\/index.php\/wp-json\/wp\/v2\/product"}],"about":[{"href":"http:\/\/klubmamgdynia.pl\/index.php\/wp-json\/wp\/v2\/types\/product"}],"replies":[{"embeddable":true,"href":"http:\/\/klubmamgdynia.pl\/index.php\/wp-json\/wp\/v2\/comments?post=4019"}],"wp:featuredmedia":[{"embeddable":true,"href":"http:\/\/klubmamgdynia.pl\/index.php\/wp-json\/wp\/v2\/media\/4020"}],"wp:attachment":[{"href":"http:\/\/klubmamgdynia.pl\/index.php\/wp-json\/wp\/v2\/media?parent=4019"}],"wp:term":[{"taxonomy":"product_cat","embeddable":true,"href":"http:\/\/klubmamgdynia.pl\/index.php\/wp-json\/wp\/v2\/product_cat?post=4019"},{"taxonomy":"product_tag","embeddable":true,"href":"http:\/\/klubmamgdynia.pl\/index.php\/wp-json\/wp\/v2\/product_tag?post=4019"}],"curies":[{"name":"wp","href":"https:\/\/api.w.org\/{rel}","templated":true}]}}