{"id":4021,"date":"2022-07-22T22:36:14","date_gmt":"2022-07-22T20:36:14","guid":{"rendered":"http:\/\/klubmamgdynia.pl\/index.php\/produkt\/lisciani-giochi-maly-geniusz-wielkie-laboratorium-100-eksp-304p54800\/"},"modified":"2026-04-06T07:47:16","modified_gmt":"2026-04-06T05:47:16","slug":"lisciani-giochi-maly-geniusz-wielkie-laboratorium-100-eksp-304p54800","status":"publish","type":"product","link":"http:\/\/klubmamgdynia.pl\/index.php\/produkt\/lisciani-giochi-maly-geniusz-wielkie-laboratorium-100-eksp-304p54800\/","title":{"rendered":"Lisciani Giochi Ma\u0142y Geniusz Wielkie Laboratorium 100 eksp. 304P54800"},"content":{"rendered":"<p>Wybierz si\u0119 w wyj\u0105tkowo interesuj\u0105ca podr\u00f3\u017c do \u015bwiata nauki z zestawem Wielkie laboratorium &#8211; 100 pierwszych eksperyment\u00f3w LISCIANI. Ten bogaty zestaw umo\u017cliwi Ci wykonanie do\u015bwiadcze\u0144 z zakresu chemii, fizyki, botaniki czy optyki. Przekonaj si\u0119, ze nauka nie jest nudna! Nagrod\u0105 za ka\u017cdy poprawnie wykonany eksperyment s\u0105 naklejki, kt\u00f3rymi wykleisz tablic\u0119 osi\u0105gni\u0119\u0107. Stworzysz w ten spos\u00f3b swoj\u0105 wyj\u0105tkow\u0105, naukow\u0105 map\u0119!Wspania\u0142y zestaw Wielkie laboratorium LISCIANI zapewni dziecku niezwykle kreatywne zaj\u0119cie na bardzo d\u0142ugi czas. W opakowaniu znajduj\u0105 si\u0119 niezb\u0119dne akcesoria, kt\u00f3re umo\u017cliwi\u0105 przeprowadzenie interesuj\u0105cych eksperyment\u00f3w. Ilustrowany przewodnik b\u0119dzie cennym \u017ar\u00f3d\u0142em informacji i licznych, dotycz\u0105cych do\u015bwiadcze\u0144 wskaz\u00f3wek, a kolorowa plansza \u015bledzenie post\u0119p\u00f3w w nauce. Ca\u0142kowicie bezpieczne sk\u0142adniki gwarantuj\u0105 bezpieczn\u0105, wspania\u0142\u0105 zabaw\u0119. Zagadnienia i do\u015bwiadczenia z zakresu fizyki, chemii, optyki, botaniki czy nauk o ziemi b\u0119d\u0105 cennym \u017ar\u00f3d\u0142em wiedzy dla ka\u017cdego ucznia.Wielkie laboratorium &#8211; 100 pierwszych eksperyment\u00f3w LISCIANI wprowadzi dziecko w fascynuj\u0105cy \u015bwiat nauki i umo\u017cliwi przeprowadzenie ciekawych eksperyment\u00f3w. Podczas do\u015bwiadcze\u0144 dziecko rozwija kreatywno\u015b\u0107, trenuje spostrzegawczo\u015b\u0107 oraz koncentracj\u0119. Uczy si\u0119 odczytywania i pod\u0105\u017cania za wskaz\u00f3wkami. Zabawa to doskona\u0142y trening motoryki i koordynacji wzrokowo-ruchowej. Przede wszystkim jednak to niezwyk\u0142a frajda! Wykorzystane w zestawie materia\u0142y s\u0105 ca\u0142kowicie bezpieczne dla Twojego dziecka, pod warunkiem post\u0119powania i u\u017cytkowania zgodnie z zaleceniami producenta.W opakowaniu znajduj\u0105 si\u0119:odczynniki chemiczneko\u0142a z\u0119bate i \u015brubkimodel wulkanupodstawa pod ogr\u00f3dek, doniczka, torf, nasionab\u0105czek tablica i mapa naukipojemniki z przykrywkamistrzykawkamiseczka i \u0142opatkawyci\u0119ta posta\u0107pipetas\u0142omkir\u0119kawiczki i okulary ochronne2 butelki i \u0142\u0105cznik2 balonikilusterka i podstawkiilustrowany przewodniknaklejkiprodukt nowy, oryginalnie zapakowanyprzeznaczony dla dzieci od 8 roku \u017cyciaFirma LISCIANI rozpocz\u0119\u0142a swoj\u0105 dzia\u0142alno\u015b\u0107 pod koniec lat osiemdziesi\u0105tych ubieg\u0142ego wieku w mie\u015bcie Teramo w rejonie Abruzzo. G\u0142\u00f3wnym za\u0142o\u017ceniem producenta jest nauka poprzez zabaw\u0119. Wszystkie produkty od ksi\u0105\u017cek, zabawek i gier edukacyjnych, po produkty rekreacyjne obj\u0119te s\u0105 starann\u0105 opiek\u0105 redakcyjn\u0105 i zawieraj\u0105 wysokiej jako\u015bci warto\u015bci edukacyjne. Wykonane s\u0105 ze starannie dobranych materia\u0142\u00f3w produkcyjnych, dzi\u0119ki czemu spe\u0142niaj\u0105 rygorystyczne normy bezpiecze\u0144stwa. W bogatej ofercie znajdziemy innowacyjne rozwi\u0105zania, jak linia produkt\u00f3w hi-tech oraz trzy animowane serie Carotina Super Big, a nawet znanych i lubianych bohater\u00f3w bajek. Wysokiej jako\u015bci zabawki s\u0105 cenione przez ma\u0142ych u\u017cytkownik\u00f3w oraz rodzic\u00f3w i pedagog\u00f3w na ca\u0142ym \u015bwiecie.<\/p>\n<h2>Lisciani Giochi Ma\u0142y Geniusz Wielkie Laboratorium 100 eksp. 304P54800 Lisciani Giochi<\/h2>\n<p>prezent dla nastolatk\u00f3w ch\u0142opc\u00f3w, podchwytliwe zagadki i odpowiedzi, warszawa dzieci, prima aprilis zarty, narysowa\u0107 rysunki \u0142atwe<\/p>\n<p>yyyyy<\/p>\n<p>&nbsp;<\/p>\n","protected":false},"excerpt":{"rendered":"<p>Wybierz si\u0119 w wyj\u0105tkowo interesuj\u0105ca podr\u00f3\u017c do \u015bwiata nauki z zestawem Wielkie laboratorium &#8211; 100 pierwszych eksperyment\u00f3w LISCIANI. Ten bogaty zestaw umo\u017cliwi Ci wykonanie do\u015bwiadcze\u0144 z zakresu chemii, fizyki, botaniki czy optyki. Przekonaj si\u0119, ze nauka nie jest nudna! Nagrod\u0105 za ka\u017cdy poprawnie wykonany eksperyment s\u0105 naklejki, kt\u00f3rymi wykleisz tablic\u0119 osi\u0105gni\u0119\u0107. Stworzysz w ten spos\u00f3b [&hellip;]<\/p>\n","protected":false},"featured_media":4022,"comment_status":"closed","ping_status":"open","template":"","meta":[],"product_cat":[553,72],"product_tag":[680,605,773,869],"class_list":["post-4021","product","type-product","status-publish","has-post-thumbnail","hentry","product_cat-lisciani-giochi","product_cat-mali-naukowcy","product_tag-cytaty-z-malego-ksiecia","product_tag-milena","product_tag-test-z-lektury-opowiesci-z-narnii-lew-czarownica-i-stara-szafa","product_tag-zagadki-na-logike"],"_links":{"self":[{"href":"http:\/\/klubmamgdynia.pl\/index.php\/wp-json\/wp\/v2\/product\/4021","targetHints":{"allow":["GET"]}}],"collection":[{"href":"http:\/\/klubmamgdynia.pl\/index.php\/wp-json\/wp\/v2\/product"}],"about":[{"href":"http:\/\/klubmamgdynia.pl\/index.php\/wp-json\/wp\/v2\/types\/product"}],"replies":[{"embeddable":true,"href":"http:\/\/klubmamgdynia.pl\/index.php\/wp-json\/wp\/v2\/comments?post=4021"}],"wp:featuredmedia":[{"embeddable":true,"href":"http:\/\/klubmamgdynia.pl\/index.php\/wp-json\/wp\/v2\/media\/4022"}],"wp:attachment":[{"href":"http:\/\/klubmamgdynia.pl\/index.php\/wp-json\/wp\/v2\/media?parent=4021"}],"wp:term":[{"taxonomy":"product_cat","embeddable":true,"href":"http:\/\/klubmamgdynia.pl\/index.php\/wp-json\/wp\/v2\/product_cat?post=4021"},{"taxonomy":"product_tag","embeddable":true,"href":"http:\/\/klubmamgdynia.pl\/index.php\/wp-json\/wp\/v2\/product_tag?post=4021"}],"curies":[{"name":"wp","href":"https:\/\/api.w.org\/{rel}","templated":true}]}}