{"id":4025,"date":"2015-12-07T07:23:57","date_gmt":"2015-12-07T06:23:57","guid":{"rendered":"http:\/\/klubmamgdynia.pl\/index.php\/produkt\/little-recznik-kapielowy-z-kapturem-mis-80x80-cm-niebieski-80x80cm\/"},"modified":"2026-05-17T22:30:05","modified_gmt":"2026-05-17T20:30:05","slug":"little-recznik-kapielowy-z-kapturem-mis-80x80-cm-niebieski-80x80cm","status":"publish","type":"product","link":"http:\/\/klubmamgdynia.pl\/index.php\/produkt\/little-recznik-kapielowy-z-kapturem-mis-80x80-cm-niebieski-80x80cm\/","title":{"rendered":"Little R\u0119cznik K\u0105pielowy Z Kapturem Mi\u015b 80X80 Cm, Niebieski &#8211; 80X80Cm"},"content":{"rendered":"<p>Pi\u0119kny r\u0119cznik k\u0105pielowy z kapturem w gwiazdki print wykonany z mi\u0119kkiej i przyjemnej w dotyku bawe\u0142ny. Poncho mo\u017cna szybko i \u0142atwo naci\u0105gn\u0105\u0107 na siebie po p\u0142ywaniu aden lub pluskaniu si\u0119 w wodzie, co czyni je praktycznym towarzyszem wizyt na basenie lub pla\u017cy. Tw\u00f3j maluch z pewno\u015bci\u0105 b\u0119dzie si\u0119 czu\u0142 komfortowo w mi\u0119kkim i ch\u0142onnym bawe\u0142nianym r\u0119czniku. Szczeg\u00f3\u0142y produktu Kaptur wymiary: 80 x 80cm 100% bawe\u0142na Pranie w pralce w 60 \u00b0C Nadaje si\u0119 do suszenia w suszarce b\u0119bnowej Testowane na obecno\u015b\u0107 substancji szkodliwych zgodnie z \u00d6kotex\u00ae Standard 100<\/p>\n<h2>Little R\u0119cznik K\u0105pielowy Z Kapturem Mi\u015b 80X80 Cm, Niebieski &#8211; 80X80Cm Little<\/h2>\n<p>zabawy dla 10 latk\u00f3w, tymoteusz znaczenie imienia, jad\u0105 jad\u0105 misie tekst, adriana imi\u0119, sentencje o dzieciach, zagadki nie do rozwi\u0105zania, zabawka na roczek dla dziewczynki, cytaty na dzien dziecka<\/p>\n<p>yyyyy<\/p>\n<p>&nbsp;<\/p>\n","protected":false},"excerpt":{"rendered":"<p>Pi\u0119kny r\u0119cznik k\u0105pielowy z kapturem w gwiazdki print wykonany z mi\u0119kkiej i przyjemnej w dotyku bawe\u0142ny. Poncho mo\u017cna szybko i \u0142atwo naci\u0105gn\u0105\u0107 na siebie po p\u0142ywaniu aden lub pluskaniu si\u0119 w wodzie, co czyni je praktycznym towarzyszem wizyt na basenie lub pla\u017cy. Tw\u00f3j maluch z pewno\u015bci\u0105 b\u0119dzie si\u0119 czu\u0142 komfortowo w mi\u0119kkim i ch\u0142onnym bawe\u0142nianym [&hellip;]<\/p>\n","protected":false},"featured_media":4026,"comment_status":"closed","ping_status":"open","template":"","meta":[],"product_cat":[1101,30],"product_tag":[809,849,600],"class_list":["post-4025","product","type-product","status-publish","has-post-thumbnail","hentry","product_cat-little","product_cat-reczniki-i-okrycia-kapielowe","product_tag-zagadki","product_tag-zagadki-matematyczne-dla-dzieci","product_tag-zaproszenia-na-urodziny-do-druku"],"_links":{"self":[{"href":"http:\/\/klubmamgdynia.pl\/index.php\/wp-json\/wp\/v2\/product\/4025","targetHints":{"allow":["GET"]}}],"collection":[{"href":"http:\/\/klubmamgdynia.pl\/index.php\/wp-json\/wp\/v2\/product"}],"about":[{"href":"http:\/\/klubmamgdynia.pl\/index.php\/wp-json\/wp\/v2\/types\/product"}],"replies":[{"embeddable":true,"href":"http:\/\/klubmamgdynia.pl\/index.php\/wp-json\/wp\/v2\/comments?post=4025"}],"wp:featuredmedia":[{"embeddable":true,"href":"http:\/\/klubmamgdynia.pl\/index.php\/wp-json\/wp\/v2\/media\/4026"}],"wp:attachment":[{"href":"http:\/\/klubmamgdynia.pl\/index.php\/wp-json\/wp\/v2\/media?parent=4025"}],"wp:term":[{"taxonomy":"product_cat","embeddable":true,"href":"http:\/\/klubmamgdynia.pl\/index.php\/wp-json\/wp\/v2\/product_cat?post=4025"},{"taxonomy":"product_tag","embeddable":true,"href":"http:\/\/klubmamgdynia.pl\/index.php\/wp-json\/wp\/v2\/product_tag?post=4025"}],"curies":[{"name":"wp","href":"https:\/\/api.w.org\/{rel}","templated":true}]}}