{"id":4027,"date":"2022-01-25T15:38:12","date_gmt":"2022-01-25T14:38:12","guid":{"rendered":"http:\/\/klubmamgdynia.pl\/index.php\/produkt\/fiskars-x25-ostrzalka-122480120740\/"},"modified":"2026-04-21T23:44:13","modified_gmt":"2026-04-21T21:44:13","slug":"fiskars-x25-ostrzalka-122480120740","status":"publish","type":"product","link":"http:\/\/klubmamgdynia.pl\/index.php\/produkt\/fiskars-x25-ostrzalka-122480120740\/","title":{"rendered":"Fiskars X25 + Ostrza\u0142ka (122480+120740)"},"content":{"rendered":"<p>Siekiera roz\u0142upuj\u0105ca X25 + ostrza\u0142ka<\/p>\n<p>Siekiera Fiskars x25Do roz\u0142upywania du\u017cych pni o \u015brednicy &gt; 30 cm. Najcz\u0119\u015bciej wybierany model. Wytrzyma\u0142e ostrze daje mo\u017cliwo\u015b\u0107 roz\u0142upywania nawet bardzo du\u017cych pni. Efektywne wykorzystanie wymaga pewnej wprawy.Ostrza\u0142ka Fiskars XsharpOstrza\u0142ka Fiskars XSharp\u2122 stanowi nieodzowny element zestawu narz\u0119dzi ogrodowych. Jest \u0142atwa w obs\u0142udze, skuteczna i zapewnia doskona\u0142y szlif ostrzy siekier i no\u017cy.Antypo\u015blizgowa podstawa gwarantuje bezpiecze\u0144stwo podczas ostrzenia.Regularne g\u0142adzenie ostrza gwarantuje jego skuteczno\u015b\u0107 i bezpiecze\u0144stwo pracy2 w 1: ceramiczne kamienie szlifierskie doskonale ostrz\u0105 siekiery i no\u017ceZastosowany mechanizm oraz odpowiednie u\u0142o\u017cenie kamieni zapewnia prawid\u0142owy k\u0105t ostrzeniaBezpieczna podczas u\u017cytkowania\u00a0\u0141atwa do utrzymania w czysto\u015bci<\/p>\n<h2>Fiskars X25 + Ostrza\u0142ka (122480+120740) Fiskars<\/h2>\n<p>bezwarunkowa mi\u0142o\u015b\u0107 do dziecka cytaty, jagna imi\u0119, karteczki wydruku wr\u00f3\u017cby andrzejkowe dla dzieci, prezenty dla nastolatki, na roczek, atrakcje dla dzieci trojmiasto, choinka kolorowanka szablon, mi\u0142osz imie, test z lektury magiczne drzewo czerwone krzes\u0142o, darmowe quizy, prezenty dla nastolatkow, konkurencje sportowe dla dzieci, wiersz o g\u00f3rniku, quiz opowie\u015bci z narnii, quiz o hejka tu lenka, pomys\u0142 na prezent dla 15 latki, wystawy dla dzieci warszawa, cytaty korczak, \u015bwi\u0119ty przemys\u0142aw, kolorowanki do druku super zings, kolorowanka antystresowa<\/p>\n<p>yyyyy<\/p>\n<p>&nbsp;<\/p>\n","protected":false},"excerpt":{"rendered":"<p>Siekiera roz\u0142upuj\u0105ca X25 + ostrza\u0142ka Siekiera Fiskars x25Do roz\u0142upywania du\u017cych pni o \u015brednicy &gt; 30 cm. Najcz\u0119\u015bciej wybierany model. Wytrzyma\u0142e ostrze daje mo\u017cliwo\u015b\u0107 roz\u0142upywania nawet bardzo du\u017cych pni. Efektywne wykorzystanie wymaga pewnej wprawy.Ostrza\u0142ka Fiskars XsharpOstrza\u0142ka Fiskars XSharp\u2122 stanowi nieodzowny element zestawu narz\u0119dzi ogrodowych. Jest \u0142atwa w obs\u0142udze, skuteczna i zapewnia doskona\u0142y szlif ostrzy siekier i [&hellip;]<\/p>\n","protected":false},"featured_media":4028,"comment_status":"closed","ping_status":"open","template":"","meta":[],"product_cat":[1051,1052],"product_tag":[776,659,634,633],"class_list":["post-4027","product","type-product","status-publish","has-post-thumbnail","hentry","product_cat-fiskars","product_cat-siekiery","product_tag-dobrej-nocy","product_tag-tupu-tup-po-sniegu-tekst","product_tag-zagadki-wielkanocne-dla-dzieci","product_tag-zagadki-z-odpowiedziami"],"_links":{"self":[{"href":"http:\/\/klubmamgdynia.pl\/index.php\/wp-json\/wp\/v2\/product\/4027","targetHints":{"allow":["GET"]}}],"collection":[{"href":"http:\/\/klubmamgdynia.pl\/index.php\/wp-json\/wp\/v2\/product"}],"about":[{"href":"http:\/\/klubmamgdynia.pl\/index.php\/wp-json\/wp\/v2\/types\/product"}],"replies":[{"embeddable":true,"href":"http:\/\/klubmamgdynia.pl\/index.php\/wp-json\/wp\/v2\/comments?post=4027"}],"wp:featuredmedia":[{"embeddable":true,"href":"http:\/\/klubmamgdynia.pl\/index.php\/wp-json\/wp\/v2\/media\/4028"}],"wp:attachment":[{"href":"http:\/\/klubmamgdynia.pl\/index.php\/wp-json\/wp\/v2\/media?parent=4027"}],"wp:term":[{"taxonomy":"product_cat","embeddable":true,"href":"http:\/\/klubmamgdynia.pl\/index.php\/wp-json\/wp\/v2\/product_cat?post=4027"},{"taxonomy":"product_tag","embeddable":true,"href":"http:\/\/klubmamgdynia.pl\/index.php\/wp-json\/wp\/v2\/product_tag?post=4027"}],"curies":[{"name":"wp","href":"https:\/\/api.w.org\/{rel}","templated":true}]}}