{"id":4029,"date":"2021-09-16T16:35:08","date_gmt":"2021-09-16T14:35:08","guid":{"rendered":"http:\/\/klubmamgdynia.pl\/index.php\/produkt\/hipp-bio-tubka-mus-jablka-gruszki-banany-6x100g\/"},"modified":"2026-04-06T11:45:59","modified_gmt":"2026-04-06T09:45:59","slug":"hipp-bio-tubka-mus-jablka-gruszki-banany-6x100g","status":"publish","type":"product","link":"http:\/\/klubmamgdynia.pl\/index.php\/produkt\/hipp-bio-tubka-mus-jablka-gruszki-banany-6x100g\/","title":{"rendered":"Hipp Bio Tubka Mus Jab\u0142ka-Gruszki-Banany 6x100g"},"content":{"rendered":"<p>HiPP BIO Mus owocowy 100% owoc\u00f3w po 6. miesi\u0105cu jab\u0142ka-gruszki-banany 6x100gMusy owocowe i owocowo-warzywne HiPP BIO powsta\u0142y z wy\u0142\u0105cznie najlepszych sk\u0142adnik\u00f3w pochodz\u0105cych z certyfikowanych gospodarstw ekologicznych. Zabawna, kolorowa tubka na pewno przyci\u0105gnie wzrok Twojej pociechy, jest te\u017c niezwykle praktyczna. Bez dodatku cukru.Sk\u0142adnikiowoce* 100% (jab\u0142ka* 40%, gruszki* 40%, banany* 20%)*z rolnictwa ekologicznegoTekst dotycz\u0105cy alergen\u00f3wProdukt bezglutenowyZalecamy podawanie musu \u0142y\u017ceczk\u0105.Wa\u017cne: cz\u0119sty lub d\u0142ugotrwa\u0142y kontakt z\u0105bk\u00f3w z musem owocowym podczas ssania tubki mo\u017ce powodowa\u0107 pr\u00f3chnic\u0119.Dlatego:- mus najlepiej podawaj \u0142y\u017ceczk\u0105 i nie dopuszczaj do cz\u0119stego i d\u0142ugotrwa\u0142ego ssania tubki- zalecamy podawanie musu \u0142y\u017ceczk\u0105 w celu ochrony z\u0105bk\u00f3w oraz kszta\u0142towania odpowiednich nawyk\u00f3w \u017cywieniowych- zadbaj o regularn\u0105 higien\u0119 jamy ustnej swojego dziecka ju\u017c od pierwszego z\u0105bkaPrzed u\u017cyciem upewnij si\u0119, \u017ce opakowanie nie zosta\u0142o naruszone. Nie pozw\u00f3l dziecku bawi\u0107 si\u0119 tubk\u0105 ani zakr\u0119tk\u0105.<\/p>\n<h2>Hipp Bio Tubka Mus Jab\u0142ka-Gruszki-Banany 6x100g Hipp<\/h2>\n<p>kotek kolorowanka do druku, jak rozmawia\u0107 z dzie\u0107mi o wojnie, zabawy z 7 latkiem, adriana imie, cytaty dla nauczycieli, \u017cyczenia wielkanocne dla dzieci kr\u00f3tkie, miko\u0142ajek quiz, quiz bajki, pia<\/p>\n<p>yyyyy<\/p>\n<p>&nbsp;<\/p>\n","protected":false},"excerpt":{"rendered":"<p>HiPP BIO Mus owocowy 100% owoc\u00f3w po 6. miesi\u0105cu jab\u0142ka-gruszki-banany 6x100gMusy owocowe i owocowo-warzywne HiPP BIO powsta\u0142y z wy\u0142\u0105cznie najlepszych sk\u0142adnik\u00f3w pochodz\u0105cych z certyfikowanych gospodarstw ekologicznych. Zabawna, kolorowa tubka na pewno przyci\u0105gnie wzrok Twojej pociechy, jest te\u017c niezwykle praktyczna. Bez dodatku cukru.Sk\u0142adnikiowoce* 100% (jab\u0142ka* 40%, gruszki* 40%, banany* 20%)*z rolnictwa ekologicznegoTekst dotycz\u0105cy alergen\u00f3wProdukt bezglutenowyZalecamy podawanie [&hellip;]<\/p>\n","protected":false},"featured_media":4030,"comment_status":"closed","ping_status":"open","template":"","meta":[],"product_cat":[112,66],"product_tag":[714,812,779],"class_list":["post-4029","product","type-product","status-publish","has-post-thumbnail","hentry","product_cat-deserki-dla-dzieci","product_cat-hipp","product_tag-zagadki-logiczne","product_tag-zagadki-logiczne-na-inteligencje","product_tag-zarty-na-prima-aprilis-w-domu"],"_links":{"self":[{"href":"http:\/\/klubmamgdynia.pl\/index.php\/wp-json\/wp\/v2\/product\/4029","targetHints":{"allow":["GET"]}}],"collection":[{"href":"http:\/\/klubmamgdynia.pl\/index.php\/wp-json\/wp\/v2\/product"}],"about":[{"href":"http:\/\/klubmamgdynia.pl\/index.php\/wp-json\/wp\/v2\/types\/product"}],"replies":[{"embeddable":true,"href":"http:\/\/klubmamgdynia.pl\/index.php\/wp-json\/wp\/v2\/comments?post=4029"}],"wp:featuredmedia":[{"embeddable":true,"href":"http:\/\/klubmamgdynia.pl\/index.php\/wp-json\/wp\/v2\/media\/4030"}],"wp:attachment":[{"href":"http:\/\/klubmamgdynia.pl\/index.php\/wp-json\/wp\/v2\/media?parent=4029"}],"wp:term":[{"taxonomy":"product_cat","embeddable":true,"href":"http:\/\/klubmamgdynia.pl\/index.php\/wp-json\/wp\/v2\/product_cat?post=4029"},{"taxonomy":"product_tag","embeddable":true,"href":"http:\/\/klubmamgdynia.pl\/index.php\/wp-json\/wp\/v2\/product_tag?post=4029"}],"curies":[{"name":"wp","href":"https:\/\/api.w.org\/{rel}","templated":true}]}}