{"id":4031,"date":"2016-03-10T13:39:57","date_gmt":"2016-03-10T12:39:57","guid":{"rendered":"http:\/\/klubmamgdynia.pl\/index.php\/produkt\/lullalove-pieluszka-muslinowa-blue\/"},"modified":"2026-04-06T09:57:34","modified_gmt":"2026-04-06T07:57:34","slug":"lullalove-pieluszka-muslinowa-blue","status":"publish","type":"product","link":"http:\/\/klubmamgdynia.pl\/index.php\/produkt\/lullalove-pieluszka-muslinowa-blue\/","title":{"rendered":"Lullalove Pieluszka Mu\u015blinowa Blue"},"content":{"rendered":"<p>Wielofunkcyjna, bardzo praktyczna mu\u015blinowa pieluszka, kt\u00f3r\u0105 zawsze warto mie\u0107 pod r\u0119k\u0105.Zapewni komfort podczas karmienia, odbijania, mycia czy snu dziecka.Materia\u0142 jest niezwykle delikatny i przewiewny.Do kompletu mo\u017cna dobra\u0107 poduszeczk\u0119 czy cieplejsz\u0105 ko\u0142derk\u0119 do w\u00f3zka i \u0142\u00f3\u017ceczka.Produkt posiadaj najwy\u017cszy certyfikat Oeko-Tex standard 100, co gwarantuje bezpiecze\u0144stwo u\u017cytkowania.Sk\u0142ad: wiskoza bambusowa (40%), bawe\u0142na (60%).Wymiary: 30 x 30 cm.<\/p>\n<h2>Lullalove Pieluszka Mu\u015blinowa Blue Lullalove<\/h2>\n<p>warszawa atrakcje dla dzieci, matematyczne zagadki, maurycy, m\u0105dre prezenty dla 7 latki, pierwszy obudzi\u0142 si\u0119 pierwiosnek tekst, wiersz o g\u00f3rniku, malowanki piesek, zagadki na logik\u0119, bajki na dobranoc dla dzieci, karty pracy dla dzieci z ukrainy do druku, testy z lektury opowie\u015bci z narnii lew czarownica i stara szafa, leonardo imi\u0119, rysunki do druku, upominek dla nastolatk\u00f3w, kolorowanka traktor, jak rozmawia\u0107 z dzie\u0107mi o wojnie, andrea, zagadki na logiczne my\u015blenie, my little pony kolorowanki<\/p>\n<p>yyyyy<\/p>\n<p>&nbsp;<\/p>\n","protected":false},"excerpt":{"rendered":"<p>Wielofunkcyjna, bardzo praktyczna mu\u015blinowa pieluszka, kt\u00f3r\u0105 zawsze warto mie\u0107 pod r\u0119k\u0105.Zapewni komfort podczas karmienia, odbijania, mycia czy snu dziecka.Materia\u0142 jest niezwykle delikatny i przewiewny.Do kompletu mo\u017cna dobra\u0107 poduszeczk\u0119 czy cieplejsz\u0105 ko\u0142derk\u0119 do w\u00f3zka i \u0142\u00f3\u017ceczka.Produkt posiadaj najwy\u017cszy certyfikat Oeko-Tex standard 100, co gwarantuje bezpiecze\u0144stwo u\u017cytkowania.Sk\u0142ad: wiskoza bambusowa (40%), bawe\u0142na (60%).Wymiary: 30 x 30 cm. Lullalove [&hellip;]<\/p>\n","protected":false},"featured_media":4032,"comment_status":"closed","ping_status":"open","template":"","meta":[],"product_cat":[1174,17],"product_tag":[603,610,692],"class_list":["post-4031","product","type-product","status-publish","has-post-thumbnail","hentry","product_cat-lullalove","product_cat-pieluchy","product_tag-bajki-do-czytania","product_tag-co-na-prezent-dla-nastolatkow","product_tag-prezenty-na-roczek"],"_links":{"self":[{"href":"http:\/\/klubmamgdynia.pl\/index.php\/wp-json\/wp\/v2\/product\/4031","targetHints":{"allow":["GET"]}}],"collection":[{"href":"http:\/\/klubmamgdynia.pl\/index.php\/wp-json\/wp\/v2\/product"}],"about":[{"href":"http:\/\/klubmamgdynia.pl\/index.php\/wp-json\/wp\/v2\/types\/product"}],"replies":[{"embeddable":true,"href":"http:\/\/klubmamgdynia.pl\/index.php\/wp-json\/wp\/v2\/comments?post=4031"}],"wp:featuredmedia":[{"embeddable":true,"href":"http:\/\/klubmamgdynia.pl\/index.php\/wp-json\/wp\/v2\/media\/4032"}],"wp:attachment":[{"href":"http:\/\/klubmamgdynia.pl\/index.php\/wp-json\/wp\/v2\/media?parent=4031"}],"wp:term":[{"taxonomy":"product_cat","embeddable":true,"href":"http:\/\/klubmamgdynia.pl\/index.php\/wp-json\/wp\/v2\/product_cat?post=4031"},{"taxonomy":"product_tag","embeddable":true,"href":"http:\/\/klubmamgdynia.pl\/index.php\/wp-json\/wp\/v2\/product_tag?post=4031"}],"curies":[{"name":"wp","href":"https:\/\/api.w.org\/{rel}","templated":true}]}}