{"id":4035,"date":"2018-02-03T02:39:52","date_gmt":"2018-02-03T01:39:52","guid":{"rendered":"http:\/\/klubmamgdynia.pl\/index.php\/produkt\/done-by-deer-pieluchy-gazowane-morskie-friends-3-pak-70x70cm\/"},"modified":"2026-05-17T22:18:09","modified_gmt":"2026-05-17T20:18:09","slug":"done-by-deer-pieluchy-gazowane-morskie-friends-3-pak-70x70cm","status":"publish","type":"product","link":"http:\/\/klubmamgdynia.pl\/index.php\/produkt\/done-by-deer-pieluchy-gazowane-morskie-friends-3-pak-70x70cm\/","title":{"rendered":"Done By Deer Pieluchy Gazowane Morskie Friends 3-Pak 70X70Cm"},"content":{"rendered":"<p>Szczeg\u00f3\u0142y produktu: Zestaw 3 spluwaczek Urocze morze- Print Wygodny, oddychaj\u0105cy i praktyczny Kolory: musztarda, ziele\u0144, b\u0142\u0119kit, odcienie pudru i be\u017cu Wygl\u0105d wafla Materia\u0142 i wskaz\u00f3wki dotycz\u0105ce piel\u0119gnacji: Materia\u0142: 100% bawe\u0142na organiczna Mo\u017cna pra\u0107 w temperaturze do 60 \u00b0C Nie nadaje si\u0119 do suszenia w suszarce b\u0119bnowej Wymiary: 70 x 70 cm<\/p>\n<h2>Done By Deer Pieluchy Gazowane Morskie Friends 3-Pak 70X70Cm Done by Deer<\/h2>\n<p>test z lektury pies kt\u00f3ry je\u017adzi\u0142 kolej\u0105, kawa\u0142 na prima aprilis, quizy dla dzieci z bajek, kr\u00f3tkie zagadki logiczne, quiz bajki, papuga kolorowanka, bursztynek<\/p>\n<p>yyyyy<\/p>\n<p>&nbsp;<\/p>\n","protected":false},"excerpt":{"rendered":"<p>Szczeg\u00f3\u0142y produktu: Zestaw 3 spluwaczek Urocze morze- Print Wygodny, oddychaj\u0105cy i praktyczny Kolory: musztarda, ziele\u0144, b\u0142\u0119kit, odcienie pudru i be\u017cu Wygl\u0105d wafla Materia\u0142 i wskaz\u00f3wki dotycz\u0105ce piel\u0119gnacji: Materia\u0142: 100% bawe\u0142na organiczna Mo\u017cna pra\u0107 w temperaturze do 60 \u00b0C Nie nadaje si\u0119 do suszenia w suszarce b\u0119bnowej Wymiary: 70 x 70 cm Done By Deer Pieluchy [&hellip;]<\/p>\n","protected":false},"featured_media":4036,"comment_status":"closed","ping_status":"open","template":"","meta":[],"product_cat":[974,17],"product_tag":[593,720,655,866,717,595,577],"class_list":["post-4035","product","type-product","status-publish","has-post-thumbnail","hentry","product_cat-done-by-deer","product_cat-pieluchy","product_tag-jak-narysowac-konia","product_tag-malowanki","product_tag-najlepsze-zagadki","product_tag-opis-do-zdjecia-dziecka-na-fb","product_tag-prezent-roczek","product_tag-zagadki-dla-6-latka","product_tag-znaki-drogowe-test"],"_links":{"self":[{"href":"http:\/\/klubmamgdynia.pl\/index.php\/wp-json\/wp\/v2\/product\/4035","targetHints":{"allow":["GET"]}}],"collection":[{"href":"http:\/\/klubmamgdynia.pl\/index.php\/wp-json\/wp\/v2\/product"}],"about":[{"href":"http:\/\/klubmamgdynia.pl\/index.php\/wp-json\/wp\/v2\/types\/product"}],"replies":[{"embeddable":true,"href":"http:\/\/klubmamgdynia.pl\/index.php\/wp-json\/wp\/v2\/comments?post=4035"}],"wp:featuredmedia":[{"embeddable":true,"href":"http:\/\/klubmamgdynia.pl\/index.php\/wp-json\/wp\/v2\/media\/4036"}],"wp:attachment":[{"href":"http:\/\/klubmamgdynia.pl\/index.php\/wp-json\/wp\/v2\/media?parent=4035"}],"wp:term":[{"taxonomy":"product_cat","embeddable":true,"href":"http:\/\/klubmamgdynia.pl\/index.php\/wp-json\/wp\/v2\/product_cat?post=4035"},{"taxonomy":"product_tag","embeddable":true,"href":"http:\/\/klubmamgdynia.pl\/index.php\/wp-json\/wp\/v2\/product_tag?post=4035"}],"curies":[{"name":"wp","href":"https:\/\/api.w.org\/{rel}","templated":true}]}}