{"id":4037,"date":"2022-12-26T04:23:35","date_gmt":"2022-12-26T03:23:35","guid":{"rendered":"http:\/\/klubmamgdynia.pl\/?post_type=product&#038;p=4037"},"modified":"2026-04-04T17:49:30","modified_gmt":"2026-04-04T15:49:30","slug":"artyk-pilka-kolorowa-23cm-tygrysek-134258","status":"publish","type":"product","link":"http:\/\/klubmamgdynia.pl\/index.php\/produkt\/artyk-pilka-kolorowa-23cm-tygrysek-134258\/","title":{"rendered":"Artyk Pi\u0142ka kolorowa 23cm Tygrysek 134258"},"content":{"rendered":"<p>Mix wzor\u00f3w, towar wysy\u0142any losowo.PI\u0141KA PVC, \u015aREDNICA PI\u0141KI PO NAPOMPOWANIU 23 CM., NADRUK JEDNOSTRONNY, WAGA 90 G., 2 KOLORY, PI\u0141KI WYSY\u0141AMY NIEPOMPOWANE, 3+&#8230;<\/p>\n<h2>Artyk Pi\u0142ka kolorowa 23cm Tygrysek 134258 Artyk<\/h2>\n<p>kundel bury tekst, miko\u0142ajki dla dzieci warszawa 2021, prezent na roczek dziewczynka, bajki do czytania na dobranoc, rzadkie imiona \u017ce\u0144skie, najlepsze zarty na prima aprilis, zagadki wielkanocne dla doros\u0142ych, mini zoo mazowieckie, na roczek dla dziewczynki, zagadki matematyczne logiczne, linda, filmy wigilijne dla dzieci, prezenty dla m\u0142odzie\u017cy, ninjago kolorowanka, posz\u0142a ola na spacerek, quiz bo\u017ce narodzenie<\/p>\n<p>yyyyy<\/p>\n<p>&nbsp;<\/p>\n","protected":false},"excerpt":{"rendered":"<p>Mix wzor\u00f3w, towar wysy\u0142any losowo.PI\u0141KA PVC, \u015aREDNICA PI\u0141KI PO NAPOMPOWANIU 23 CM., NADRUK JEDNOSTRONNY, WAGA 90 G., 2 KOLORY, PI\u0141KI WYSY\u0141AMY NIEPOMPOWANE, 3+&#8230; Artyk Pi\u0142ka kolorowa 23cm Tygrysek 134258 Artyk kundel bury tekst, miko\u0142ajki dla dzieci warszawa 2021, prezent na roczek dziewczynka, bajki do czytania na dobranoc, rzadkie imiona \u017ce\u0144skie, najlepsze zarty na prima aprilis, [&hellip;]<\/p>\n","protected":false},"featured_media":4038,"comment_status":"closed","ping_status":"open","template":"","meta":[],"product_cat":[336,293],"product_tag":[825,802,720,821],"class_list":["post-4037","product","type-product","status-publish","has-post-thumbnail","hentry","product_cat-artyk","product_cat-pilki-dla-dzieci","product_tag-bajka-na-dobranoc-do-czytania","product_tag-co-kupic-dziewczynce-na-roczek","product_tag-malowanki","product_tag-marianna"],"_links":{"self":[{"href":"http:\/\/klubmamgdynia.pl\/index.php\/wp-json\/wp\/v2\/product\/4037","targetHints":{"allow":["GET"]}}],"collection":[{"href":"http:\/\/klubmamgdynia.pl\/index.php\/wp-json\/wp\/v2\/product"}],"about":[{"href":"http:\/\/klubmamgdynia.pl\/index.php\/wp-json\/wp\/v2\/types\/product"}],"replies":[{"embeddable":true,"href":"http:\/\/klubmamgdynia.pl\/index.php\/wp-json\/wp\/v2\/comments?post=4037"}],"wp:featuredmedia":[{"embeddable":true,"href":"http:\/\/klubmamgdynia.pl\/index.php\/wp-json\/wp\/v2\/media\/4038"}],"wp:attachment":[{"href":"http:\/\/klubmamgdynia.pl\/index.php\/wp-json\/wp\/v2\/media?parent=4037"}],"wp:term":[{"taxonomy":"product_cat","embeddable":true,"href":"http:\/\/klubmamgdynia.pl\/index.php\/wp-json\/wp\/v2\/product_cat?post=4037"},{"taxonomy":"product_tag","embeddable":true,"href":"http:\/\/klubmamgdynia.pl\/index.php\/wp-json\/wp\/v2\/product_tag?post=4037"}],"curies":[{"name":"wp","href":"https:\/\/api.w.org\/{rel}","templated":true}]}}