{"id":4039,"date":"2010-11-26T03:25:29","date_gmt":"2010-11-26T02:25:29","guid":{"rendered":"http:\/\/klubmamgdynia.pl\/index.php\/produkt\/dada-extra-care-pieluchomajtki-pants-6-extra-large-16-kg-32szt\/"},"modified":"2026-04-04T02:50:11","modified_gmt":"2026-04-04T00:50:11","slug":"dada-extra-care-pieluchomajtki-pants-6-extra-large-16-kg-32szt","status":"publish","type":"product","link":"http:\/\/klubmamgdynia.pl\/index.php\/produkt\/dada-extra-care-pieluchomajtki-pants-6-extra-large-16-kg-32szt\/","title":{"rendered":"Dada Extra Care Pieluchomajtki Pants 6 Extra Large 16+ Kg 32Szt."},"content":{"rendered":"<p>Dada Extra Care pieluchomajtki PANTS 6 Extra Large 16+ kg 32 szt. W miar\u0119 gdy dziecko dorasta coraz trudniej jest za\u0142o\u017cy\u0107 pieluszk\u0119. Dziecko staje si\u0119 aktywne i pr\u00f3buje raczkowa\u0107 podczas zmieniania pieluszki. Pieluchomajtki poradz\u0105 sobie z tym bez problemu! Pieluchomajtki \u0142atwo jest za\u0142o\u017cy\u0107 i \u015bci\u0105gn\u0105\u0107. S\u0105 elastyczne i dostosowuj\u0105 si\u0119 do ruch\u00f3w dziecka, dzi\u0119ki czemu zapewniaj\u0105 pe\u0142en komfort oraz dopasowanie. Cechy: Wsuwane jednym ruchem, \u0142atwe do za\u0142o\u017cenia i zdj\u0119cia Pieluchomajtki posiadaj\u0105 identyfikator wilgotno\u015bci mi\u0119kkie i delikatne. Posiadaj\u0105 oddychaj\u0105ce materia\u0142y Superch\u0142onne kanaliki, kt\u00f3re zapewniaj\u0105 r\u00f3wnomierne wch\u0142anianie. Dada Extra Care Pants to komfortowe dopasowanie do cia\u0142a dziecka i idealne rozwi\u0105zanie dla niemowl\u0105t i dzieci w ci\u0105g\u0142ym ruchu. Specyfikacja: Rozmiar: 6 Extra Large 16+ kg<\/p>\n<h2>Dada Extra Care Pieluchomajtki Pants 6 Extra Large 16+ Kg 32Szt. Dada<\/h2>\n<p>kr\u00f3tkie bajki na dobranoc do czytania, test z dzieci z bullerbyn, bajka psi patrol do czytania, karyna, aurelia imi\u0119, natan imi\u0119, fajne prezenty dla nastolatk\u00f3w, historia pluszowego misia dla dzieci, imi\u0119 miriam, quizy znaki drogowe, warszawa atrakcje dla m\u0142odzie\u017cy<\/p>\n<p>yyyyy<\/p>\n<p>&nbsp;<\/p>\n","protected":false},"excerpt":{"rendered":"<p>Dada Extra Care pieluchomajtki PANTS 6 Extra Large 16+ kg 32 szt. W miar\u0119 gdy dziecko dorasta coraz trudniej jest za\u0142o\u017cy\u0107 pieluszk\u0119. Dziecko staje si\u0119 aktywne i pr\u00f3buje raczkowa\u0107 podczas zmieniania pieluszki. Pieluchomajtki poradz\u0105 sobie z tym bez problemu! Pieluchomajtki \u0142atwo jest za\u0142o\u017cy\u0107 i \u015bci\u0105gn\u0105\u0107. S\u0105 elastyczne i dostosowuj\u0105 si\u0119 do ruch\u00f3w dziecka, dzi\u0119ki czemu [&hellip;]<\/p>\n","protected":false},"featured_media":4040,"comment_status":"closed","ping_status":"open","template":"","meta":[],"product_cat":[1145,17],"product_tag":[583,858,703,608],"class_list":["post-4039","product","type-product","status-publish","has-post-thumbnail","hentry","product_cat-dada","product_cat-pieluchy","product_tag-kolysanki-dla-dzieci-tekst","product_tag-podchwytliwe-zagadki","product_tag-prezent-dla-nastolatki","product_tag-zagadki-i-odpowiedzi"],"_links":{"self":[{"href":"http:\/\/klubmamgdynia.pl\/index.php\/wp-json\/wp\/v2\/product\/4039","targetHints":{"allow":["GET"]}}],"collection":[{"href":"http:\/\/klubmamgdynia.pl\/index.php\/wp-json\/wp\/v2\/product"}],"about":[{"href":"http:\/\/klubmamgdynia.pl\/index.php\/wp-json\/wp\/v2\/types\/product"}],"replies":[{"embeddable":true,"href":"http:\/\/klubmamgdynia.pl\/index.php\/wp-json\/wp\/v2\/comments?post=4039"}],"wp:featuredmedia":[{"embeddable":true,"href":"http:\/\/klubmamgdynia.pl\/index.php\/wp-json\/wp\/v2\/media\/4040"}],"wp:attachment":[{"href":"http:\/\/klubmamgdynia.pl\/index.php\/wp-json\/wp\/v2\/media?parent=4039"}],"wp:term":[{"taxonomy":"product_cat","embeddable":true,"href":"http:\/\/klubmamgdynia.pl\/index.php\/wp-json\/wp\/v2\/product_cat?post=4039"},{"taxonomy":"product_tag","embeddable":true,"href":"http:\/\/klubmamgdynia.pl\/index.php\/wp-json\/wp\/v2\/product_tag?post=4039"}],"curies":[{"name":"wp","href":"https:\/\/api.w.org\/{rel}","templated":true}]}}