{"id":4043,"date":"2021-12-15T04:38:29","date_gmt":"2021-12-15T03:38:29","guid":{"rendered":"http:\/\/klubmamgdynia.pl\/index.php\/produkt\/little-frog-little-frog-chusta-zakardowa-summer-meadow-46-m\/"},"modified":"2026-04-04T02:36:01","modified_gmt":"2026-04-04T00:36:01","slug":"little-frog-little-frog-chusta-zakardowa-summer-meadow-46-m","status":"publish","type":"product","link":"http:\/\/klubmamgdynia.pl\/index.php\/produkt\/little-frog-little-frog-chusta-zakardowa-summer-meadow-46-m\/","title":{"rendered":"Little Frog Little Frog Chusta \u017bakardowa, Summer Meadow, 4,6 M"},"content":{"rendered":"<p>Chusta \u017cakardowa Little Frog &#8211; Summer Meadow 4,6 m\u2022Polska \u017cakardowa chusta do noszenia dzieci marki Little Frog &#8211; ju\u017c od pierwszych dni\u202275% bawe\u0142ny, 25% lnu\u2022chusta tkana splotem \u017cakardowym\u2022chusta wi\u0105zana<\/p>\n<h2>Little Frog Little Frog Chusta \u017bakardowa, Summer Meadow, 4,6 M Little Frog<\/h2>\n<p>\u015bmieszne zagadki dla dzieci 10 lat, pisanie po \u015bladzie do druku pdf, asiunia &#8211; test z lektury pdf, cytaty na dzie\u0144 edukacji narodowej, prank na prima aprilis, zaproszenia urodzinowe do wydruku chomikuj, pokemon kolorowanka, dla nastolatk\u00f3w prezenty, zagadki dla dzieci 7 lat, \u017carty na prima aprilis w domu, nasza zima z\u0142a tekst, bajki na dobranoc psi patrol, zagadki dla dzieci 7 lat, kundel bury tekst, cytat matka<\/p>\n<p>yyyyy<\/p>\n<p>&nbsp;<\/p>\n","protected":false},"excerpt":{"rendered":"<p>Chusta \u017cakardowa Little Frog &#8211; Summer Meadow 4,6 m\u2022Polska \u017cakardowa chusta do noszenia dzieci marki Little Frog &#8211; ju\u017c od pierwszych dni\u202275% bawe\u0142ny, 25% lnu\u2022chusta tkana splotem \u017cakardowym\u2022chusta wi\u0105zana Little Frog Little Frog Chusta \u017bakardowa, Summer Meadow, 4,6 M Little Frog \u015bmieszne zagadki dla dzieci 10 lat, pisanie po \u015bladzie do druku pdf, asiunia &#8211; [&hellip;]<\/p>\n","protected":false},"featured_media":4044,"comment_status":"closed","ping_status":"open","template":"","meta":[],"product_cat":[1150,1104],"product_tag":[670,830,762],"class_list":["post-4043","product","type-product","status-publish","has-post-thumbnail","hentry","product_cat-little-frog","product_cat-nosidelka-i-chusty","product_tag-irma","product_tag-rodzina-cytaty","product_tag-trudne-zagadki-dla-dzieci"],"_links":{"self":[{"href":"http:\/\/klubmamgdynia.pl\/index.php\/wp-json\/wp\/v2\/product\/4043","targetHints":{"allow":["GET"]}}],"collection":[{"href":"http:\/\/klubmamgdynia.pl\/index.php\/wp-json\/wp\/v2\/product"}],"about":[{"href":"http:\/\/klubmamgdynia.pl\/index.php\/wp-json\/wp\/v2\/types\/product"}],"replies":[{"embeddable":true,"href":"http:\/\/klubmamgdynia.pl\/index.php\/wp-json\/wp\/v2\/comments?post=4043"}],"wp:featuredmedia":[{"embeddable":true,"href":"http:\/\/klubmamgdynia.pl\/index.php\/wp-json\/wp\/v2\/media\/4044"}],"wp:attachment":[{"href":"http:\/\/klubmamgdynia.pl\/index.php\/wp-json\/wp\/v2\/media?parent=4043"}],"wp:term":[{"taxonomy":"product_cat","embeddable":true,"href":"http:\/\/klubmamgdynia.pl\/index.php\/wp-json\/wp\/v2\/product_cat?post=4043"},{"taxonomy":"product_tag","embeddable":true,"href":"http:\/\/klubmamgdynia.pl\/index.php\/wp-json\/wp\/v2\/product_tag?post=4043"}],"curies":[{"name":"wp","href":"https:\/\/api.w.org\/{rel}","templated":true}]}}