{"id":4045,"date":"2025-07-04T04:15:37","date_gmt":"2025-07-04T02:15:37","guid":{"rendered":"http:\/\/klubmamgdynia.pl\/?post_type=product&#038;p=4045"},"modified":"2026-05-17T23:04:38","modified_gmt":"2026-05-17T21:04:38","slug":"hasbro-nerf-alpha-strike-tiger-db-2-e7561","status":"publish","type":"product","link":"http:\/\/klubmamgdynia.pl\/index.php\/produkt\/hasbro-nerf-alpha-strike-tiger-db-2-e7561\/","title":{"rendered":"Hasbro Nerf Alpha Strike Tiger DB-2 E7561"},"content":{"rendered":"<p>Hasbro Nerf Alpha Strike Tiger DB-2 E7561Nowa wyrzutnia Nerf &#8211; zabierze ci\u0119 w sam \u015brodek ekscytuj\u0105cych bitew ze znajomymi i przyjaci\u00f3\u0142mi. Gdy innych ograniczaj\u0105 zasi\u0119g albo brak strza\u0142ek, ty mo\u017cesz nieskr\u0119powanie oddawa\u0107 strza\u0142 za strza\u0142em! Podw\u00f3jna lufa to podw\u00f3jna przewaga podczas potyczki. Zaledwie 3 proste kroki dziel\u0105 ci\u0119 od wykonania perfekcyjnego strza\u0142u. Za\u0142aduj magazynek i ruszaj w b\u00f3j! Alpha Strike jest seri\u0105, kt\u00f3ra \u015bwietnie si\u0119 nadaje dla pocz\u0105tkuj\u0105cych strzelc\u00f3w.<\/p>\n<h2>Hasbro Nerf Alpha Strike Tiger DB-2 E7561 Hasbro<\/h2>\n<p>esmeralda, twarz wiosny do druku, zyczenia walentynkowe dla dzieci, maska kota do druku, cytat o dziecku, atrakcje do 30 km od wroc\u0142awia, akademia pana kleksa &#8211; test z odpowiedziami do druku, ma\u0142y ksi\u0105\u017ce cytaty o przyja\u017ani, test wiedzy z lektury przygody tomka sawyera z odpowiedziami, zygzak mcqueen kolorowanka<\/p>\n<p>yyyyy<\/p>\n<p>&nbsp;<\/p>\n","protected":false},"excerpt":{"rendered":"<p>Hasbro Nerf Alpha Strike Tiger DB-2 E7561Nowa wyrzutnia Nerf &#8211; zabierze ci\u0119 w sam \u015brodek ekscytuj\u0105cych bitew ze znajomymi i przyjaci\u00f3\u0142mi. Gdy innych ograniczaj\u0105 zasi\u0119g albo brak strza\u0142ek, ty mo\u017cesz nieskr\u0119powanie oddawa\u0107 strza\u0142 za strza\u0142em! Podw\u00f3jna lufa to podw\u00f3jna przewaga podczas potyczki. Zaledwie 3 proste kroki dziel\u0105 ci\u0119 od wykonania perfekcyjnego strza\u0142u. Za\u0142aduj magazynek i [&hellip;]<\/p>\n","protected":false},"featured_media":4046,"comment_status":"closed","ping_status":"open","template":"","meta":[],"product_cat":[129,40],"product_tag":[754,790,699,742,764],"class_list":["post-4045","product","type-product","status-publish","has-post-thumbnail","hentry","product_cat-hasbro","product_cat-zabawki-militarne","product_tag-dyplomy-do-wydrukowania-a4","product_tag-gry-planszowe-dla-nastolatkow","product_tag-kolorowanki-do-druku-dla-dziewczyn","product_tag-piosenki-dla-dzieci-tekst","product_tag-prezenty-na-roczek-dla-dziewczynki"],"_links":{"self":[{"href":"http:\/\/klubmamgdynia.pl\/index.php\/wp-json\/wp\/v2\/product\/4045","targetHints":{"allow":["GET"]}}],"collection":[{"href":"http:\/\/klubmamgdynia.pl\/index.php\/wp-json\/wp\/v2\/product"}],"about":[{"href":"http:\/\/klubmamgdynia.pl\/index.php\/wp-json\/wp\/v2\/types\/product"}],"replies":[{"embeddable":true,"href":"http:\/\/klubmamgdynia.pl\/index.php\/wp-json\/wp\/v2\/comments?post=4045"}],"wp:featuredmedia":[{"embeddable":true,"href":"http:\/\/klubmamgdynia.pl\/index.php\/wp-json\/wp\/v2\/media\/4046"}],"wp:attachment":[{"href":"http:\/\/klubmamgdynia.pl\/index.php\/wp-json\/wp\/v2\/media?parent=4045"}],"wp:term":[{"taxonomy":"product_cat","embeddable":true,"href":"http:\/\/klubmamgdynia.pl\/index.php\/wp-json\/wp\/v2\/product_cat?post=4045"},{"taxonomy":"product_tag","embeddable":true,"href":"http:\/\/klubmamgdynia.pl\/index.php\/wp-json\/wp\/v2\/product_tag?post=4045"}],"curies":[{"name":"wp","href":"https:\/\/api.w.org\/{rel}","templated":true}]}}