{"id":4049,"date":"2012-09-24T12:17:50","date_gmt":"2012-09-24T10:17:50","guid":{"rendered":"http:\/\/klubmamgdynia.pl\/index.php\/produkt\/goliath-animagic-interaktywny-piesek-tilly\/"},"modified":"2026-04-29T16:32:05","modified_gmt":"2026-04-29T14:32:05","slug":"goliath-animagic-interaktywny-piesek-tilly","status":"publish","type":"product","link":"http:\/\/klubmamgdynia.pl\/index.php\/produkt\/goliath-animagic-interaktywny-piesek-tilly\/","title":{"rendered":"Goliath Animagic Interaktywny Piesek Tilly"},"content":{"rendered":"<p>Tilly &#8211; interaktywny piesek kt\u00f3ry p\u00f3jdzie tam gdzie Ty!Piesek chodzi , macha ogonkiem i szczeka. Poklep go po g\u0142owie a p\u00f3jdzie z Tob\u0105 na spacer !Piesek ma delikatne i mi\u0142e w dotyku futerko. Smycz na kt\u00f3rej bez problemu p\u00f3jdziecie razem na spacer a na obro\u017cy identyfikator z imieniem.Zabawka dla dzieci od lat 3W zabawce znajduj\u0105 si\u0119 baterie demonstracyjne , zaleca si\u0119 ich wymian\u0119 do zabawy!Informacje o produkcieNr katalogowy332431Marka InneRodzaj PieskiWymagania wiekowe od 3 latP\u0142e\u0107 DziewczynkiCh\u0142opcyKolor SzaryProdukt na baterie TakBaterie w zestawie TakZasilanie Baterie\/akumulatory AA<\/p>\n<h2>Goliath Animagic Interaktywny Piesek Tilly Goliath<\/h2>\n<p>podchwytliwe zagadki na inteligencj\u0119, lidia imie, zabawy halloweenowe dla dzieci, atrakcje dla dzieci wroclaw, zagadki slowne, po \u0142\u0105ce biega lato tekst, sa\u0142atki dla dzieci, ma\u0142y ksi\u0105\u017c\u0119 sprawdzian, lamiglowki slowne, kira, bajki dla dzieci do czytania na dobranoc, imi\u0119 liwia, quiz o \u015bwi\u0119tach bo\u017cego narodzenia<\/p>\n<p>yyyyy<\/p>\n<p>&nbsp;<\/p>\n","protected":false},"excerpt":{"rendered":"<p>Tilly &#8211; interaktywny piesek kt\u00f3ry p\u00f3jdzie tam gdzie Ty!Piesek chodzi , macha ogonkiem i szczeka. Poklep go po g\u0142owie a p\u00f3jdzie z Tob\u0105 na spacer !Piesek ma delikatne i mi\u0142e w dotyku futerko. Smycz na kt\u00f3rej bez problemu p\u00f3jdziecie razem na spacer a na obro\u017cy identyfikator z imieniem.Zabawka dla dzieci od lat 3W zabawce znajduj\u0105 [&hellip;]<\/p>\n","protected":false},"featured_media":4050,"comment_status":"closed","ping_status":"open","template":"","meta":[],"product_cat":[1173,42],"product_tag":[691,644,655,592],"class_list":["post-4049","product","type-product","status-publish","has-post-thumbnail","hentry","product_cat-goliath","product_cat-maskotki","product_tag-gabriel","product_tag-mia","product_tag-najlepsze-zagadki","product_tag-zagadki-dla-dzieci"],"_links":{"self":[{"href":"http:\/\/klubmamgdynia.pl\/index.php\/wp-json\/wp\/v2\/product\/4049","targetHints":{"allow":["GET"]}}],"collection":[{"href":"http:\/\/klubmamgdynia.pl\/index.php\/wp-json\/wp\/v2\/product"}],"about":[{"href":"http:\/\/klubmamgdynia.pl\/index.php\/wp-json\/wp\/v2\/types\/product"}],"replies":[{"embeddable":true,"href":"http:\/\/klubmamgdynia.pl\/index.php\/wp-json\/wp\/v2\/comments?post=4049"}],"wp:featuredmedia":[{"embeddable":true,"href":"http:\/\/klubmamgdynia.pl\/index.php\/wp-json\/wp\/v2\/media\/4050"}],"wp:attachment":[{"href":"http:\/\/klubmamgdynia.pl\/index.php\/wp-json\/wp\/v2\/media?parent=4049"}],"wp:term":[{"taxonomy":"product_cat","embeddable":true,"href":"http:\/\/klubmamgdynia.pl\/index.php\/wp-json\/wp\/v2\/product_cat?post=4049"},{"taxonomy":"product_tag","embeddable":true,"href":"http:\/\/klubmamgdynia.pl\/index.php\/wp-json\/wp\/v2\/product_tag?post=4049"}],"curies":[{"name":"wp","href":"https:\/\/api.w.org\/{rel}","templated":true}]}}