{"id":405,"date":"2021-09-15T06:28:35","date_gmt":"2021-09-15T04:28:35","guid":{"rendered":"http:\/\/klubmamgdynia.pl\/index.php\/produkt\/bioderma-atoderm-nutritive-odzywczy-krem-lagodzacy-dla-suchej-skory-40ml\/"},"modified":"2026-04-23T18:07:15","modified_gmt":"2026-04-23T16:07:15","slug":"bioderma-atoderm-nutritive-odzywczy-krem-lagodzacy-dla-suchej-skory-40ml","status":"publish","type":"product","link":"http:\/\/klubmamgdynia.pl\/index.php\/produkt\/bioderma-atoderm-nutritive-odzywczy-krem-lagodzacy-dla-suchej-skory-40ml\/","title":{"rendered":"Bioderma Atoderm Nutritive Od\u017cywczy krem \u0142agodz\u0105cy dla suchej sk\u00f3ry 40ml"},"content":{"rendered":"<p>Bioderma Atoderm Nutritive Od\u017cywczy krem \u0142agodz\u0105cy dla suchej sk\u00f3ry 40ml<\/p>\n<p>Atoderm Nutritive to bogaty krem od\u017cywczy, kt\u00f3ry \u0142\u0105czy w sobie dwa naturalne sk\u0142adniki znane z w\u0142a\u015bciwo\u015bci od\u017cywczych, naprawczych i koj\u0105cych (mas\u0142o shea i wyci\u0105g z awokado) oraz dwa sk\u0142adniki nawil\u017caj\u0105ce (wazelina i gliceryna).Wysoka zawarto\u015b\u0107 tych substancji oraz kremowa i niet\u0142usta konsystencja preparatu sprawiaj\u0105, \u017ce Atoderm Nutritive przywraca r\u00f3wnowag\u0119 hydrolipidow\u0105 sk\u00f3rze, kt\u00f3ra szybko odzyskuje pierwotn\u0105 spr\u0119\u017cysto\u015b\u0107 i komfort.                            <\/p>\n<p>            Dzia\u0142anie:<\/p>\n<p>Intensywnie od\u017cywia i chroniD\u0142ugotrwale odbudowuje barier\u0119 sk\u00f3rn\u0105Zmi\u0119kcza i uelastycznia sk\u00f3r\u0119 na ca\u0142y dzie\u0144Nie klei si\u0119, nie pozostawia t\u0142ustej i \u015bwiec\u0105cej pow\u0142okiStanowi doskona\u0142\u0105 baz\u0119 pod makija\u017cWzrost nawil\u017cenia o 95% po dw\u00f3ch godzinach od na\u0142o\u017cenia.*Ograniczona ilo\u015b\u0107 sk\u0142adnik\u00f3w aktywnych gwarantuje doskona\u0142\u0105 tolerancj\u0119 nawet przy wra\u017cliwych sk\u00f3rach.*Test TEWL przeprowadzony w\u015br\u00f3d 10 ochotnik\u00f3w z such\u0105 sk\u00f3r\u0105.                            <\/p>\n<p>            Wskazania<\/p>\n<p>Sk\u00f3ra normalna, sucha, bardzo sucha i ze sk\u0142onno\u015bci\u0105 do atopiiWra\u017cliwa sk\u00f3ra twarzyNiekorzystne warunki atmosferyczne &#8211; zimno, mr\u00f3z, wiatr\u00a0                            <\/p>\n<p>            Sk\u0142adniki<\/p>\n<p>AQUA\/WATER\/EAU, GLYCERIN, PARAFFINUM LIQUIDUM\/MINERAL OIL\/HUILE MINERALE, BUTYROSPERMUM PARKII (SHEA BUTTER), CETEARYL ALCOHOL, HYDROXYETHYL ACRYLATE\/SODIUM ACRYLOYLDIMETHYL TAURATE COPOLYMER, CAPRYLIC\/CAPRIC TRIGLYCERIDE, CETYL PALMITATE, PENTYLENE GLYCOL, MANNITOL, XYLITOL, RHAMNOSE, FRUCTOOLIGOSACCHARIDES, LAMINARIA OCHROLEUCA EXTRACT, SQUALANE, PERSEA GRATISSIMA (AVOCADO) OIL UNSAPONIFIABLES, PARAFFIN, CERA MICROCRISTALLINA\/MICROCRYSTALLINE WAX\/CIRE MICROCRISTALLINE, GLYCERYL STEARATE, PEG-100 STEARATE, 1,2-HEXANEDIOL, CAPRYLYL GLYCOL, CETEARYL GLUCOSIDE, ACRYLATES\/C10-30 ALKYL ACRYLATE CROSSPOLYMER, POLYSORBATE 60, GLYCERYL POLYACRYLATE, DISODIUM EDTA, SODIUM HYDROXIDE. [BI 587]<\/p>\n<h2>Bioderma Atoderm Nutritive Od\u017cywczy krem \u0142agodz\u0105cy dla suchej sk\u00f3ry 40ml Bioderma<\/h2>\n<p>zadania logiczne dla dzieci, zagadka, alan imie, literki do pisania do druku, nauka pisania wyraz\u00f3w dla dzieci do druku pdf, cytat z kubusia puchatka o mi\u0142o\u015bci, melania imi\u0119<\/p>\n<p>yyyyy<\/p>\n<p>&nbsp;<\/p>\n","protected":false},"excerpt":{"rendered":"<p>Bioderma Atoderm Nutritive Od\u017cywczy krem \u0142agodz\u0105cy dla suchej sk\u00f3ry 40ml Atoderm Nutritive to bogaty krem od\u017cywczy, kt\u00f3ry \u0142\u0105czy w sobie dwa naturalne sk\u0142adniki znane z w\u0142a\u015bciwo\u015bci od\u017cywczych, naprawczych i koj\u0105cych (mas\u0142o shea i wyci\u0105g z awokado) oraz dwa sk\u0142adniki nawil\u017caj\u0105ce (wazelina i gliceryna).Wysoka zawarto\u015b\u0107 tych substancji oraz kremowa i niet\u0142usta konsystencja preparatu sprawiaj\u0105, \u017ce Atoderm [&hellip;]<\/p>\n","protected":false},"featured_media":406,"comment_status":"closed","ping_status":"open","template":"","meta":[],"product_cat":[133,134],"product_tag":[829,816,791],"class_list":["post-405","product","type-product","status-publish","has-post-thumbnail","hentry","product_cat-bioderma","product_cat-dermokosmetyki","product_tag-bajki-do-czytania-na-dobranoc","product_tag-place-zabaw-warszawa","product_tag-zagadki-na-myslenie"],"_links":{"self":[{"href":"http:\/\/klubmamgdynia.pl\/index.php\/wp-json\/wp\/v2\/product\/405","targetHints":{"allow":["GET"]}}],"collection":[{"href":"http:\/\/klubmamgdynia.pl\/index.php\/wp-json\/wp\/v2\/product"}],"about":[{"href":"http:\/\/klubmamgdynia.pl\/index.php\/wp-json\/wp\/v2\/types\/product"}],"replies":[{"embeddable":true,"href":"http:\/\/klubmamgdynia.pl\/index.php\/wp-json\/wp\/v2\/comments?post=405"}],"wp:featuredmedia":[{"embeddable":true,"href":"http:\/\/klubmamgdynia.pl\/index.php\/wp-json\/wp\/v2\/media\/406"}],"wp:attachment":[{"href":"http:\/\/klubmamgdynia.pl\/index.php\/wp-json\/wp\/v2\/media?parent=405"}],"wp:term":[{"taxonomy":"product_cat","embeddable":true,"href":"http:\/\/klubmamgdynia.pl\/index.php\/wp-json\/wp\/v2\/product_cat?post=405"},{"taxonomy":"product_tag","embeddable":true,"href":"http:\/\/klubmamgdynia.pl\/index.php\/wp-json\/wp\/v2\/product_tag?post=405"}],"curies":[{"name":"wp","href":"https:\/\/api.w.org\/{rel}","templated":true}]}}