{"id":4053,"date":"2012-01-19T05:37:07","date_gmt":"2012-01-19T04:37:07","guid":{"rendered":"http:\/\/klubmamgdynia.pl\/index.php\/produkt\/toys-for-life-pierscienie-i-kije-900000101\/"},"modified":"2026-04-05T19:19:22","modified_gmt":"2026-04-05T17:19:22","slug":"toys-for-life-pierscienie-i-kije-900000101","status":"publish","type":"product","link":"http:\/\/klubmamgdynia.pl\/index.php\/produkt\/toys-for-life-pierscienie-i-kije-900000101\/","title":{"rendered":"Toys For Life Pier\u015bcienie i Kije 900000101"},"content":{"rendered":"<p>Tw\u00f3rz rysunki z wzor\u00f3w kart za pomoc\u0105 pier\u015bcieni i kij\u00f3w. Ucz si\u0119 tworzy\u0107 w\u0142asne rysunki. Rozwijaj zdolno\u015bci motoryczne i analiz\u0119 wizualn\u0105..Wykonuj zadania i ucz si\u0119Tw\u00f3rz figurki z kart wzoru za pomoc\u0105 pier\u015bcieni i patyk\u00f3w. Por\u00f3wnaj r\u00f3\u017cne kolory i rozmiary. Stymuluj zdolno\u015bci motoryczne i wzrokowe.Wybierz zadanie z wzoru rysunku. Utw\u00f3rz projekt zgodnie z opisem i wskaz\u00f3wkami kt\u00f3re s\u0105 na wybranym wzorze.Utw\u00f3rz projekt zgodnie ze wskaz\u00f3wkami. Utw\u00f3rz projekt, jak wskazano na pustej karcie, co na pewno jest trudniejszePrzeczytaj informacje jakie s\u0105 podane w opisie. Najpierw, znajd\u017a wskazane pier\u015bcienie i pozosta\u0142e kszta\u0142ty np. linie i umie\u015b\u0107 je na karcie wzoru.Uk\u0142adaj r\u00f3\u017cne wzory i baw si\u0119 kreuj\u0105c w\u0142asne rozwi\u0105zania por\u00f3wnuj r\u00f3\u017cnice kolor\u00f3w i wzor\u00f3w  Nasza propozycja to zabawki firmy Heutink International kolorowego \u015bwiata zabawy, nowych pomys\u0142\u00f3w gier edukacyjnych dla przedszkoli i szk\u00f3\u0142 dla ka\u017cdego dziecka na ca\u0142ym \u015bwieciePuzzelmania jest oficjalnym dystrybutorem w Polsce!<\/p>\n<h2>Toys For Life Pier\u015bcienie i Kije 900000101 Toys For Life<\/h2>\n<p>quiz o flagach, trudne zagadki z odpowiedziami, kolorowanka lego ninjago, kotek kolorowanka, zagadki dla dzieci 14 lat, prezent dla 7 latka na urodziny, dzie\u0144 pluszowego misia, audiobook dla dzieci za darmo, quiz online, minionki kolorowanka, tymoteusz znaczenie imienia, wielkanocne zagadki dla dzieci, karty pracy dla dzieci z ukrainy, konstancja imie, kolorowanka harry potter, jasmin imi\u0119, kaligrafia nauka pisania wyraz\u00f3w dla dzieci do druku pdf<\/p>\n<p>yyyyy<\/p>\n<p>&nbsp;<\/p>\n","protected":false},"excerpt":{"rendered":"<p>Tw\u00f3rz rysunki z wzor\u00f3w kart za pomoc\u0105 pier\u015bcieni i kij\u00f3w. Ucz si\u0119 tworzy\u0107 w\u0142asne rysunki. Rozwijaj zdolno\u015bci motoryczne i analiz\u0119 wizualn\u0105..Wykonuj zadania i ucz si\u0119Tw\u00f3rz figurki z kart wzoru za pomoc\u0105 pier\u015bcieni i patyk\u00f3w. Por\u00f3wnaj r\u00f3\u017cne kolory i rozmiary. Stymuluj zdolno\u015bci motoryczne i wzrokowe.Wybierz zadanie z wzoru rysunku. Utw\u00f3rz projekt zgodnie z opisem i wskaz\u00f3wkami [&hellip;]<\/p>\n","protected":false},"featured_media":4054,"comment_status":"closed","ping_status":"open","template":"","meta":[],"product_cat":[537,1175],"product_tag":[827,776,612,856],"class_list":["post-4053","product","type-product","status-publish","has-post-thumbnail","hentry","product_cat-pozostale-zabawki-edukacyjne","product_cat-toys-for-life","product_tag-bajki-dla-niemowlat","product_tag-dobrej-nocy","product_tag-kolorowanki-do-druku","product_tag-prezent-dla-16-latki"],"_links":{"self":[{"href":"http:\/\/klubmamgdynia.pl\/index.php\/wp-json\/wp\/v2\/product\/4053","targetHints":{"allow":["GET"]}}],"collection":[{"href":"http:\/\/klubmamgdynia.pl\/index.php\/wp-json\/wp\/v2\/product"}],"about":[{"href":"http:\/\/klubmamgdynia.pl\/index.php\/wp-json\/wp\/v2\/types\/product"}],"replies":[{"embeddable":true,"href":"http:\/\/klubmamgdynia.pl\/index.php\/wp-json\/wp\/v2\/comments?post=4053"}],"wp:featuredmedia":[{"embeddable":true,"href":"http:\/\/klubmamgdynia.pl\/index.php\/wp-json\/wp\/v2\/media\/4054"}],"wp:attachment":[{"href":"http:\/\/klubmamgdynia.pl\/index.php\/wp-json\/wp\/v2\/media?parent=4053"}],"wp:term":[{"taxonomy":"product_cat","embeddable":true,"href":"http:\/\/klubmamgdynia.pl\/index.php\/wp-json\/wp\/v2\/product_cat?post=4053"},{"taxonomy":"product_tag","embeddable":true,"href":"http:\/\/klubmamgdynia.pl\/index.php\/wp-json\/wp\/v2\/product_tag?post=4053"}],"curies":[{"name":"wp","href":"https:\/\/api.w.org\/{rel}","templated":true}]}}