{"id":4057,"date":"2021-07-17T17:56:18","date_gmt":"2021-07-17T15:56:18","guid":{"rendered":"http:\/\/klubmamgdynia.pl\/index.php\/produkt\/barbie-lalka-kariera-niespodzianka-gfx84\/"},"modified":"2026-05-02T14:30:14","modified_gmt":"2026-05-02T12:30:14","slug":"barbie-lalka-kariera-niespodzianka-gfx84","status":"publish","type":"product","link":"http:\/\/klubmamgdynia.pl\/index.php\/produkt\/barbie-lalka-kariera-niespodzianka-gfx84\/","title":{"rendered":"Barbie Lalka Kariera Niespodzianka GFX84"},"content":{"rendered":"<p>BARBIE LALKA KARIERA NIESPODZIANKA UBRANKA<br \/>\nTego jeszcze nie by\u0142o &#8211; zestaw niespodzianka z linii Kariera Barbie do rozpakowywania niespodzianek!\u00a0Zestaw zawiera lalk\u0119 Barbie w modnym stroju oraz tajemniczy zestaw ubranek i akcesori\u00f3w zwi\u0105zanych tematycznie z zawodami.                            <\/p>\n<p>Dzieci otwieraj\u0105 pude\u0142ko i odkrywaj\u0105, na kt\u00f3re dwie \u015bcie\u017cki kariery natrafi\u0142y! Czy Twoja Barbie b\u0119dzie malark\u0105, sportowcem czy muzykiem?                            <\/p>\n<p>Wygl\u0105d kariery jest ukryty w \u015brodku &#8211; cztery przegr\u00f3dki w pude\u0142ku mieszcz\u0105 r\u00f3\u017cne elementy, zapewniaj\u0105c tyle rado\u015bci z rozpakowywania!                            <\/p>\n<p>W zestawie- lalka Barbie- 8 niespodzianek: ubranka i akcesoria<\/p>\n<h2>Barbie Lalka Kariera Niespodzianka GFX84 Barbie<\/h2>\n<p>zagadki dla dzieci 7 lat o zwierz\u0119tach, cytaty dla dzieci, zagadki dla dzieci 5 lat, zaproszenia urodzinowe do druku, ka\u0142u\u017cy\u015bci, kartka walentynkowa zrobiona przez dzieci, atrakcje dla nastolatk\u00f3w, narodziny dziecka cytat, gra planszowa dla nastolatk\u00f3w, test na patologi\u0119 z kubusia puchatka, platformy edukacyjne dla dzieci, gabriela, prezent dla nastolatk\u00f3w, kolorowe listki, bajki na dobranoc, pokemony do druku<\/p>\n<p>yyyyy<\/p>\n<p>&nbsp;<\/p>\n","protected":false},"excerpt":{"rendered":"<p>BARBIE LALKA KARIERA NIESPODZIANKA UBRANKA Tego jeszcze nie by\u0142o &#8211; zestaw niespodzianka z linii Kariera Barbie do rozpakowywania niespodzianek!\u00a0Zestaw zawiera lalk\u0119 Barbie w modnym stroju oraz tajemniczy zestaw ubranek i akcesori\u00f3w zwi\u0105zanych tematycznie z zawodami. Dzieci otwieraj\u0105 pude\u0142ko i odkrywaj\u0105, na kt\u00f3re dwie \u015bcie\u017cki kariery natrafi\u0142y! Czy Twoja Barbie b\u0119dzie malark\u0105, sportowcem czy muzykiem? Wygl\u0105d [&hellip;]<\/p>\n","protected":false},"featured_media":4058,"comment_status":"closed","ping_status":"open","template":"","meta":[],"product_cat":[173,65],"product_tag":[763,798,711,846,762,641],"class_list":["post-4057","product","type-product","status-publish","has-post-thumbnail","hentry","product_cat-barbie","product_cat-lalki","product_tag-fabian","product_tag-prezenty-dla-nastolatki","product_tag-prezenty-dla-nastolatkow","product_tag-rysowanki","product_tag-trudne-zagadki-dla-dzieci","product_tag-trudne-zagadki-logiczne"],"_links":{"self":[{"href":"http:\/\/klubmamgdynia.pl\/index.php\/wp-json\/wp\/v2\/product\/4057","targetHints":{"allow":["GET"]}}],"collection":[{"href":"http:\/\/klubmamgdynia.pl\/index.php\/wp-json\/wp\/v2\/product"}],"about":[{"href":"http:\/\/klubmamgdynia.pl\/index.php\/wp-json\/wp\/v2\/types\/product"}],"replies":[{"embeddable":true,"href":"http:\/\/klubmamgdynia.pl\/index.php\/wp-json\/wp\/v2\/comments?post=4057"}],"wp:featuredmedia":[{"embeddable":true,"href":"http:\/\/klubmamgdynia.pl\/index.php\/wp-json\/wp\/v2\/media\/4058"}],"wp:attachment":[{"href":"http:\/\/klubmamgdynia.pl\/index.php\/wp-json\/wp\/v2\/media?parent=4057"}],"wp:term":[{"taxonomy":"product_cat","embeddable":true,"href":"http:\/\/klubmamgdynia.pl\/index.php\/wp-json\/wp\/v2\/product_cat?post=4057"},{"taxonomy":"product_tag","embeddable":true,"href":"http:\/\/klubmamgdynia.pl\/index.php\/wp-json\/wp\/v2\/product_tag?post=4057"}],"curies":[{"name":"wp","href":"https:\/\/api.w.org\/{rel}","templated":true}]}}