{"id":4059,"date":"2025-05-19T02:28:50","date_gmt":"2025-05-19T00:28:50","guid":{"rendered":"http:\/\/klubmamgdynia.pl\/?post_type=product&#038;p=4059"},"modified":"2026-05-17T22:38:22","modified_gmt":"2026-05-17T20:38:22","slug":"puff-poduszka-pierdziuszka-pierdzaca-poduszka-hihihihih-puff","status":"publish","type":"product","link":"http:\/\/klubmamgdynia.pl\/index.php\/produkt\/puff-poduszka-pierdziuszka-pierdzaca-poduszka-hihihihih-puff\/","title":{"rendered":"Puff Poduszka Pierdziuszka Pierdz\u0105ca Poduszka Hihihihih (PUFF)"},"content":{"rendered":"<p>Poduszka pierdziuszka.Klasyczna zabawka, kt\u00f3rej popularno\u015b\u0107nies\u0142abnie.G\u0142o\u015bne i &#8222;niegrzeczne&#8221; d\u017awi\u0119ki s\u0105 emitowane, gdy tylko na niej usi\u0105dzieszWielko\u015b\u0107: 21cm<\/p>\n<h2>Puff Poduszka Pierdziuszka Pierdz\u0105ca Poduszka Hihihihih (PUFF) <\/h2>\n<p>cytat z kubusia puchatka o mi\u0142o\u015bci, nastolatka, papuga kolorowanka, henryk, chase psi patrol kolorowanka, irma, kolorowanki wakacyjne<\/p>\n<p>yyyyy<\/p>\n<p>&nbsp;<\/p>\n","protected":false},"excerpt":{"rendered":"<p>Poduszka pierdziuszka.Klasyczna zabawka, kt\u00f3rej popularno\u015b\u0107nies\u0142abnie.G\u0142o\u015bne i &#8222;niegrzeczne&#8221; d\u017awi\u0119ki s\u0105 emitowane, gdy tylko na niej usi\u0105dzieszWielko\u015b\u0107: 21cm Puff Poduszka Pierdziuszka Pierdz\u0105ca Poduszka Hihihihih (PUFF) cytat z kubusia puchatka o mi\u0142o\u015bci, nastolatka, papuga kolorowanka, henryk, chase psi patrol kolorowanka, irma, kolorowanki wakacyjne yyyyy &nbsp;<\/p>\n","protected":false},"featured_media":4060,"comment_status":"closed","ping_status":"open","template":"","meta":[],"product_cat":[295],"product_tag":[660,686,584,862,783,762],"class_list":["post-4059","product","type-product","status-publish","has-post-thumbnail","hentry","product_cat-pozostale-zabawki","product_tag-bianka","product_tag-co-na-roczek-dla-chlopca","product_tag-liwia","product_tag-nasza-zima-zla-tekst","product_tag-prezenty-na-roczek-dla-chlopca","product_tag-trudne-zagadki-dla-dzieci"],"_links":{"self":[{"href":"http:\/\/klubmamgdynia.pl\/index.php\/wp-json\/wp\/v2\/product\/4059","targetHints":{"allow":["GET"]}}],"collection":[{"href":"http:\/\/klubmamgdynia.pl\/index.php\/wp-json\/wp\/v2\/product"}],"about":[{"href":"http:\/\/klubmamgdynia.pl\/index.php\/wp-json\/wp\/v2\/types\/product"}],"replies":[{"embeddable":true,"href":"http:\/\/klubmamgdynia.pl\/index.php\/wp-json\/wp\/v2\/comments?post=4059"}],"wp:featuredmedia":[{"embeddable":true,"href":"http:\/\/klubmamgdynia.pl\/index.php\/wp-json\/wp\/v2\/media\/4060"}],"wp:attachment":[{"href":"http:\/\/klubmamgdynia.pl\/index.php\/wp-json\/wp\/v2\/media?parent=4059"}],"wp:term":[{"taxonomy":"product_cat","embeddable":true,"href":"http:\/\/klubmamgdynia.pl\/index.php\/wp-json\/wp\/v2\/product_cat?post=4059"},{"taxonomy":"product_tag","embeddable":true,"href":"http:\/\/klubmamgdynia.pl\/index.php\/wp-json\/wp\/v2\/product_tag?post=4059"}],"curies":[{"name":"wp","href":"https:\/\/api.w.org\/{rel}","templated":true}]}}