{"id":4063,"date":"2017-05-23T07:32:56","date_gmt":"2017-05-23T05:32:56","guid":{"rendered":"http:\/\/klubmamgdynia.pl\/index.php\/produkt\/baby-ktan-chusta-do-noszenia-dzieci-breeze-charcoal-xl-bkbcbreezechxl\/"},"modified":"2026-05-17T22:29:32","modified_gmt":"2026-05-17T20:29:32","slug":"baby-ktan-chusta-do-noszenia-dzieci-breeze-charcoal-xl-bkbcbreezechxl","status":"publish","type":"product","link":"http:\/\/klubmamgdynia.pl\/index.php\/produkt\/baby-ktan-chusta-do-noszenia-dzieci-breeze-charcoal-xl-bkbcbreezechxl\/","title":{"rendered":"Baby K&#8217;Tan Chusta do noszenia dzieci Breeze Charcoal XL (BKBCBREEZECHXL)"},"content":{"rendered":"<p>0760921367520<\/p>\n<h2>Baby KTan Chusta do noszenia dzieci Breeze Charcoal XL (BKBCBREEZECHXL) BABY KTAN<\/h2>\n<p>kr\u00f3tkie bajki na dobranoc do czytania, wr\u00f3\u017cby andrzejkowe kolory, lucjan, quiz spos\u00f3b na alcybiadesa, najpi\u0119kniejsze cytaty o przyja\u017ani<\/p>\n<p>yyyyy<\/p>\n<p>&nbsp;<\/p>\n","protected":false},"excerpt":{"rendered":"<p>0760921367520 Baby KTan Chusta do noszenia dzieci Breeze Charcoal XL (BKBCBREEZECHXL) BABY KTAN kr\u00f3tkie bajki na dobranoc do czytania, wr\u00f3\u017cby andrzejkowe kolory, lucjan, quiz spos\u00f3b na alcybiadesa, najpi\u0119kniejsze cytaty o przyja\u017ani yyyyy &nbsp;<\/p>\n","protected":false},"featured_media":4064,"comment_status":"closed","ping_status":"open","template":"","meta":[],"product_cat":[1179,1104],"product_tag":[867,612,749,862,751,868,794],"class_list":["post-4063","product","type-product","status-publish","has-post-thumbnail","hentry","product_cat-baby-ktan","product_cat-nosidelka-i-chusty","product_tag-kolorowanki-dla-dziewczynek","product_tag-kolorowanki-do-druku","product_tag-najlepsze-zarty-na-prima-aprilis","product_tag-nasza-zima-zla-tekst","product_tag-psi-patrol-kolorowanka","product_tag-quizy-dla-dzieci","product_tag-test-opowiesci-z-narnii-lew-czarownica-i-stara-szafa-do-druku"],"_links":{"self":[{"href":"http:\/\/klubmamgdynia.pl\/index.php\/wp-json\/wp\/v2\/product\/4063","targetHints":{"allow":["GET"]}}],"collection":[{"href":"http:\/\/klubmamgdynia.pl\/index.php\/wp-json\/wp\/v2\/product"}],"about":[{"href":"http:\/\/klubmamgdynia.pl\/index.php\/wp-json\/wp\/v2\/types\/product"}],"replies":[{"embeddable":true,"href":"http:\/\/klubmamgdynia.pl\/index.php\/wp-json\/wp\/v2\/comments?post=4063"}],"wp:featuredmedia":[{"embeddable":true,"href":"http:\/\/klubmamgdynia.pl\/index.php\/wp-json\/wp\/v2\/media\/4064"}],"wp:attachment":[{"href":"http:\/\/klubmamgdynia.pl\/index.php\/wp-json\/wp\/v2\/media?parent=4063"}],"wp:term":[{"taxonomy":"product_cat","embeddable":true,"href":"http:\/\/klubmamgdynia.pl\/index.php\/wp-json\/wp\/v2\/product_cat?post=4063"},{"taxonomy":"product_tag","embeddable":true,"href":"http:\/\/klubmamgdynia.pl\/index.php\/wp-json\/wp\/v2\/product_tag?post=4063"}],"curies":[{"name":"wp","href":"https:\/\/api.w.org\/{rel}","templated":true}]}}