{"id":4065,"date":"2017-10-04T22:01:00","date_gmt":"2017-10-04T20:01:00","guid":{"rendered":"http:\/\/klubmamgdynia.pl\/index.php\/produkt\/nobilis-tilia-kids-care-julinka-balsam-myjacy-do-okolic-intymnych-100ml\/"},"modified":"2026-05-17T22:03:48","modified_gmt":"2026-05-17T20:03:48","slug":"nobilis-tilia-kids-care-julinka-balsam-myjacy-do-okolic-intymnych-100ml","status":"publish","type":"product","link":"http:\/\/klubmamgdynia.pl\/index.php\/produkt\/nobilis-tilia-kids-care-julinka-balsam-myjacy-do-okolic-intymnych-100ml\/","title":{"rendered":"Nobilis Tilia Kids&#8217; Care J\u016flinka Balsam Myj\u0105cy Do Okolic Intymnych 100Ml"},"content":{"rendered":"<p>Nobilis Tilia Kids Care J\u016flinka balsam myj\u0105cy do okolic intymnych 100 ml. Nobilis Tilia Kids Care J\u016flinka najlepsza cena. Nobilis Tilia kup teraz.<\/p>\n<h2>Nobilis Tilia Kids Care J\u016flinka Balsam Myj\u0105cy Do Okolic Intymnych 100Ml <\/h2>\n<p>pomys\u0142 na prima aprilis, prezent na dzie\u0144 dziecka dla nastolatk\u00f3w, testy z zemsty, konie quiz, t\u0119cza kolorowanka<\/p>\n<p>yyyyy<\/p>\n<p>&nbsp;<\/p>\n","protected":false},"excerpt":{"rendered":"<p>Nobilis Tilia Kids Care J\u016flinka balsam myj\u0105cy do okolic intymnych 100 ml. Nobilis Tilia Kids Care J\u016flinka najlepsza cena. Nobilis Tilia kup teraz. Nobilis Tilia Kids Care J\u016flinka Balsam Myj\u0105cy Do Okolic Intymnych 100Ml pomys\u0142 na prima aprilis, prezent na dzie\u0144 dziecka dla nastolatk\u00f3w, testy z zemsty, konie quiz, t\u0119cza kolorowanka yyyyy &nbsp;<\/p>\n","protected":false},"featured_media":4066,"comment_status":"closed","ping_status":"open","template":"","meta":[],"product_cat":[474],"product_tag":[665,661,679,872,869,712,715],"class_list":["post-4065","product","type-product","status-publish","has-post-thumbnail","hentry","product_cat-kosmetyki-dla-dzieci-i-niemowlat","product_tag-proste-zagadki","product_tag-swinka-peppa-kolorowanka","product_tag-zabawki-na-roczek-dla-dziewczynki","product_tag-zagadki-dla-dzieci-6-lat","product_tag-zagadki-na-logike","product_tag-zagadki-o-zwierzetach","product_tag-zosia-samosia"],"_links":{"self":[{"href":"http:\/\/klubmamgdynia.pl\/index.php\/wp-json\/wp\/v2\/product\/4065","targetHints":{"allow":["GET"]}}],"collection":[{"href":"http:\/\/klubmamgdynia.pl\/index.php\/wp-json\/wp\/v2\/product"}],"about":[{"href":"http:\/\/klubmamgdynia.pl\/index.php\/wp-json\/wp\/v2\/types\/product"}],"replies":[{"embeddable":true,"href":"http:\/\/klubmamgdynia.pl\/index.php\/wp-json\/wp\/v2\/comments?post=4065"}],"wp:featuredmedia":[{"embeddable":true,"href":"http:\/\/klubmamgdynia.pl\/index.php\/wp-json\/wp\/v2\/media\/4066"}],"wp:attachment":[{"href":"http:\/\/klubmamgdynia.pl\/index.php\/wp-json\/wp\/v2\/media?parent=4065"}],"wp:term":[{"taxonomy":"product_cat","embeddable":true,"href":"http:\/\/klubmamgdynia.pl\/index.php\/wp-json\/wp\/v2\/product_cat?post=4065"},{"taxonomy":"product_tag","embeddable":true,"href":"http:\/\/klubmamgdynia.pl\/index.php\/wp-json\/wp\/v2\/product_tag?post=4065"}],"curies":[{"name":"wp","href":"https:\/\/api.w.org\/{rel}","templated":true}]}}