{"id":4067,"date":"2016-11-30T18:40:28","date_gmt":"2016-11-30T17:40:28","guid":{"rendered":"http:\/\/klubmamgdynia.pl\/index.php\/produkt\/mz-sluchawka-do-bidetki-acs50790\/"},"modified":"2026-04-30T20:24:54","modified_gmt":"2026-04-30T18:24:54","slug":"mz-sluchawka-do-bidetki-acs50790","status":"publish","type":"product","link":"http:\/\/klubmamgdynia.pl\/index.php\/produkt\/mz-sluchawka-do-bidetki-acs50790\/","title":{"rendered":"MZ S\u0142uchawka do bidetki ACS50790"},"content":{"rendered":"<p>S\u0142uchawka do zestawu z bidetk\u0105<\/p>\n<p>    z przyciskiem odcinaj\u0105cym strumie\u0144 wody<br \/>\n    wykonanie mosi\u0105dz<br \/>\n    kolor chrom<\/p>\n<h2>MZ S\u0142uchawka do bidetki ACS50790 M&amp;Z<\/h2>\n<p>rysunki do druku, trudne zagadki matematyczne, prezenty na dzie\u0144 dziecka dla nastolatk\u00f3w, szablony zimowe do wydruku, list do gwiazdora, jeziora blisko warszawy<\/p>\n<p>yyyyy<\/p>\n<p>&nbsp;<\/p>\n","protected":false},"excerpt":{"rendered":"<p>S\u0142uchawka do zestawu z bidetk\u0105 z przyciskiem odcinaj\u0105cym strumie\u0144 wody wykonanie mosi\u0105dz kolor chrom MZ S\u0142uchawka do bidetki ACS50790 M&amp;Z rysunki do druku, trudne zagadki matematyczne, prezenty na dzie\u0144 dziecka dla nastolatk\u00f3w, szablony zimowe do wydruku, list do gwiazdora, jeziora blisko warszawy yyyyy &nbsp;<\/p>\n","protected":false},"featured_media":4068,"comment_status":"closed","ping_status":"open","template":"","meta":[],"product_cat":[1177,1180],"product_tag":[686,645,757,824,712],"class_list":["post-4067","product","type-product","status-publish","has-post-thumbnail","hentry","product_cat-mz","product_cat-pozostala-armatura","product_tag-co-na-roczek-dla-chlopca","product_tag-latwe-zagadki","product_tag-test-z-lektury-ania-z-zielonego-wzgorza-klasa-6-z-odpowiedziami","product_tag-warszawa-atrakcje-dla-dzieci","product_tag-zagadki-o-zwierzetach"],"_links":{"self":[{"href":"http:\/\/klubmamgdynia.pl\/index.php\/wp-json\/wp\/v2\/product\/4067","targetHints":{"allow":["GET"]}}],"collection":[{"href":"http:\/\/klubmamgdynia.pl\/index.php\/wp-json\/wp\/v2\/product"}],"about":[{"href":"http:\/\/klubmamgdynia.pl\/index.php\/wp-json\/wp\/v2\/types\/product"}],"replies":[{"embeddable":true,"href":"http:\/\/klubmamgdynia.pl\/index.php\/wp-json\/wp\/v2\/comments?post=4067"}],"wp:featuredmedia":[{"embeddable":true,"href":"http:\/\/klubmamgdynia.pl\/index.php\/wp-json\/wp\/v2\/media\/4068"}],"wp:attachment":[{"href":"http:\/\/klubmamgdynia.pl\/index.php\/wp-json\/wp\/v2\/media?parent=4067"}],"wp:term":[{"taxonomy":"product_cat","embeddable":true,"href":"http:\/\/klubmamgdynia.pl\/index.php\/wp-json\/wp\/v2\/product_cat?post=4067"},{"taxonomy":"product_tag","embeddable":true,"href":"http:\/\/klubmamgdynia.pl\/index.php\/wp-json\/wp\/v2\/product_tag?post=4067"}],"curies":[{"name":"wp","href":"https:\/\/api.w.org\/{rel}","templated":true}]}}