{"id":4069,"date":"2023-06-12T18:45:09","date_gmt":"2023-06-12T16:45:09","guid":{"rendered":"http:\/\/klubmamgdynia.pl\/?post_type=product&#038;p=4069"},"modified":"2026-05-17T23:01:11","modified_gmt":"2026-05-17T21:01:11","slug":"kokoso-baby-balsam-ochronny-dla-niemowlat-skincare-soft-balm-stick-45g","status":"publish","type":"product","link":"http:\/\/klubmamgdynia.pl\/index.php\/produkt\/kokoso-baby-balsam-ochronny-dla-niemowlat-skincare-soft-balm-stick-45g\/","title":{"rendered":"Kokoso Baby Balsam Ochronny Dla Niemowl\u0105t Skincare Soft Balm Stick 45G"},"content":{"rendered":"<p>Kokoso Baby Skincare Soft Balm Stick &#8211; Balsam ochronny dla niemowl\u0105t<\/p>\n<h2>Kokoso Baby Balsam Ochronny Dla Niemowl\u0105t Skincare Soft Balm Stick 45G Kokoso Baby<\/h2>\n<p>mapa polski do druku, zagadki dla 4 latka, eksperyment dla dzieci wulkan, zabawy na bal karnawa\u0142owy w przedszkolu, wzruszaj\u0105ce s\u0142owa dla przyjaci\u00f3\u0142ki, zagadki matematyczne dla przedszkolak\u00f3w<\/p>\n<p>yyyyy<\/p>\n<p>&nbsp;<\/p>\n","protected":false},"excerpt":{"rendered":"<p>Kokoso Baby Skincare Soft Balm Stick &#8211; Balsam ochronny dla niemowl\u0105t Kokoso Baby Balsam Ochronny Dla Niemowl\u0105t Skincare Soft Balm Stick 45G Kokoso Baby mapa polski do druku, zagadki dla 4 latka, eksperyment dla dzieci wulkan, zabawy na bal karnawa\u0142owy w przedszkolu, wzruszaj\u0105ce s\u0142owa dla przyjaci\u00f3\u0142ki, zagadki matematyczne dla przedszkolak\u00f3w yyyyy &nbsp;<\/p>\n","protected":false},"featured_media":4070,"comment_status":"closed","ping_status":"open","template":"","meta":[],"product_cat":[1181,474],"product_tag":[839,619,741,709],"class_list":["post-4069","product","type-product","status-publish","has-post-thumbnail","hentry","product_cat-kokoso-baby","product_cat-kosmetyki-dla-dzieci-i-niemowlat","product_tag-bajki-na-dobranoc-do-czytania","product_tag-iwo-imie","product_tag-wlochy","product_tag-zagadki-dla-dzieci-6-7-lat"],"_links":{"self":[{"href":"http:\/\/klubmamgdynia.pl\/index.php\/wp-json\/wp\/v2\/product\/4069","targetHints":{"allow":["GET"]}}],"collection":[{"href":"http:\/\/klubmamgdynia.pl\/index.php\/wp-json\/wp\/v2\/product"}],"about":[{"href":"http:\/\/klubmamgdynia.pl\/index.php\/wp-json\/wp\/v2\/types\/product"}],"replies":[{"embeddable":true,"href":"http:\/\/klubmamgdynia.pl\/index.php\/wp-json\/wp\/v2\/comments?post=4069"}],"wp:featuredmedia":[{"embeddable":true,"href":"http:\/\/klubmamgdynia.pl\/index.php\/wp-json\/wp\/v2\/media\/4070"}],"wp:attachment":[{"href":"http:\/\/klubmamgdynia.pl\/index.php\/wp-json\/wp\/v2\/media?parent=4069"}],"wp:term":[{"taxonomy":"product_cat","embeddable":true,"href":"http:\/\/klubmamgdynia.pl\/index.php\/wp-json\/wp\/v2\/product_cat?post=4069"},{"taxonomy":"product_tag","embeddable":true,"href":"http:\/\/klubmamgdynia.pl\/index.php\/wp-json\/wp\/v2\/product_tag?post=4069"}],"curies":[{"name":"wp","href":"https:\/\/api.w.org\/{rel}","templated":true}]}}