{"id":4075,"date":"2020-12-10T04:48:12","date_gmt":"2020-12-10T03:48:12","guid":{"rendered":"http:\/\/klubmamgdynia.pl\/index.php\/produkt\/naturalme-pianka-prebiotyczna-do-ciala-i-wlosow-dla-dzieci-bezzapachowa-170ml\/"},"modified":"2026-04-05T22:15:27","modified_gmt":"2026-04-05T20:15:27","slug":"naturalme-pianka-prebiotyczna-do-ciala-i-wlosow-dla-dzieci-bezzapachowa-170ml","status":"publish","type":"product","link":"http:\/\/klubmamgdynia.pl\/index.php\/produkt\/naturalme-pianka-prebiotyczna-do-ciala-i-wlosow-dla-dzieci-bezzapachowa-170ml\/","title":{"rendered":"Naturalme Pianka Prebiotyczna Do Cia\u0142a I W\u0142os\u00f3w Dla Dzieci Bezzapachowa 170Ml"},"content":{"rendered":"<p>NaturalME &#8211; pianka prebiotyczna do cia\u0142a i w\u0142os\u00f3w dla dzieciPrebiotyczna, bezzapachowa pianka do mycia cia\u0142a i w\u0142os\u00f3w dla dzieci i niemowl\u0105t po 1. miesi\u0105cu \u017cycia. Prosta formu\u0142a oparta na bazie \u0142agodnych, biodegradowalnych substancji myj\u0105cych, kt\u00f3re nie naruszaj\u0105 bariery hydrolipidowej sk\u00f3ry. I<\/p>\n<h2>Naturalme Pianka Prebiotyczna Do Cia\u0142a I W\u0142os\u00f3w Dla Dzieci Bezzapachowa 170Ml <\/h2>\n<p>bezwarunkowa mi\u0142o\u015b\u0107 do dziecka cytaty, zagadki dla dzieci 6 lat, co na prezent dla nastolatk\u00f3w, jazda konna dla dzieci<\/p>\n<p>yyyyy<\/p>\n<p>&nbsp;<\/p>\n","protected":false},"excerpt":{"rendered":"<p>NaturalME &#8211; pianka prebiotyczna do cia\u0142a i w\u0142os\u00f3w dla dzieciPrebiotyczna, bezzapachowa pianka do mycia cia\u0142a i w\u0142os\u00f3w dla dzieci i niemowl\u0105t po 1. miesi\u0105cu \u017cycia. Prosta formu\u0142a oparta na bazie \u0142agodnych, biodegradowalnych substancji myj\u0105cych, kt\u00f3re nie naruszaj\u0105 bariery hydrolipidowej sk\u00f3ry. I Naturalme Pianka Prebiotyczna Do Cia\u0142a I W\u0142os\u00f3w Dla Dzieci Bezzapachowa 170Ml bezwarunkowa mi\u0142o\u015b\u0107 do [&hellip;]<\/p>\n","protected":false},"featured_media":4076,"comment_status":"closed","ping_status":"open","template":"","meta":[],"product_cat":[474],"product_tag":[590,687,604],"class_list":["post-4075","product","type-product","status-publish","has-post-thumbnail","hentry","product_cat-kosmetyki-dla-dzieci-i-niemowlat","product_tag-plac-zabaw-warszawa","product_tag-podchwytliwe-zagadki-matematyczne","product_tag-zagadki-trudne"],"_links":{"self":[{"href":"http:\/\/klubmamgdynia.pl\/index.php\/wp-json\/wp\/v2\/product\/4075","targetHints":{"allow":["GET"]}}],"collection":[{"href":"http:\/\/klubmamgdynia.pl\/index.php\/wp-json\/wp\/v2\/product"}],"about":[{"href":"http:\/\/klubmamgdynia.pl\/index.php\/wp-json\/wp\/v2\/types\/product"}],"replies":[{"embeddable":true,"href":"http:\/\/klubmamgdynia.pl\/index.php\/wp-json\/wp\/v2\/comments?post=4075"}],"wp:featuredmedia":[{"embeddable":true,"href":"http:\/\/klubmamgdynia.pl\/index.php\/wp-json\/wp\/v2\/media\/4076"}],"wp:attachment":[{"href":"http:\/\/klubmamgdynia.pl\/index.php\/wp-json\/wp\/v2\/media?parent=4075"}],"wp:term":[{"taxonomy":"product_cat","embeddable":true,"href":"http:\/\/klubmamgdynia.pl\/index.php\/wp-json\/wp\/v2\/product_cat?post=4075"},{"taxonomy":"product_tag","embeddable":true,"href":"http:\/\/klubmamgdynia.pl\/index.php\/wp-json\/wp\/v2\/product_tag?post=4075"}],"curies":[{"name":"wp","href":"https:\/\/api.w.org\/{rel}","templated":true}]}}