{"id":4077,"date":"2019-03-13T19:57:35","date_gmt":"2019-03-13T18:57:35","guid":{"rendered":"http:\/\/klubmamgdynia.pl\/index.php\/produkt\/mga-bratz-20-yearz-samochod-kabriolet-rock-angelz-cruiser-577829\/"},"modified":"2026-04-19T03:58:03","modified_gmt":"2026-04-19T01:58:03","slug":"mga-bratz-20-yearz-samochod-kabriolet-rock-angelz-cruiser-577829","status":"publish","type":"product","link":"http:\/\/klubmamgdynia.pl\/index.php\/produkt\/mga-bratz-20-yearz-samochod-kabriolet-rock-angelz-cruiser-577829\/","title":{"rendered":"Mga Bratz 20 Yearz Samoch\u00f3d Kabriolet Rock Angelz Cruiser 577829"},"content":{"rendered":"<p>Sprawd\u017a tak\u017ce                            <\/p>\n<p>            Mga Bratz Rock Angelz &#8211; Lalka Cloe Z Akcesoriami Muzycznymi 577782<\/p>\n<p>                        od<br \/>\n                            129,00<br \/>\n                            z\u0142<\/p>\n<p>            Mga Bratz Rock Angelz Lalka Yasmin Z Akcesoriami Muzycznymi 577799<\/p>\n<p>                        od<br \/>\n                            139,90<br \/>\n                            z\u0142<\/p>\n<p>            Mga Bratz Rock Angelz Lalka Jade Z Akcesoriami Muzycznymi 577805<\/p>\n<p>                        od<br \/>\n                            129,00<br \/>\n                            z\u0142<\/p>\n<p>            Mga Bratz Gcds Modna Lalka Sasha Edycja Specjalna Designer 573494<\/p>\n<p>                        od<br \/>\n                            229,00<br \/>\n                            z\u0142<\/p>\n<p>            Mga Bratz Gcds Modna Lalka Yasmin Edycja Specjalna Designer 573470<\/p>\n<p>                        od<br \/>\n                            249,90<br \/>\n                            z\u0142<\/p>\n<p>            Mga Bratz 20 Yearz Samoch\u00f3d Kabriolet Rock Angelz Cruiser 577829<\/p>\n<p>                        od<br \/>\n                            149,90<br \/>\n                            z\u0142<\/p>\n<h2>Mga Bratz 20 Yearz Samoch\u00f3d Kabriolet Rock Angelz Cruiser 577829 MGA<\/h2>\n<p>bajki halloween, linda, zagdki, imi\u0119 pola, julian, psi patrol zadania do druku, zagadki rymowanki dla dzieci, prezent na pierwsze urodziny, maski na twarz dla dzieci do wydruku, wielkanocne zagadki<\/p>\n<p>yyyyy<\/p>\n<p>&nbsp;<\/p>\n","protected":false},"excerpt":{"rendered":"<p>Sprawd\u017a tak\u017ce Mga Bratz Rock Angelz &#8211; Lalka Cloe Z Akcesoriami Muzycznymi 577782 od 129,00 z\u0142 Mga Bratz Rock Angelz Lalka Yasmin Z Akcesoriami Muzycznymi 577799 od 139,90 z\u0142 Mga Bratz Rock Angelz Lalka Jade Z Akcesoriami Muzycznymi 577805 od 129,00 z\u0142 Mga Bratz Gcds Modna Lalka Sasha Edycja Specjalna Designer 573494 od 229,00 z\u0142 [&hellip;]<\/p>\n","protected":false},"featured_media":4078,"comment_status":"closed","ping_status":"open","template":"","meta":[],"product_cat":[172,301],"product_tag":[645,796,820],"class_list":["post-4077","product","type-product","status-publish","has-post-thumbnail","hentry","product_cat-akcesoria-dla-lalek","product_cat-mga","product_tag-latwe-zagadki","product_tag-zagatki","product_tag-ziemia-wyspa-zielona-tekst"],"_links":{"self":[{"href":"http:\/\/klubmamgdynia.pl\/index.php\/wp-json\/wp\/v2\/product\/4077","targetHints":{"allow":["GET"]}}],"collection":[{"href":"http:\/\/klubmamgdynia.pl\/index.php\/wp-json\/wp\/v2\/product"}],"about":[{"href":"http:\/\/klubmamgdynia.pl\/index.php\/wp-json\/wp\/v2\/types\/product"}],"replies":[{"embeddable":true,"href":"http:\/\/klubmamgdynia.pl\/index.php\/wp-json\/wp\/v2\/comments?post=4077"}],"wp:featuredmedia":[{"embeddable":true,"href":"http:\/\/klubmamgdynia.pl\/index.php\/wp-json\/wp\/v2\/media\/4078"}],"wp:attachment":[{"href":"http:\/\/klubmamgdynia.pl\/index.php\/wp-json\/wp\/v2\/media?parent=4077"}],"wp:term":[{"taxonomy":"product_cat","embeddable":true,"href":"http:\/\/klubmamgdynia.pl\/index.php\/wp-json\/wp\/v2\/product_cat?post=4077"},{"taxonomy":"product_tag","embeddable":true,"href":"http:\/\/klubmamgdynia.pl\/index.php\/wp-json\/wp\/v2\/product_tag?post=4077"}],"curies":[{"name":"wp","href":"https:\/\/api.w.org\/{rel}","templated":true}]}}