{"id":4079,"date":"2016-12-02T05:58:59","date_gmt":"2016-12-02T04:58:59","guid":{"rendered":"http:\/\/klubmamgdynia.pl\/index.php\/produkt\/barbie-ubranko-dla-lalki-zolto-czarna-tunika-fpw43-fkr66\/"},"modified":"2026-04-03T21:43:36","modified_gmt":"2026-04-03T19:43:36","slug":"barbie-ubranko-dla-lalki-zolto-czarna-tunika-fpw43-fkr66","status":"publish","type":"product","link":"http:\/\/klubmamgdynia.pl\/index.php\/produkt\/barbie-ubranko-dla-lalki-zolto-czarna-tunika-fpw43-fkr66\/","title":{"rendered":"Barbie Ubranko dla lalki \u017c\u00f3\u0142to-czarna tunika FPW43 FKR66"},"content":{"rendered":"<p>Barbie FPW43 Ubranko dla lalki \u017c\u00f3\u0142to-czarna tunika + czerwona torebka w kszta\u0142cie serca. Barbie uwielbia \u0142\u0105czy\u0107 najnowsze trendy ze swoim indywidualnym stylem. W tej kolekcji stroj\u00f3w Barbie zebra\u0142a niekt\u00f3re ze swoich ulubionych modowych motyw\u00f3w. Ka\u017cdy komplet jeden str\u00f3j i dwa akcesoria &#8211; \u0142\u0105czy w sobie rozpoznawalne detale i motywy. Do wyboru ubranka nawi\u0105zuj\u0105ce do takich ulubionych marek, jak Snoopy, Atom\u00f3wki, Toy Story, Hello Kitty, Troskliwe Misie, Minionki, Super Mario i Superbohaterki DC. Eksperymentuj z mod\u0105, kreuj r\u00f3\u017cnorodne stylizacje i odkrywaj w\u0142asny styl. Dzi\u0119ki wi\u0119kszej r\u00f3\u017cnorodno\u015bci styl\u00f3w (i jeszcze wi\u0119kszej liczbie ubranek, but\u00f3w i dodatk\u00f3w) dzieci na ca\u0142ym \u015bwiecie zyskaj\u0105 niesko\u0144czenie wi\u0119cej sposob\u00f3w na wyra\u017cenie siebie i odegranie historyjek, kt\u00f3re podsuwa im wyobra\u017ania, bo z Barbie mo\u017cesz by\u0107 kim chcesz! Zabawka przeznaczona jest dla dzieci w wieku od 3 lat. Producent: MATTEL Kod producenta: FPW443<\/p>\n<h2>Barbie Ubranko dla lalki \u017c\u00f3\u0142to-czarna tunika FPW43 FKR66 Barbie<\/h2>\n<p>zagadki rymowanki dla dzieci, tekst kolysanek, krzy\u017c\u00f3wki dla dzieci do druku, quizy ma\u0142y ksi\u0105\u017c\u0119, traktory do druku, kolorowanki dla dzieci do druku, cytaty o przyjazni, zabawy miko\u0142ajkowe dla dzieci, wroclaw atrakcje dla dzieci, kolorowanki do druku konie, naj\u0142adniejsze ko\u0142ysanki dla dzieci, test z opowie\u015bci z narnii, kolorowanki na dzie\u0144 babci, bajka dla niemowlaka, magiczne drzewo czerwone krzes\u0142o test, opis do zdj\u0119cia dziecka, aron imi\u0119, sporty po francusku, zagadki dla dzieci 6 lat, kalina imi\u0119<\/p>\n<p>yyyyy<\/p>\n<p>&nbsp;<\/p>\n","protected":false},"excerpt":{"rendered":"<p>Barbie FPW43 Ubranko dla lalki \u017c\u00f3\u0142to-czarna tunika + czerwona torebka w kszta\u0142cie serca. Barbie uwielbia \u0142\u0105czy\u0107 najnowsze trendy ze swoim indywidualnym stylem. W tej kolekcji stroj\u00f3w Barbie zebra\u0142a niekt\u00f3re ze swoich ulubionych modowych motyw\u00f3w. Ka\u017cdy komplet jeden str\u00f3j i dwa akcesoria &#8211; \u0142\u0105czy w sobie rozpoznawalne detale i motywy. Do wyboru ubranka nawi\u0105zuj\u0105ce do takich [&hellip;]<\/p>\n","protected":false},"featured_media":4080,"comment_status":"closed","ping_status":"open","template":"","meta":[],"product_cat":[173,50],"product_tag":[839,605,738,588,756],"class_list":["post-4079","product","type-product","status-publish","has-post-thumbnail","hentry","product_cat-barbie","product_cat-ubranka-i-buty-dla-lalek","product_tag-bajki-na-dobranoc-do-czytania","product_tag-milena","product_tag-wroclaw-dla-dzieci","product_tag-wzruszajace-slowa-dla-przyjaciela","product_tag-zaproszenie-na-urodziny-do-druku"],"_links":{"self":[{"href":"http:\/\/klubmamgdynia.pl\/index.php\/wp-json\/wp\/v2\/product\/4079","targetHints":{"allow":["GET"]}}],"collection":[{"href":"http:\/\/klubmamgdynia.pl\/index.php\/wp-json\/wp\/v2\/product"}],"about":[{"href":"http:\/\/klubmamgdynia.pl\/index.php\/wp-json\/wp\/v2\/types\/product"}],"replies":[{"embeddable":true,"href":"http:\/\/klubmamgdynia.pl\/index.php\/wp-json\/wp\/v2\/comments?post=4079"}],"wp:featuredmedia":[{"embeddable":true,"href":"http:\/\/klubmamgdynia.pl\/index.php\/wp-json\/wp\/v2\/media\/4080"}],"wp:attachment":[{"href":"http:\/\/klubmamgdynia.pl\/index.php\/wp-json\/wp\/v2\/media?parent=4079"}],"wp:term":[{"taxonomy":"product_cat","embeddable":true,"href":"http:\/\/klubmamgdynia.pl\/index.php\/wp-json\/wp\/v2\/product_cat?post=4079"},{"taxonomy":"product_tag","embeddable":true,"href":"http:\/\/klubmamgdynia.pl\/index.php\/wp-json\/wp\/v2\/product_tag?post=4079"}],"curies":[{"name":"wp","href":"https:\/\/api.w.org\/{rel}","templated":true}]}}