{"id":4081,"date":"2015-06-12T20:00:27","date_gmt":"2015-06-12T18:00:27","guid":{"rendered":"http:\/\/klubmamgdynia.pl\/index.php\/produkt\/marba-huhu-galaretka-kapielowa-mango-100g\/"},"modified":"2026-04-03T11:59:15","modified_gmt":"2026-04-03T09:59:15","slug":"marba-huhu-galaretka-kapielowa-mango-100g","status":"publish","type":"product","link":"http:\/\/klubmamgdynia.pl\/index.php\/produkt\/marba-huhu-galaretka-kapielowa-mango-100g\/","title":{"rendered":"Marba HUHU Galaretka k\u0105pielowa Mango 100g"},"content":{"rendered":"<p>HUHU &#8211; Galaretka k\u0105pielowa Mango 100gHUHU &#8211; Galaretka k\u0105pielowa Mango 100gHUHU &#8211; Galaretka k\u0105pielowa Mango 100gTwoje dziecko dopad\u0142a rutyna podczas wieczornych k\u0105pieli? Zmie\u0144 to!Pobud\u017a wyobra\u017ani\u0119 swojego dziecka i urz\u0105d\u017a trzymaj\u0105ce w napi\u0119ciu zawody zr\u0119czno\u015bciowe wraz z Galaretk\u0105 k\u0105pielow\u0105 HUHU!Galaretka k\u0105pielowa HUHU ma intryguj\u0105c\u0105, \u017celow\u0105 konsystencj\u0119.Po zwil\u017ceniu staje si\u0119 \u017belkostworem! Pan \u017belkostw\u00f3r to gagatek i ucieka z ma\u0142ych \u0142apek! Trzymaj go mocno, \u017ceby nie uciek\u0142 Ci z r\u0105k!Mycie i zabawa = \u015bwietna sprawa!Galaretka k\u0105pielowa HUHU o zapachu egzotycznego mango po zwil\u017ceniu wod\u0105 pieni si\u0119 i delikatnie myje sk\u00f3r\u0119 Twojego dziecka. Po k\u0105pieli sk\u00f3ra malucha jest mi\u0119kka i nawil\u017cona. We wn\u0119trzu opakowania znajdziesz zabawk\u0119 niespodziank\u0119, kt\u00f3ra umili niejedn\u0105 k\u0105piel i wywo\u0142a u\u015bmiech na twarzy Twojego szkraba!Zastosowanie produktu jest dziecinnie proste! Wyjmij zawarto\u015b\u0107 z opakowania i czerp przyjemno\u015b\u0107 z k\u0105pieli dziecka!https:\/\/sklep.emarba.com\/img\/p\/3\/5\/4\/354.jpg7.99Strona g\u0142\u00f3wna\/Dziecko59022305086755902230508675_M<\/p>\n<h2>Marba HUHU Galaretka k\u0105pielowa Mango 100g Marba<\/h2>\n<p>prezent dla nastolatki, prezent dla ch\u0142opca 7 lat, buziak gify na dobranoc smieszne, przyjazn, rzadkie imiona \u017ce\u0144skie, stolice europy quiz, po \u0142\u0105ce biega lato tekst<\/p>\n<p>yyyyy<\/p>\n<p>&nbsp;<\/p>\n","protected":false},"excerpt":{"rendered":"<p>HUHU &#8211; Galaretka k\u0105pielowa Mango 100gHUHU &#8211; Galaretka k\u0105pielowa Mango 100gHUHU &#8211; Galaretka k\u0105pielowa Mango 100gTwoje dziecko dopad\u0142a rutyna podczas wieczornych k\u0105pieli? Zmie\u0144 to!Pobud\u017a wyobra\u017ani\u0119 swojego dziecka i urz\u0105d\u017a trzymaj\u0105ce w napi\u0119ciu zawody zr\u0119czno\u015bciowe wraz z Galaretk\u0105 k\u0105pielow\u0105 HUHU!Galaretka k\u0105pielowa HUHU ma intryguj\u0105c\u0105, \u017celow\u0105 konsystencj\u0119.Po zwil\u017ceniu staje si\u0119 \u017belkostworem! Pan \u017belkostw\u00f3r to gagatek i ucieka [&hellip;]<\/p>\n","protected":false},"featured_media":4082,"comment_status":"closed","ping_status":"open","template":"","meta":[],"product_cat":[474,1182],"product_tag":[851,855,800],"class_list":["post-4081","product","type-product","status-publish","has-post-thumbnail","hentry","product_cat-kosmetyki-dla-dzieci-i-niemowlat","product_cat-marba","product_tag-jak-narysowac-kota","product_tag-nietypowe-imiona-zenskie","product_tag-zagadki-smieszne"],"_links":{"self":[{"href":"http:\/\/klubmamgdynia.pl\/index.php\/wp-json\/wp\/v2\/product\/4081","targetHints":{"allow":["GET"]}}],"collection":[{"href":"http:\/\/klubmamgdynia.pl\/index.php\/wp-json\/wp\/v2\/product"}],"about":[{"href":"http:\/\/klubmamgdynia.pl\/index.php\/wp-json\/wp\/v2\/types\/product"}],"replies":[{"embeddable":true,"href":"http:\/\/klubmamgdynia.pl\/index.php\/wp-json\/wp\/v2\/comments?post=4081"}],"wp:featuredmedia":[{"embeddable":true,"href":"http:\/\/klubmamgdynia.pl\/index.php\/wp-json\/wp\/v2\/media\/4082"}],"wp:attachment":[{"href":"http:\/\/klubmamgdynia.pl\/index.php\/wp-json\/wp\/v2\/media?parent=4081"}],"wp:term":[{"taxonomy":"product_cat","embeddable":true,"href":"http:\/\/klubmamgdynia.pl\/index.php\/wp-json\/wp\/v2\/product_cat?post=4081"},{"taxonomy":"product_tag","embeddable":true,"href":"http:\/\/klubmamgdynia.pl\/index.php\/wp-json\/wp\/v2\/product_tag?post=4081"}],"curies":[{"name":"wp","href":"https:\/\/api.w.org\/{rel}","templated":true}]}}