{"id":4085,"date":"2020-10-03T17:47:19","date_gmt":"2020-10-03T15:47:19","guid":{"rendered":"http:\/\/klubmamgdynia.pl\/index.php\/produkt\/spin-master-pojazd-psi-patrol-die-cast-zuma\/"},"modified":"2026-05-01T01:05:34","modified_gmt":"2026-04-30T23:05:34","slug":"spin-master-pojazd-psi-patrol-die-cast-zuma","status":"publish","type":"product","link":"http:\/\/klubmamgdynia.pl\/index.php\/produkt\/spin-master-pojazd-psi-patrol-die-cast-zuma\/","title":{"rendered":"Spin Master Pojazd Psi Patrol Die-Cast Zuma"},"content":{"rendered":"<p>Pojazd Die-Cast Psi Patrol Ruszaj na ratunek najszybciej jak si\u0119 da z nowymi pojazdami Psi Patrol True Metal! Te niesamowite metalowe modele w skali 1;55 wygl\u0105daj\u0105 dok\u0142adnie tak jak te znane ci z twojego ulubionego serialu TV. Dzi\u0119ki wielu detalom i grafikom na karoserii, prawdziwym ko\u0142om i odlanym z metalu elementom te maszyny dotr\u0105 na miejsce akcji jako pierwsze! We\u017a go do r\u0119ki, przygotuj i jednym ruchem wy\u015blij do akcji! Za kierownic\u0105 ka\u017cdego z nich siedzi zwierzak z zabawnie powiewaj\u0105cymi na wietrze uszami. Ta niezwyk\u0142a kolekcja pojazd\u00f3w Psi Patrol True Metal mo\u017ce by\u0107 naprawd\u0119 bogata! Znajdziesz w niej r\u00f3\u017cne samochodziki, od klasycznych modeli, po Mighty Pups i super rzadkie egzemplarze. Na pewno jest w\u015br\u00f3d nich twoja ulubiona maszyna! Dzi\u0119ki specjalnemu plakatowi kolekcjonera ka\u017cdy z was mo\u017ce mie\u0107 na oku stan swojej kolekcji. Ruszaj do akcji z twoim nowym pojazdem PAW Patrol True Metal.Wiele mo\u017cliwo\u015bci: W tej serii znajdziesz mn\u00f3stwo pi\u0119knych modeli dla swojej kolekcji, od klasycznych modeli, po te super rzadkie. Sprawdzaj stan swojej kolekcji dzi\u0119ki specjalnemu plakatowi kolekcjonera!Pojazdy Psi Patrol True Metal to wspania\u0142y prezent dla wszystkich dzieci powy\u017cej 3 roku \u017cycia. Zbierz je wszystkie i szykuj si\u0119 na wielkie emocje i nowe wyzwania.<\/p>\n<h2>Spin Master Pojazd Psi Patrol Die-Cast Zuma Spin Master<\/h2>\n<p>alfabet kolorowanka, piosenka na dzie\u0144 nauczyciela przedszkole, jak narysowa\u0107 anio\u0142ka, zagadki na inteligencj\u0119, znane misie z bajek, kalina imi\u0119, co kupi\u0107 nastolatce na \u015bwi\u0119ta, szlaczki dla dzieci<\/p>\n<p>yyyyy<\/p>\n<p>&nbsp;<\/p>\n","protected":false},"excerpt":{"rendered":"<p>Pojazd Die-Cast Psi Patrol Ruszaj na ratunek najszybciej jak si\u0119 da z nowymi pojazdami Psi Patrol True Metal! Te niesamowite metalowe modele w skali 1;55 wygl\u0105daj\u0105 dok\u0142adnie tak jak te znane ci z twojego ulubionego serialu TV. Dzi\u0119ki wielu detalom i grafikom na karoserii, prawdziwym ko\u0142om i odlanym z metalu elementom te maszyny dotr\u0105 na [&hellip;]<\/p>\n","protected":false},"featured_media":4086,"comment_status":"closed","ping_status":"open","template":"","meta":[],"product_cat":[83,94],"product_tag":[700,672,708],"class_list":["post-4085","product","type-product","status-publish","has-post-thumbnail","hentry","product_cat-auta-i-inne-pojazdy-do-zabawy","product_cat-spin-master","product_tag-bajki-do-czytania-dla-dzieci","product_tag-trudne-zagadki-z-odpowiedziami","product_tag-zabawy-ruchowe-dla-dzieci"],"_links":{"self":[{"href":"http:\/\/klubmamgdynia.pl\/index.php\/wp-json\/wp\/v2\/product\/4085","targetHints":{"allow":["GET"]}}],"collection":[{"href":"http:\/\/klubmamgdynia.pl\/index.php\/wp-json\/wp\/v2\/product"}],"about":[{"href":"http:\/\/klubmamgdynia.pl\/index.php\/wp-json\/wp\/v2\/types\/product"}],"replies":[{"embeddable":true,"href":"http:\/\/klubmamgdynia.pl\/index.php\/wp-json\/wp\/v2\/comments?post=4085"}],"wp:featuredmedia":[{"embeddable":true,"href":"http:\/\/klubmamgdynia.pl\/index.php\/wp-json\/wp\/v2\/media\/4086"}],"wp:attachment":[{"href":"http:\/\/klubmamgdynia.pl\/index.php\/wp-json\/wp\/v2\/media?parent=4085"}],"wp:term":[{"taxonomy":"product_cat","embeddable":true,"href":"http:\/\/klubmamgdynia.pl\/index.php\/wp-json\/wp\/v2\/product_cat?post=4085"},{"taxonomy":"product_tag","embeddable":true,"href":"http:\/\/klubmamgdynia.pl\/index.php\/wp-json\/wp\/v2\/product_tag?post=4085"}],"curies":[{"name":"wp","href":"https:\/\/api.w.org\/{rel}","templated":true}]}}