{"id":4087,"date":"2023-06-20T08:19:24","date_gmt":"2023-06-20T06:19:24","guid":{"rendered":"http:\/\/klubmamgdynia.pl\/?post_type=product&#038;p=4087"},"modified":"2026-04-20T18:31:50","modified_gmt":"2026-04-20T16:31:50","slug":"adar-zestaw-lekarski-w-walizce-479104-zabawka","status":"publish","type":"product","link":"http:\/\/klubmamgdynia.pl\/index.php\/produkt\/adar-zestaw-lekarski-w-walizce-479104-zabawka\/","title":{"rendered":"Adar Zestaw Lekarski W Walizce 479104 &#8211; Zabawka"},"content":{"rendered":"<p>ND17_ZB-115910 Zestaw lekarski w walizce 4791045901271479104ND17_ZB-115910 Zestaw lekarski w walizce 479104INFORMACJA : Je\u017celi na zdj\u0119ciach pokazane s\u0105 produkty w kilku kolorach lub kszta\u0142tach , b\u0105d\u017a zobrazowany jest ca\u0142y display lub opakowanie zbiorcze z produktami. Nale\u017cy przez to rozumie\u0107 \u017ce cena dotyczy jednej sztuki danego produktu , nie jego wielokrotno\u015bci.<\/p>\n<h2>Adar Zestaw Lekarski W Walizce 479104 &#8211; Zabawka Adar<\/h2>\n<p>bajka na dobranoc do czytania, zagadki z odpowiedziami dla dzieci, kalina imi\u0119, kr\u00f3tkie bajki dla dzieci, kolorowanki kotki do druku, opisy do zdj z dzieckiem, nietypowe imiona damskie<\/p>\n<p>yyyyy<\/p>\n<p>&nbsp;<\/p>\n","protected":false},"excerpt":{"rendered":"<p>ND17_ZB-115910 Zestaw lekarski w walizce 4791045901271479104ND17_ZB-115910 Zestaw lekarski w walizce 479104INFORMACJA : Je\u017celi na zdj\u0119ciach pokazane s\u0105 produkty w kilku kolorach lub kszta\u0142tach , b\u0105d\u017a zobrazowany jest ca\u0142y display lub opakowanie zbiorcze z produktami. Nale\u017cy przez to rozumie\u0107 \u017ce cena dotyczy jednej sztuki danego produktu , nie jego wielokrotno\u015bci. Adar Zestaw Lekarski W Walizce 479104 [&hellip;]<\/p>\n","protected":false},"featured_media":4088,"comment_status":"closed","ping_status":"open","template":"","meta":[],"product_cat":[175,53],"product_tag":[839,707,780,584,818,586,607],"class_list":["post-4087","product","type-product","status-publish","has-post-thumbnail","hentry","product_cat-adar","product_cat-kaciki-zabaw","product_tag-bajki-na-dobranoc-do-czytania","product_tag-karty-pracy-dla-dzieci-z-ukrainy","product_tag-krecik-bajka","product_tag-liwia","product_tag-oliwier","product_tag-smieszne-zagadki","product_tag-zarty-na-prima-aprilis-dla-rodzicow"],"_links":{"self":[{"href":"http:\/\/klubmamgdynia.pl\/index.php\/wp-json\/wp\/v2\/product\/4087","targetHints":{"allow":["GET"]}}],"collection":[{"href":"http:\/\/klubmamgdynia.pl\/index.php\/wp-json\/wp\/v2\/product"}],"about":[{"href":"http:\/\/klubmamgdynia.pl\/index.php\/wp-json\/wp\/v2\/types\/product"}],"replies":[{"embeddable":true,"href":"http:\/\/klubmamgdynia.pl\/index.php\/wp-json\/wp\/v2\/comments?post=4087"}],"wp:featuredmedia":[{"embeddable":true,"href":"http:\/\/klubmamgdynia.pl\/index.php\/wp-json\/wp\/v2\/media\/4088"}],"wp:attachment":[{"href":"http:\/\/klubmamgdynia.pl\/index.php\/wp-json\/wp\/v2\/media?parent=4087"}],"wp:term":[{"taxonomy":"product_cat","embeddable":true,"href":"http:\/\/klubmamgdynia.pl\/index.php\/wp-json\/wp\/v2\/product_cat?post=4087"},{"taxonomy":"product_tag","embeddable":true,"href":"http:\/\/klubmamgdynia.pl\/index.php\/wp-json\/wp\/v2\/product_tag?post=4087"}],"curies":[{"name":"wp","href":"https:\/\/api.w.org\/{rel}","templated":true}]}}