{"id":4089,"date":"2020-12-31T10:53:32","date_gmt":"2020-12-31T09:53:32","guid":{"rendered":"http:\/\/klubmamgdynia.pl\/index.php\/produkt\/applaws-cat-kurczak-75kg\/"},"modified":"2026-04-30T11:20:54","modified_gmt":"2026-04-30T09:20:54","slug":"applaws-cat-kurczak-75kg","status":"publish","type":"product","link":"http:\/\/klubmamgdynia.pl\/index.php\/produkt\/applaws-cat-kurczak-75kg\/","title":{"rendered":"Applaws Cat kurczak 7,5Kg"},"content":{"rendered":"<p>Applaws<\/p>\n<p>Karma Applaws jest naprawd\u0119 inna. Zawiera tylko i wy\u0142\u0105cznie naturalne sk\u0142adniki. Charakteryzuje si\u0119 niezwykle du\u017c\u0105 zawarto\u015bci\u0105 mi\u0119sa! Jest kompletnie pozbawiona sztucznych dodatk\u00f3w. Wszystkie ryby, kt\u00f3rych mi\u0119so zosta\u0142o u\u017cyte w karmie Applaws by\u0142y \u0142owione metodami przyjaznymi dla delfin\u00f3w. Receptura naszej karmy zosta\u0142a opracowana dla ps\u00f3w i kot\u00f3w, tak \u017ceby im smakowa\u0142a i dba\u0142a o ich zdrowie.                            <\/p>\n<p>Applaws sucha karma dla kot\u00f3w jest unikaln\u0105 w swojej formule kompletn\u0105 diet\u0105, symuluj\u0105c\u0105 naturalny pokarm jakim od\u017cywiaj\u0105 si\u0119 koty na wolno\u015bci. Koty s\u0105 mi\u0119so\u017cerne i ich system trawienny jest nastawiony na mi\u0119so. Sucha karma Applaws zawiera wysok\u0105 ilo\u015b\u0107 bia\u0142ka zwierz\u0119cego bez du\u017cego poziomu w\u0119glowodan\u00f3w i dodatk\u00f3w zbo\u017cowych wyst\u0119puj\u0105cych w innych karmach. Karma Applaws jest dzi\u0119ki temu hypo-alergiczna bo nie zawiera typowych alergen\u00f3w jak soja, pszenica, kukurydza czy innych zb\u00f3\u017c. Zawiera zestaw antyutleniaczy jak selen, naturalny tokoferol (witamina E), olej rozmarynowy. Naturalne kwasy Omega 3 i 6 wspomagaj\u0105 kondycj\u0119 sier\u015bci. Wyci\u0105g z \u017curawiny udra\u017cnia drogi moczowe oraz wspomaga system trawienny. Naturalne prebiotyki wspomagaj\u0105 rozw\u00f3j bakterii potrzebnych organizmowi do w\u0142a\u015bciwej pracy uk\u0142adu trawiennego. Pokarm zawiera formu\u0142\u0119 odk\u0142aczaj\u0105c\u0105.                            <\/p>\n<p>            80% Kurczaka 20% Warzywa i ekstrakty naturalne<\/p>\n<p>Sk\u0142ad:suszone mi\u0119so z kurczaka (min. 59%), suszone ziemniaki (min. 4%), zmielone mi\u0119so z kurczaka (min. 9%), olej drobiowy (min. 9%, \u017ar\u00f3d\u0142o Omega 6), sos drobiowy (min. 3%), wys\u0142odki buraczane (min. 3%), suszone ca\u0142e jaja (min. 3%), dro\u017cd\u017ce piwne, olej \u0142ososiowy (\u017ar\u00f3d\u0142o Omega 3), minera\u0142y, w\u0142\u00f3kna celulozy (min. 0,4%), chlorek sodu, w\u0119glan wapnia, \u017curawina, DL-metionina, chlorek potasu, wyci\u0105g z juki, wyci\u0105g cytrusowy, wyci\u0105g z rozmarynu.Dodatki: Dodatki od\u017cywcze: Witamina A (octan retinu) 25 305 IU\/kg, witamina D3 (cholekalcyferol) 1 745 IU\/kg, witamina E (octan alfa-tokoferolu) 558 IU\/kg; Pierwiastki \u015bladowe: selen z selenianu sodu 0,13 mg\/kg jod z bezwodnego jodanu wapnia 1,75 mg\/kg, \u017celazo z jednowodnego siarczanu \u017celaza 61 mg, mied\u017a z pi\u0119ciowodnego siarczanu miedzi 9 mg\/kg, magnez z jednowodnego siarczanu magnezu 26 mg\/kg, cynk z jednowodnego siarczanu cynku 140 mg\/kg. Dodatki technologiczne: Wyci\u0105gi z tokoferolu pochodzenia naturalnego. Analiza chemiczna: Bia\u0142ko 47%, surowe oleje i t\u0142uszcze 20%, b\u0142onnik 2,0%, materia nieorganiczna 9,9%, wap\u0144 2%, fosfor 1.6%, tauryna 2 000 mg\/kg, Bez dodatku sztucznych barwnik\u00f3w, przypraw lub konserwant\u00f3w. Zawiera naturaln\u0105 tauryn\u0119 z mi\u0119sa. Zalecenia dotycz\u0105ce karmienia: Prosz\u0119 zapozna\u0107 si\u0119 z tabel\u0105 karmienia. Organizm ka\u017cdego kota jest inny i jego wymagania \u017cywieniowe mog\u0105 si\u0119 r\u00f3\u017cni\u0107. Do bie\u017c\u0105cej karmy dodawa\u0107 dziennie porcj\u0119 karmy Applaws i w ci\u0105gu 7 \u2013 10 dni stopniowo zast\u0119powa\u0107 star\u0105 karm\u0119. Ka\u017cdy kawa\u0142ek mi\u0119snej karmy Applaws mo\u017ce wa\u017cy\u0107 dwukrotnie wi\u0119cej ni\u017c kawa\u0142ek karmy z zawarto\u015bci\u0105 zb\u00f3\u017c, wi\u0119c nale\u017cy uwa\u017ca\u0107, aby nie przekarmi\u0107 kota. Kot musi zawsze mie\u0107 dost\u0119p do \u015bwie\u017cej wody.<\/p>\n<h2>Applaws Cat kurczak 7,5Kg Applaws<\/h2>\n<p>bajki do czytania dla 6 latka, pierwsze urodziny prezent na roczek dla ch\u0142opca, quiz o psie kt\u00f3ry je\u017adzi\u0142 kolej\u0105, opowie\u015bci z narni test, \u015bwinka peppa kolorowanka, quiz flagi europy, pokemony do druku, co na roczek dla dziewczynki, piosenka na dzie\u0144 nauczyciela przedszkole, quizy psi patrol, test z opowie\u015bci z narnii lew czarownica i stara szafa, w uk\u0142adzie s\u0142onecznym, \u0142amig\u0142\u00f3wki dla 4 latka do druku, kolorowanki lato, zagadki wielkanocne przedszkole, ziemia wyspa zielona tekst<\/p>\n<p>yyyyy<\/p>\n<p>&nbsp;<\/p>\n","protected":false},"excerpt":{"rendered":"<p>Applaws Karma Applaws jest naprawd\u0119 inna. Zawiera tylko i wy\u0142\u0105cznie naturalne sk\u0142adniki. Charakteryzuje si\u0119 niezwykle du\u017c\u0105 zawarto\u015bci\u0105 mi\u0119sa! Jest kompletnie pozbawiona sztucznych dodatk\u00f3w. Wszystkie ryby, kt\u00f3rych mi\u0119so zosta\u0142o u\u017cyte w karmie Applaws by\u0142y \u0142owione metodami przyjaznymi dla delfin\u00f3w. Receptura naszej karmy zosta\u0142a opracowana dla ps\u00f3w i kot\u00f3w, tak \u017ceby im smakowa\u0142a i dba\u0142a o ich [&hellip;]<\/p>\n","protected":false},"featured_media":4090,"comment_status":"closed","ping_status":"open","template":"","meta":[],"product_cat":[1183,929],"product_tag":[673,780,795,804],"class_list":["post-4089","product","type-product","status-publish","has-post-thumbnail","hentry","product_cat-applaws","product_cat-karmy-dla-kotow","product_tag-juz-blisko-koleda-tekst","product_tag-krecik-bajka","product_tag-mini-zoo-warszawa","product_tag-ryz-z-owocami"],"_links":{"self":[{"href":"http:\/\/klubmamgdynia.pl\/index.php\/wp-json\/wp\/v2\/product\/4089","targetHints":{"allow":["GET"]}}],"collection":[{"href":"http:\/\/klubmamgdynia.pl\/index.php\/wp-json\/wp\/v2\/product"}],"about":[{"href":"http:\/\/klubmamgdynia.pl\/index.php\/wp-json\/wp\/v2\/types\/product"}],"replies":[{"embeddable":true,"href":"http:\/\/klubmamgdynia.pl\/index.php\/wp-json\/wp\/v2\/comments?post=4089"}],"wp:featuredmedia":[{"embeddable":true,"href":"http:\/\/klubmamgdynia.pl\/index.php\/wp-json\/wp\/v2\/media\/4090"}],"wp:attachment":[{"href":"http:\/\/klubmamgdynia.pl\/index.php\/wp-json\/wp\/v2\/media?parent=4089"}],"wp:term":[{"taxonomy":"product_cat","embeddable":true,"href":"http:\/\/klubmamgdynia.pl\/index.php\/wp-json\/wp\/v2\/product_cat?post=4089"},{"taxonomy":"product_tag","embeddable":true,"href":"http:\/\/klubmamgdynia.pl\/index.php\/wp-json\/wp\/v2\/product_tag?post=4089"}],"curies":[{"name":"wp","href":"https:\/\/api.w.org\/{rel}","templated":true}]}}