{"id":409,"date":"2022-01-06T21:52:29","date_gmt":"2022-01-06T20:52:29","guid":{"rendered":"http:\/\/klubmamgdynia.pl\/?post_type=product&#038;p=409"},"modified":"2026-04-08T22:24:01","modified_gmt":"2026-04-08T20:24:01","slug":"little-dutch-zjezdzalnia-roz-ld4374","status":"publish","type":"product","link":"http:\/\/klubmamgdynia.pl\/index.php\/produkt\/little-dutch-zjezdzalnia-roz-ld4374\/","title":{"rendered":"Little Dutch Zje\u017cd\u017calnia R\u00f3\u017c (Ld4374)"},"content":{"rendered":"<p>Zje\u017cd\u017calnia dla autek marki Little Dutch Ustawiamy autko na szczycie zje\u017cd\u017calni i fruuuu&#8230;, poprzez kolejne poziomy samochodzik zje\u017cd\u017ca na sam d\u00f3\u0142. To wspania\u0142a zabawa dla ma\u0142ego fana motoryzacji. solidna, drewniana zabawka zje\u017cd\u017calnia + 4 ma\u0142e autka delikatne pastelowe kolory \u0142adne kartonowe opakowanie \u2013 idealne na prezent Zje\u017cd\u017calnia dla autek Little Dutch wykonana jest z wysokiej jako\u015bci drewna i pomalowana bezpiecznymi dla malucha farbami. Zabawa drewnian\u0105 zje\u017cd\u017calnia to dobre \u0107wiczeni manualno-motoryczne. Ma\u0142e autka, b\u0119d\u0105ce cz\u0119\u015bci\u0105 zestawu, dobrze sprawdz\u0105 si\u0119 te\u017c w wszelkiego rodzaju wy\u015bcigach. Little Dutch tworzy zabawki nie tylko funkcjonalne, ale r\u00f3wnie\u017c atrakcyjne wizualnie i odznaczaj\u0105ce si\u0119 \u015bwietnym wykonaniem. Marka Little Dutch to rodzinna firma pochodz\u0105ca z Holandii, zabawki tworzone s\u0105 z mi\u0142o\u015bci\u0105 dla najm\u0142odszych. Parametry zabawki zabawka dla dzieci w wieku: 1,5 + materia\u0142: drewno wymiary zabawki: 27 x 27 x 9 cm wymiary opakowania: 30 x 30 x 10 cm producent zabawki: Little Dutch kategorie: zabawki drewniane, zabawki Little Dutch, autka dla dzieci<\/p>\n<h2>Little Dutch Zje\u017cd\u017calnia R\u00f3\u017c (Ld4374) Little Dutch<\/h2>\n<p>zagadki rymowane, rysowanki, atrakcje dla dzieci wroclaw, dzie\u0144 matki w\u0142asnor\u0119czny prezent dla mamy od dziecka, bajka o sowie, przyjed\u017a do nas miko\u0142aju tekst, kolorowanka dla dziewczynki, opis rodzina, ko\u0142ysanki teksty, kolysanki tekst<\/p>\n<p>yyyyy<\/p>\n<p>&nbsp;<\/p>\n","protected":false},"excerpt":{"rendered":"<p>Zje\u017cd\u017calnia dla autek marki Little Dutch Ustawiamy autko na szczycie zje\u017cd\u017calni i fruuuu&#8230;, poprzez kolejne poziomy samochodzik zje\u017cd\u017ca na sam d\u00f3\u0142. To wspania\u0142a zabawa dla ma\u0142ego fana motoryzacji. solidna, drewniana zabawka zje\u017cd\u017calnia + 4 ma\u0142e autka delikatne pastelowe kolory \u0142adne kartonowe opakowanie \u2013 idealne na prezent Zje\u017cd\u017calnia dla autek Little Dutch wykonana jest z wysokiej [&hellip;]<\/p>\n","protected":false},"featured_media":410,"comment_status":"closed","ping_status":"open","template":"","meta":[],"product_cat":[167,141],"product_tag":[763,624,729,704],"class_list":["post-409","product","type-product","status-publish","has-post-thumbnail","hentry","product_cat-little-dutch","product_cat-parkingi-garaze-i-tory-wyscigowe","product_tag-fabian","product_tag-krotkie-zagadki","product_tag-madre-bajki-dla-dzieci-do-czytania","product_tag-prezent-dla-nastolatka"],"_links":{"self":[{"href":"http:\/\/klubmamgdynia.pl\/index.php\/wp-json\/wp\/v2\/product\/409","targetHints":{"allow":["GET"]}}],"collection":[{"href":"http:\/\/klubmamgdynia.pl\/index.php\/wp-json\/wp\/v2\/product"}],"about":[{"href":"http:\/\/klubmamgdynia.pl\/index.php\/wp-json\/wp\/v2\/types\/product"}],"replies":[{"embeddable":true,"href":"http:\/\/klubmamgdynia.pl\/index.php\/wp-json\/wp\/v2\/comments?post=409"}],"wp:featuredmedia":[{"embeddable":true,"href":"http:\/\/klubmamgdynia.pl\/index.php\/wp-json\/wp\/v2\/media\/410"}],"wp:attachment":[{"href":"http:\/\/klubmamgdynia.pl\/index.php\/wp-json\/wp\/v2\/media?parent=409"}],"wp:term":[{"taxonomy":"product_cat","embeddable":true,"href":"http:\/\/klubmamgdynia.pl\/index.php\/wp-json\/wp\/v2\/product_cat?post=409"},{"taxonomy":"product_tag","embeddable":true,"href":"http:\/\/klubmamgdynia.pl\/index.php\/wp-json\/wp\/v2\/product_tag?post=409"}],"curies":[{"name":"wp","href":"https:\/\/api.w.org\/{rel}","templated":true}]}}