{"id":4091,"date":"2021-07-10T02:53:17","date_gmt":"2021-07-10T00:53:17","guid":{"rendered":"http:\/\/klubmamgdynia.pl\/index.php\/produkt\/babyono-ksiazeczka-sensoryczna-blackwhite-542\/"},"modified":"2026-05-17T22:47:05","modified_gmt":"2026-05-17T20:47:05","slug":"babyono-ksiazeczka-sensoryczna-blackwhite-542","status":"publish","type":"product","link":"http:\/\/klubmamgdynia.pl\/index.php\/produkt\/babyono-ksiazeczka-sensoryczna-blackwhite-542\/","title":{"rendered":"Babyono Ksi\u0105\u017ceczka Sensoryczna Black&amp;White 542"},"content":{"rendered":"<p>Ksi\u0105\u017ceczka BLACK &amp; WHITE zosta\u0142a stworzona z my\u015bl\u0105 o rozwoju sensorycznym dziecka za pomoc\u0105 kontrastowych obrazk\u00f3w. W interesuj\u0105cy spos\u00f3b ukazuje \u015bwiat zwierz\u0105t, daj\u0105c rodzicowi solidn\u0105 baz\u0119 do tworzenia intryguj\u0105cych historii.<\/p>\n<h2>Babyono Ksi\u0105\u017ceczka Sensoryczna Black&amp;White 542 BabyOno<\/h2>\n<p>zagadki wielkanocne do druku, test asiunia, kwiatek kwiaty do druku szablony, leonardo imi\u0119, kolorowanka dla dzieci, cicha noc po angielsku, milosc do dzieci, co kupic dziewczynce na roczek, wzruszaj\u0105ce s\u0142owa dla przyjaci\u00f3\u0142ki, \u017cyczenia wielkanocne dla dzieci kr\u00f3tkie, malowanka, matylda znaczenie imienia, walentynka dla syna, quiz o dinozaurach, \u015bwi\u0119ta wielkanocne piosenka tekst, kr\u00f3tkie zagadki, test lew czarownica i stara szafa, kr\u00f3tkie bajki na dobranoc o mi\u0142o\u015bci, laurka dla babci, bycie mam\u0105 cytaty, \u015bwinka peppa do druku<\/p>\n<p>yyyyy<\/p>\n<p>&nbsp;<\/p>\n","protected":false},"excerpt":{"rendered":"<p>Ksi\u0105\u017ceczka BLACK &amp; WHITE zosta\u0142a stworzona z my\u015bl\u0105 o rozwoju sensorycznym dziecka za pomoc\u0105 kontrastowych obrazk\u00f3w. W interesuj\u0105cy spos\u00f3b ukazuje \u015bwiat zwierz\u0105t, daj\u0105c rodzicowi solidn\u0105 baz\u0119 do tworzenia intryguj\u0105cych historii. Babyono Ksi\u0105\u017ceczka Sensoryczna Black&amp;White 542 BabyOno zagadki wielkanocne do druku, test asiunia, kwiatek kwiaty do druku szablony, leonardo imi\u0119, kolorowanka dla dzieci, cicha noc po [&hellip;]<\/p>\n","protected":false},"featured_media":4092,"comment_status":"closed","ping_status":"open","template":"","meta":[],"product_cat":[27,61],"product_tag":[611,678,868],"class_list":["post-4091","product","type-product","status-publish","has-post-thumbnail","hentry","product_cat-babyono","product_cat-zabawki-edukacyjne-dla-niemowlat","product_tag-bajki-do-czytania-psi-patrol","product_tag-prezent-na-roczek-dla-dziewczynki","product_tag-quizy-dla-dzieci"],"_links":{"self":[{"href":"http:\/\/klubmamgdynia.pl\/index.php\/wp-json\/wp\/v2\/product\/4091","targetHints":{"allow":["GET"]}}],"collection":[{"href":"http:\/\/klubmamgdynia.pl\/index.php\/wp-json\/wp\/v2\/product"}],"about":[{"href":"http:\/\/klubmamgdynia.pl\/index.php\/wp-json\/wp\/v2\/types\/product"}],"replies":[{"embeddable":true,"href":"http:\/\/klubmamgdynia.pl\/index.php\/wp-json\/wp\/v2\/comments?post=4091"}],"wp:featuredmedia":[{"embeddable":true,"href":"http:\/\/klubmamgdynia.pl\/index.php\/wp-json\/wp\/v2\/media\/4092"}],"wp:attachment":[{"href":"http:\/\/klubmamgdynia.pl\/index.php\/wp-json\/wp\/v2\/media?parent=4091"}],"wp:term":[{"taxonomy":"product_cat","embeddable":true,"href":"http:\/\/klubmamgdynia.pl\/index.php\/wp-json\/wp\/v2\/product_cat?post=4091"},{"taxonomy":"product_tag","embeddable":true,"href":"http:\/\/klubmamgdynia.pl\/index.php\/wp-json\/wp\/v2\/product_tag?post=4091"}],"curies":[{"name":"wp","href":"https:\/\/api.w.org\/{rel}","templated":true}]}}