{"id":4093,"date":"2011-01-10T01:52:50","date_gmt":"2011-01-10T00:52:50","guid":{"rendered":"http:\/\/klubmamgdynia.pl\/index.php\/produkt\/rex-london-trade-gumki-do-zmazywania-3d-4-szt-dinozaury\/"},"modified":"2026-05-17T22:02:25","modified_gmt":"2026-05-17T20:02:25","slug":"rex-london-trade-gumki-do-zmazywania-3d-4-szt-dinozaury","status":"publish","type":"product","link":"http:\/\/klubmamgdynia.pl\/index.php\/produkt\/rex-london-trade-gumki-do-zmazywania-3d-4-szt-dinozaury\/","title":{"rendered":"Rex London Trade Gumki Do Zmazywania 3D 4 Szt Dinozaury"},"content":{"rendered":"<p>Te kolorowe gumki do \u015bcierania Rex London dodadz\u0105 charakteru i barw pi\u00f3rnikowi Twojego dziecka. Doceni\u0105 je r\u00f3wnie\u017c maluchy, kt\u00f3re jeszcze s\u0105 w wieku przedszkolnym ale ju\u017c lubi\u0105 dobr\u0105 kreatywn\u0105 zabaw\u0119 w trakcie, kt\u00f3rej tworz\u0105 fantastyczne obrazki. Gumeczki przydadz\u0105 si\u0119 podczas rozwi\u0105zywania \u0142amig\u0142\u00f3wk\u0119, nauki pisania, liczenia, wsz\u0119dzie tam gdzie od czasu do czasu trzeba skorygowa\u0107 drobne b\u0142\u0119dy powsta\u0142e na skutek u\u017cycia o\u0142\u00f3wka. Gumki do zmazywania Rex London:dla dzieci powy\u017cej 6 roku \u017cycia;idealne do szko\u0142y i podczas zabawy w domu.nie s\u0105 zabawk\u0105;nie s\u0105 do jedzenia.Zestaw zawiera:4 x gumkiMateria\u0142:guma;tworzywo sztuczne;kartonOSTRZE\u017bENIE: Ze wzgl\u0119du na ma\u0142e elementy istnieje ryzyko zad\u0142awienia. Nie odpowiednie dla dzieci poni\u017cej 6 roku \u017cycia.<\/p>\n<h2>Rex London Trade Gumki Do Zmazywania 3D 4 Szt Dinozaury Rex London<\/h2>\n<p>zaproszenie na urodziny do druku pdf, \u0142ama\u0144ce j\u0119zykowe dla dzieci, jak narysowa\u0107 oko, wierszyki o wakacjach kr\u00f3tkie, ferie zimowe 2022 warszawa<\/p>\n<p>yyyyy<\/p>\n<p>&nbsp;<\/p>\n","protected":false},"excerpt":{"rendered":"<p>Te kolorowe gumki do \u015bcierania Rex London dodadz\u0105 charakteru i barw pi\u00f3rnikowi Twojego dziecka. Doceni\u0105 je r\u00f3wnie\u017c maluchy, kt\u00f3re jeszcze s\u0105 w wieku przedszkolnym ale ju\u017c lubi\u0105 dobr\u0105 kreatywn\u0105 zabaw\u0119 w trakcie, kt\u00f3rej tworz\u0105 fantastyczne obrazki. Gumeczki przydadz\u0105 si\u0119 podczas rozwi\u0105zywania \u0142amig\u0142\u00f3wk\u0119, nauki pisania, liczenia, wsz\u0119dzie tam gdzie od czasu do czasu trzeba skorygowa\u0107 drobne [&hellip;]<\/p>\n","protected":false},"featured_media":4094,"comment_status":"closed","ping_status":"open","template":"","meta":[],"product_cat":[259,325],"product_tag":[664,792,640,705],"class_list":["post-4093","product","type-product","status-publish","has-post-thumbnail","hentry","product_cat-rex-london","product_cat-szkolne-artykuly-papiernicze","product_tag-atrakcje-dla-dzieci-trojmiasto","product_tag-cytaty-o-mamie","product_tag-prezent-dla-rocznej-dziewczynki","product_tag-prezent-na-roczek-dla-chlopca"],"_links":{"self":[{"href":"http:\/\/klubmamgdynia.pl\/index.php\/wp-json\/wp\/v2\/product\/4093","targetHints":{"allow":["GET"]}}],"collection":[{"href":"http:\/\/klubmamgdynia.pl\/index.php\/wp-json\/wp\/v2\/product"}],"about":[{"href":"http:\/\/klubmamgdynia.pl\/index.php\/wp-json\/wp\/v2\/types\/product"}],"replies":[{"embeddable":true,"href":"http:\/\/klubmamgdynia.pl\/index.php\/wp-json\/wp\/v2\/comments?post=4093"}],"wp:featuredmedia":[{"embeddable":true,"href":"http:\/\/klubmamgdynia.pl\/index.php\/wp-json\/wp\/v2\/media\/4094"}],"wp:attachment":[{"href":"http:\/\/klubmamgdynia.pl\/index.php\/wp-json\/wp\/v2\/media?parent=4093"}],"wp:term":[{"taxonomy":"product_cat","embeddable":true,"href":"http:\/\/klubmamgdynia.pl\/index.php\/wp-json\/wp\/v2\/product_cat?post=4093"},{"taxonomy":"product_tag","embeddable":true,"href":"http:\/\/klubmamgdynia.pl\/index.php\/wp-json\/wp\/v2\/product_tag?post=4093"}],"curies":[{"name":"wp","href":"https:\/\/api.w.org\/{rel}","templated":true}]}}