{"id":4095,"date":"2015-03-11T09:50:04","date_gmt":"2015-03-11T08:50:04","guid":{"rendered":"http:\/\/klubmamgdynia.pl\/index.php\/produkt\/kolorowe-baloniki-zestaw-bransoletek-gwiazdka-ombre-3szt-810078035350\/"},"modified":"2026-04-20T12:19:41","modified_gmt":"2026-04-20T10:19:41","slug":"kolorowe-baloniki-zestaw-bransoletek-gwiazdka-ombre-3szt-810078035350","status":"publish","type":"product","link":"http:\/\/klubmamgdynia.pl\/index.php\/produkt\/kolorowe-baloniki-zestaw-bransoletek-gwiazdka-ombre-3szt-810078035350\/","title":{"rendered":"Kolorowe Baloniki Zestaw Bransoletek Gwiazdka Ombre 3Szt. (810078035350)"},"content":{"rendered":"<p>Dosi\u0119gn\u0105\u0107 gwiazd! Zal\u015bnij jak gwiazda na niebie dzi\u0119ki temu zestawowi 3 bransoletek o uroku gwiezdnego py\u0142u! S\u0142odka, l\u015bni\u0105ca zawieszka w kszta\u0142cie gwiazdy magicznie mieni si\u0119 barwami r\u00f3\u017cu i turkusu. Bransoletki pasuj\u0105 do siebie kolorystycznie, tworz\u0105c sp\u00f3jny zestaw. Uroku dodaj\u0105 im ma\u0142e z\u0142ote zawieszki i r\u00f3\u017cowy fr\u0119dzelek. Migocz\u0105ce gwiazdki uroczo ozdabiaj\u0105 niebo, a ten uroczy zestaw 3 bransoletek z ksi\u0119\u017cycem zrobi to samo i pi\u0119knie ozdobi Twoj\u0105 r\u0105czk\u0119. Trzy dope\u0142niaj\u0105ce si\u0119 kolory koralik\u00f3w uzupe\u0142nione s\u0105 ozdobnymi zawieszkami: brokatow\u0105 gwiazdk\u0105 w stylu ombre, z\u0142ot\u0105, ma\u0142\u0105 gwiazdeczk\u0105, z\u0142otym medalikiem z logo Calico Sun i mi\u0142ym, r\u00f3\u017cowym chwostem. S\u0105 elastyczne i pasuj\u0105 do ka\u017cdej r\u0105czki. Twoja ma\u0142a gwiazda na pewno je pokocha! Mo\u017cesz go nosi\u0107 razem z naszyjnikiem Belinda &#8211; Gwiazdka Ombre. Zestaw Bransoletek Bielinda &#8211; Gwiazdka Ombre &#8211; 3 sztuki: Bransoletka ze z\u0142otych koralik\u00f3w z wisiorkiem w kszta\u0142cie gwiazdy.Bransoletka z turkusowych koralik\u00f3w z ozdobn\u0105 z\u0142ot\u0105 gwiazdk\u0105 i r\u00f3\u017cowym fr\u0119dzelkiem.Bransoletka z r\u00f3\u017cowych koralik\u00f3w ze z\u0142ot\u0105 zawieszk\u0105 z logo Calico Sun.Elastyczne &#8211; pasuj\u0105 na wszystkie r\u0105czki. NAZWA ZESTAW BRANSOLETEK GWIAZDKA OMBRE 3SZT. PRODUCENT KOLOROWE BALONIKI EAN 0810078035350 Znajd\u017a podobne wed\u0142ug klucza: KOLOROWE_BALONIKI ZESTAW (491523)<\/p>\n<h2>Kolorowe Baloniki Zestaw Bransoletek Gwiazdka Ombre 3Szt. (810078035350) Kolorowe Baloniki<\/h2>\n<p>kolorowanki kotka, jan pawe\u0142 2 rysunek \u0142atwy dla dzieci, film o \u015bwi\u0119tach dla dzieci, ciekawe zagadki i odpowiedzi, ozdoby \u015bwi\u0105teczne do zrobienia z dzie\u0107mi, piosenki o wakacjach, kolorowanka \u015bwinka peppa, zagadki logiczne i odpowiedzi, mira imi\u0119, malowanie past\u0105 do z\u0119b\u00f3w, iwo, cytat o dziecku, olaf znaczenie imienia<\/p>\n<p>yyyyy<\/p>\n<p>&nbsp;<\/p>\n","protected":false},"excerpt":{"rendered":"<p>Dosi\u0119gn\u0105\u0107 gwiazd! Zal\u015bnij jak gwiazda na niebie dzi\u0119ki temu zestawowi 3 bransoletek o uroku gwiezdnego py\u0142u! S\u0142odka, l\u015bni\u0105ca zawieszka w kszta\u0142cie gwiazdy magicznie mieni si\u0119 barwami r\u00f3\u017cu i turkusu. Bransoletki pasuj\u0105 do siebie kolorystycznie, tworz\u0105c sp\u00f3jny zestaw. Uroku dodaj\u0105 im ma\u0142e z\u0142ote zawieszki i r\u00f3\u017cowy fr\u0119dzelek. Migocz\u0105ce gwiazdki uroczo ozdabiaj\u0105 niebo, a ten uroczy zestaw [&hellip;]<\/p>\n","protected":false},"featured_media":4096,"comment_status":"closed","ping_status":"open","template":"","meta":[],"product_cat":[1184,295],"product_tag":[833,683,731],"class_list":["post-4095","product","type-product","status-publish","has-post-thumbnail","hentry","product_cat-kolorowe-baloniki","product_cat-pozostale-zabawki","product_tag-bajki-dla-dzieci-do-czytania","product_tag-karaluchy-pod-poduchy","product_tag-maly-ksiaze-cytaty"],"_links":{"self":[{"href":"http:\/\/klubmamgdynia.pl\/index.php\/wp-json\/wp\/v2\/product\/4095","targetHints":{"allow":["GET"]}}],"collection":[{"href":"http:\/\/klubmamgdynia.pl\/index.php\/wp-json\/wp\/v2\/product"}],"about":[{"href":"http:\/\/klubmamgdynia.pl\/index.php\/wp-json\/wp\/v2\/types\/product"}],"replies":[{"embeddable":true,"href":"http:\/\/klubmamgdynia.pl\/index.php\/wp-json\/wp\/v2\/comments?post=4095"}],"wp:featuredmedia":[{"embeddable":true,"href":"http:\/\/klubmamgdynia.pl\/index.php\/wp-json\/wp\/v2\/media\/4096"}],"wp:attachment":[{"href":"http:\/\/klubmamgdynia.pl\/index.php\/wp-json\/wp\/v2\/media?parent=4095"}],"wp:term":[{"taxonomy":"product_cat","embeddable":true,"href":"http:\/\/klubmamgdynia.pl\/index.php\/wp-json\/wp\/v2\/product_cat?post=4095"},{"taxonomy":"product_tag","embeddable":true,"href":"http:\/\/klubmamgdynia.pl\/index.php\/wp-json\/wp\/v2\/product_tag?post=4095"}],"curies":[{"name":"wp","href":"https:\/\/api.w.org\/{rel}","templated":true}]}}