{"id":4097,"date":"2012-02-29T01:36:12","date_gmt":"2012-02-29T00:36:12","guid":{"rendered":"http:\/\/klubmamgdynia.pl\/index.php\/produkt\/womar-chusta-zaffiro-hugme-herbejo-wiek-0msc-one\/"},"modified":"2026-04-19T03:57:18","modified_gmt":"2026-04-19T01:57:18","slug":"womar-chusta-zaffiro-hugme-herbejo-wiek-0msc-one","status":"publish","type":"product","link":"http:\/\/klubmamgdynia.pl\/index.php\/produkt\/womar-chusta-zaffiro-hugme-herbejo-wiek-0msc-one\/","title":{"rendered":"Womar Chusta Zaffiro Hugme Herbejo Wiek 0Msc+ One"},"content":{"rendered":"<p>Zaffiro Hug Me N16 Chusta k\u00f3\u0142kowa ko\u0142owa Womar 0+<\/p>\n<h2>Womar Chusta Zaffiro Hugme Herbejo Wiek 0Msc+ One Womar<\/h2>\n<p>kolorowe ciasto, wzruszaj\u0105ce s\u0142owa dla przyjaci\u00f3\u0142ki, lol kolorowanki do druku, myszka miki kolorowanka, matematyczne zagadki, prima aprilis \u017carty dla rodzic\u00f3w, zagadki logiczne<\/p>\n<p>yyyyy<\/p>\n<p>&nbsp;<\/p>\n","protected":false},"excerpt":{"rendered":"<p>Zaffiro Hug Me N16 Chusta k\u00f3\u0142kowa ko\u0142owa Womar 0+ Womar Chusta Zaffiro Hugme Herbejo Wiek 0Msc+ One Womar kolorowe ciasto, wzruszaj\u0105ce s\u0142owa dla przyjaci\u00f3\u0142ki, lol kolorowanki do druku, myszka miki kolorowanka, matematyczne zagadki, prima aprilis \u017carty dla rodzic\u00f3w, zagadki logiczne yyyyy &nbsp;<\/p>\n","protected":false},"featured_media":4098,"comment_status":"closed","ping_status":"open","template":"","meta":[],"product_cat":[1104,1185],"product_tag":[678,717,835,601,595,812],"class_list":["post-4097","product","type-product","status-publish","has-post-thumbnail","hentry","product_cat-nosidelka-i-chusty","product_cat-womar","product_tag-prezent-na-roczek-dla-dziewczynki","product_tag-prezent-roczek","product_tag-radosc-dziecka-cytaty","product_tag-zagadki-co-to-jest","product_tag-zagadki-dla-6-latka","product_tag-zagadki-logiczne-na-inteligencje"],"_links":{"self":[{"href":"http:\/\/klubmamgdynia.pl\/index.php\/wp-json\/wp\/v2\/product\/4097","targetHints":{"allow":["GET"]}}],"collection":[{"href":"http:\/\/klubmamgdynia.pl\/index.php\/wp-json\/wp\/v2\/product"}],"about":[{"href":"http:\/\/klubmamgdynia.pl\/index.php\/wp-json\/wp\/v2\/types\/product"}],"replies":[{"embeddable":true,"href":"http:\/\/klubmamgdynia.pl\/index.php\/wp-json\/wp\/v2\/comments?post=4097"}],"wp:featuredmedia":[{"embeddable":true,"href":"http:\/\/klubmamgdynia.pl\/index.php\/wp-json\/wp\/v2\/media\/4098"}],"wp:attachment":[{"href":"http:\/\/klubmamgdynia.pl\/index.php\/wp-json\/wp\/v2\/media?parent=4097"}],"wp:term":[{"taxonomy":"product_cat","embeddable":true,"href":"http:\/\/klubmamgdynia.pl\/index.php\/wp-json\/wp\/v2\/product_cat?post=4097"},{"taxonomy":"product_tag","embeddable":true,"href":"http:\/\/klubmamgdynia.pl\/index.php\/wp-json\/wp\/v2\/product_tag?post=4097"}],"curies":[{"name":"wp","href":"https:\/\/api.w.org\/{rel}","templated":true}]}}