{"id":4099,"date":"2021-02-21T15:37:39","date_gmt":"2021-02-21T14:37:39","guid":{"rendered":"http:\/\/klubmamgdynia.pl\/index.php\/produkt\/manduca-nosidelko-xt-limitededition-rainbow-night\/"},"modified":"2026-04-05T20:04:52","modified_gmt":"2026-04-05T18:04:52","slug":"manduca-nosidelko-xt-limitededition-rainbow-night","status":"publish","type":"product","link":"http:\/\/klubmamgdynia.pl\/index.php\/produkt\/manduca-nosidelko-xt-limitededition-rainbow-night\/","title":{"rendered":"Manduca Noside\u0142ko XT Limitededition Rainbow Night"},"content":{"rendered":"<p>Noside\u0142ko z limitowanej edycji Manduca XT to ergonomiczne noside\u0142ko do noszenia dzieci od narodzin do osi\u0105gni\u0119cia wagi 20 kg, bez dodatkowych akcesori\u00f3w. Jego rozmiar mo\u017cna dostosowa\u0107 do wszystkich niemowl\u0105t i potrzeb rodzic\u00f3w. Dziecko mo\u017cna nosi\u0107 w trzech pozycjach \u2013 na brzuchu, boku lub plecach.<\/p>\n<h2>Manduca Noside\u0142ko XT Limitededition Rainbow Night Manduca<\/h2>\n<p>bajki o ksi\u0119\u017cniczkach do czytania, dzie\u0144 nauczyciela teksty, prima aprilis \u017carty dla rodzic\u00f3w, \u0142amig\u0142\u00f3wki logiczne, wiosenne zagadki dla dzieci, iwo, prezenty dla nastolatk\u00f3w na dzie\u0144 dziecka, kolorowanki lego friends, prezenty dla rocznego dziecka<\/p>\n<p>yyyyy<\/p>\n<p>&nbsp;<\/p>\n","protected":false},"excerpt":{"rendered":"<p>Noside\u0142ko z limitowanej edycji Manduca XT to ergonomiczne noside\u0142ko do noszenia dzieci od narodzin do osi\u0105gni\u0119cia wagi 20 kg, bez dodatkowych akcesori\u00f3w. Jego rozmiar mo\u017cna dostosowa\u0107 do wszystkich niemowl\u0105t i potrzeb rodzic\u00f3w. Dziecko mo\u017cna nosi\u0107 w trzech pozycjach \u2013 na brzuchu, boku lub plecach. Manduca Noside\u0142ko XT Limitededition Rainbow Night Manduca bajki o ksi\u0119\u017cniczkach do [&hellip;]<\/p>\n","protected":false},"featured_media":4100,"comment_status":"closed","ping_status":"open","template":"","meta":[],"product_cat":[1186,1104],"product_tag":[659,721,793],"class_list":["post-4099","product","type-product","status-publish","has-post-thumbnail","hentry","product_cat-manduca","product_cat-nosidelka-i-chusty","product_tag-tupu-tup-po-sniegu-tekst","product_tag-zagadki-matematyczne","product_tag-zagadki-smieszne-podchwytliwe"],"_links":{"self":[{"href":"http:\/\/klubmamgdynia.pl\/index.php\/wp-json\/wp\/v2\/product\/4099","targetHints":{"allow":["GET"]}}],"collection":[{"href":"http:\/\/klubmamgdynia.pl\/index.php\/wp-json\/wp\/v2\/product"}],"about":[{"href":"http:\/\/klubmamgdynia.pl\/index.php\/wp-json\/wp\/v2\/types\/product"}],"replies":[{"embeddable":true,"href":"http:\/\/klubmamgdynia.pl\/index.php\/wp-json\/wp\/v2\/comments?post=4099"}],"wp:featuredmedia":[{"embeddable":true,"href":"http:\/\/klubmamgdynia.pl\/index.php\/wp-json\/wp\/v2\/media\/4100"}],"wp:attachment":[{"href":"http:\/\/klubmamgdynia.pl\/index.php\/wp-json\/wp\/v2\/media?parent=4099"}],"wp:term":[{"taxonomy":"product_cat","embeddable":true,"href":"http:\/\/klubmamgdynia.pl\/index.php\/wp-json\/wp\/v2\/product_cat?post=4099"},{"taxonomy":"product_tag","embeddable":true,"href":"http:\/\/klubmamgdynia.pl\/index.php\/wp-json\/wp\/v2\/product_tag?post=4099"}],"curies":[{"name":"wp","href":"https:\/\/api.w.org\/{rel}","templated":true}]}}