{"id":4103,"date":"2018-12-12T16:55:23","date_gmt":"2018-12-12T15:55:23","guid":{"rendered":"http:\/\/klubmamgdynia.pl\/index.php\/produkt\/babybjorn-nosidelko-harmony-3d-mesh-szary-sliniaczek-do-nosidelka\/"},"modified":"2026-04-22T22:14:56","modified_gmt":"2026-04-22T20:14:56","slug":"babybjorn-nosidelko-harmony-3d-mesh-szary-sliniaczek-do-nosidelka","status":"publish","type":"product","link":"http:\/\/klubmamgdynia.pl\/index.php\/produkt\/babybjorn-nosidelko-harmony-3d-mesh-szary-sliniaczek-do-nosidelka\/","title":{"rendered":"BABYBJORN &#8211; noside\u0142ko Harmony 3D Mesh, Szary + \u015bliniaczek do noside\u0142ka"},"content":{"rendered":"<p>Noside\u0142ko Harmony \u2013 najwy\u017csza jako\u015b\u0107 i wygoda \u2013 od narodzin do 3. roku \u017cyciaNoside\u0142ko Harmony to wygodne i uniwersalne noside\u0142ko stworzone z dba\u0142o\u015bci\u0105 o ka\u017cdy szczeg\u00f3\u0142. Mi\u0119kka, stabilna siateczka otula dziecko i wzmacnia blisko\u015b\u0107. Detale znajduj\u0105ce si\u0119 najbli\u017cej g\u0142\u00f3wki i twarzy dziecka s\u0105 wykonane z mi\u0119kkiej dzianiny. Szeroka powierzchnia siedziska pozwala dziecku siedzie\u0107 z szeroko rozstawionymi nogami i po\u015bladkami w naturalnej, g\u0142\u0119bokiej pozycji. Regulowany zag\u0142\u00f3wek zapewnia dobre podparcie g\u0142owy i szyi.Noside\u0142ko Harmony zosta\u0142o wyposa\u017cone w pas biodrowy, wy\u015bcie\u0142ane podparcie plec\u00f3w i wy\u015bcie\u0142ane pasy naramienne, aby zapewni\u0107 nosz\u0105cemu maksymalny komfort. Ustawienia noside\u0142ka mo\u017cna \u0142atwo dostosowa\u0107 zar\u00f3wno do rosn\u0105cego dziecka, jak i nosz\u0105cego.Noside\u0142ko Harmony jest przeznaczone do noszenia noworodk\u00f3w (3,2 kg) i dzieci do oko\u0142o 3 lat (15 kg; 18 kg w USA). Dziecko mo\u017cna nosi\u0107 przodem do siebie, przodem do \u015bwiata lub na plecach.Noside\u0142ko Harmony ma wzmacnia\u0107 blisko\u015b\u0107 i u\u0142atwia\u0107 wykonywanie codziennych czynno\u015bci w towarzystwie ma\u0142ego dziecka. Dzi\u0119ki stylowemu i ponadczasowemu wygl\u0105dowi noside\u0142ko Harmony wpisuje si\u0119 w subteln\u0105, skandynawsk\u0105 estetyk\u0119 BABYBJORN.Cechy i zalety noside\u0142ka BABYBJORN Harmony:Najwy\u017csza jako\u015b\u0107 i wygoda \u2013 od narodzin do 3. roku \u017cyciaNoside\u0142ko Harmony to idealny wyb\u00f3r dla rodzic\u00f3w, kt\u00f3rzy chc\u0105 mie\u0107 wygodne, uniwersalne i stylowe noside\u0142ko. Mi\u0119kka, a zarazem wytrzyma\u0142a siateczka umo\u017cliwia \u0142atwe dotykanie dziecka. Przeznaczone do noszenia noworodk\u00f3w (3,2 kg) i dzieci do oko\u0142o 3 lat (15 kg; 18 kg w USA). Wk\u0142adki dla niemowl\u0105t nie s\u0105 potrzebne; wystarczy dostosowa\u0107 ustawienia noside\u0142ka do rozmiaru dziecka.Ergonomiczna konstrukcja z odci\u0105\u017caj\u0105cym pasem biodrowym i podparciem plec\u00f3wNoside\u0142ko Harmony zosta\u0142o zaprojektowane tak, aby zapewni\u0107 maksymalne odci\u0105\u017cenie i wygod\u0119. Pas odci\u0105\u017caj\u0105cy znajduje si\u0119 w talii, kiedy nosisz noworodka, a nast\u0119pnie opiera na biodrach, gdy Twoje dziecko ro\u015bnie. Szerokie, wy\u015bcie\u0142ane pasy naramienne odci\u0105\u017caj\u0105 ramiona i plecy, dzi\u0119ki czemu mo\u017cesz wygodnie nosi\u0107 dziecko przez d\u0142ugi czas, nawet gdy nieco podro\u015bnie. Noside\u0142ko Harmony ma r\u00f3wnie\u017c wy\u015bcie\u0142ane podparcie plec\u00f3w, kt\u00f3re odci\u0105\u017ca ich doln\u0105 cz\u0119\u015b\u0107.Elastyczne podparcie g\u0142owy, kt\u00f3re mo\u017cna \u0142atwo dopasowa\u0107 do dzieckaKiedy niemowl\u0119 nie jest jeszcze w stanie samodzielnie trzyma\u0107 g\u0142\u00f3wki w g\u00f3rze, trzeba zapewni\u0107 mu dobre podparcie, kt\u00f3re pomo\u017ce utrzyma\u0107 g\u0142ow\u0119 w wyprostowanej pozycji. Noside\u0142ko Harmony oferuje podparcie g\u0142owy w trzech r\u00f3\u017cnych pozycjach, \u0142atwo regulowane za pomoc\u0105 zatrzask\u00f3w. U\u017cywaj pozycji, kt\u00f3ra zapewnia najlepsze podparcie g\u0142owy i karku oraz u\u0142atwia nadz\u00f3r nad dzieckiem.Bardzo mi\u0119kka, funkcjonalna siateczka otulaj\u0105ca dzieckoWyj\u0105tkowa siateczka 3D firmy BABYBJORN to zaawansowany technologicznie materia\u0142, niezwykle mi\u0119kki, a zarazem wytrzyma\u0142y. Ta przepuszczalna siateczka delikatnie otula dziecko, zapewniaj\u0105c mu jednocze\u015bnie odpowiednie podparcie plec\u00f3w, karku i bioder. Siateczka 3D jest funkcjonaln\u0105, oddychaj\u0105c\u0105 tkanin\u0105, przewiewn\u0105 i wygodn\u0105 dla niemowl\u0105t. Szybko wysycha po praniu.Noszenie dziecka przodem do siebie, przodem do \u015bwiata lub na plecachNoside\u0142ko Harmony ma dwie pozycje wysoko\u015bci \u2013 jedn\u0105 dla noworodk\u00f3w i jedn\u0105 dla wi\u0119kszych niemowl\u0105t. Nosz\u0105c wi\u0119ksze dziecko, nale\u017cy przesun\u0105\u0107 pas na biodra, tak aby dziecko znajdowa\u0142o si\u0119 na odpowiedniej wysoko\u015bci, a jego ci\u0119\u017car by\u0142 lepiej roz\u0142o\u017cony. Wi\u0119ksze, bardziej zainteresowane otoczeniem dzieci mo\u017cesz nosi\u0107 przodem do \u015bwiata albo na plecach, o ile s\u0105 ju\u017c w stanie utrzyma\u0107 g\u0142ow\u0119 w g\u00f3rze. Nad dzieckiem noszonym na plecach masz mniejsz\u0105 kontrol\u0119, wi\u0119c nie u\u017cywaj tej pozycji, dop\u00f3ki dziecko nie uko\u0144czy pierwszego roku \u017cycia.Ergonomia i wygoda \u2013 dla Ciebie i Twojego dzieckaErgonomiczne noside\u0142ko Harmony zosta\u0142o zaprojektowane z my\u015bl\u0105 o komforcie Twoim i Twojego dziecka. Dlatego na przyk\u0142ad dziecko siedzi w noside\u0142ku z szeroko rozstawionymi n\u00f3\u017ckami, a jego po\u015bladki spoczywaj\u0105 w naturalnej, g\u0142\u0119bokiej pozycji. W miar\u0119 jak dziecko ro\u015bnie, mo\u017cna \u0142atwo regulowa\u0107 d\u0142ugo\u015b\u0107 noside\u0142ka, ustawienie n\u00f3\u017cek i powierzchni\u0119 siedziska, by zawsze zapewnia\u0142y one optymalny komfort.Przyjazne dla bioder maluchaMi\u0119dzynarodowy Instytut Dysplazji Staw\u00f3w Biodrowych dokona\u0142 oceny noside\u0142ka Harmony i uzna\u0142 je za \u201eprzyjazne dla bioder\u201d. Oznacza to, \u017ce noside\u0142ko zapewnia prawid\u0142owe podparcie bioder dziecka, co ma kluczowe znaczenie w pierwszych miesi\u0105cach \u017cycia.Bez u\u017cycia r\u0105kNoside\u0142ka s\u0105 przytulne, a zarazem nadzwyczaj praktyczne. Dzi\u0119ki noside\u0142ku Harmony mo\u017cesz mie\u0107 dziecko przy sobie, a jednocze\u015bnie robi\u0107 co\u015b innego.Regulowane ustawienia dla nosz\u0105cegoNoside\u0142ko Harmony zosta\u0142o zaprojektowane z my\u015bl\u0105 o ergonomicznym dopasowaniu do r\u00f3\u017cnych typ\u00f3w cia\u0142a. W instrukcji obs\u0142ugi pokazano, jak wyregulowa\u0107 noside\u0142ko tak, aby by\u0142o dopasowane do Ciebie i Twoich bliskich przyjaci\u00f3\u0142 lub krewnych, kt\u00f3rzy r\u00f3wnie\u017c chc\u0105 nosi\u0107 dziecko.Wyj\u0105tkowa siateczka 3D \u2013 najbardziej przewiewna tkanina naszych noside\u0142ekMi\u0119kka, komfortowa siateczkowa tkanina noside\u0142ka Harmony zosta\u0142a opracowana i wyprodukowana specjalnie dla BABYBJORN. Siateczka 3D to zaawansowany technicznie, funkcjonalny materia\u0142, kt\u00f3ry oddycha i szybko wysycha po praniu. Siateczkowa tkanina w noside\u0142ku Harmony sk\u0142ada si\u0119 z pojedynczej warstwy. Jest mi\u0119kka, elastyczna, wytrzyma\u0142a i niezwykle oddychaj\u0105ca. Zapewnia komfort zar\u00f3wno doros\u0142emu, jak i noszonemu dziecku. Tkanina wok\u00f3\u0142 twarzy i g\u0142\u00f3wki dziecka jest wykonana z mi\u0119kkiej dzianiny 3D, kt\u00f3ra sprawia, \u017ce noside\u0142ko jest jeszcze bardziej przytulne.Bezpiecze\u0144stwo przede wszystkimKupuj\u0105c noside\u0142ko BABYBJ\u00d6RN mo\u017cesz mie\u0107 pewno\u015b\u0107, \u017ce dokonujesz bezpiecznego wyboru. BABYBJ\u00d6RN \u015bci\u015ble wsp\u00f3\u0142pracuje ze specjalistami w zakresie ochrony zdrowia i pediatrami. Projektowanie produktu zawsze rozpoczynamy od zapoznania si\u0119 z najnowszymi badaniami. Na przestrzeni ca\u0142ego procesu \u2013 od pomys\u0142u do gotowego produktu \u2013 koncentrujemy si\u0119 na bezpiecze\u0144stwie i ergonomii zar\u00f3wno dla Ciebie, jak i dla Twojego dziecka.Noside\u0142ko BABYBJORN Harmony zdoby\u0142o Nagrod\u0119 Rodzic\u00f3w 2021 w kategorii Nosid\u0142a.<\/p>\n<h2>BABYBJORN &#8211; noside\u0142ko Harmony 3D Mesh, Szary + \u015bliniaczek do noside\u0142ka BabyBjorn<\/h2>\n<p>bajka o smoku wawelskim, zygzak mcqueen kolorowanka, wierszyk o choince, quizy dla dzieci 10 lat, iwo imie, \u0142amig\u0142owki do druku, trudne zagadki logiczne z odpowiedziami, prezent dla 7 latka ch\u0142opca, maska kota do druku<\/p>\n<p>yyyyy<\/p>\n<p>&nbsp;<\/p>\n","protected":false},"excerpt":{"rendered":"<p>Noside\u0142ko Harmony \u2013 najwy\u017csza jako\u015b\u0107 i wygoda \u2013 od narodzin do 3. roku \u017cyciaNoside\u0142ko Harmony to wygodne i uniwersalne noside\u0142ko stworzone z dba\u0142o\u015bci\u0105 o ka\u017cdy szczeg\u00f3\u0142. Mi\u0119kka, stabilna siateczka otula dziecko i wzmacnia blisko\u015b\u0107. Detale znajduj\u0105ce si\u0119 najbli\u017cej g\u0142\u00f3wki i twarzy dziecka s\u0105 wykonane z mi\u0119kkiej dzianiny. Szeroka powierzchnia siedziska pozwala dziecku siedzie\u0107 z szeroko [&hellip;]<\/p>\n","protected":false},"featured_media":4104,"comment_status":"closed","ping_status":"open","template":"","meta":[],"product_cat":[1167,1104],"product_tag":[728,795,703],"class_list":["post-4103","product","type-product","status-publish","has-post-thumbnail","hentry","product_cat-babybjorn","product_cat-nosidelka-i-chusty","product_tag-bezwarunkowa-milosc-do-dziecka-cytaty","product_tag-mini-zoo-warszawa","product_tag-prezent-dla-nastolatki"],"_links":{"self":[{"href":"http:\/\/klubmamgdynia.pl\/index.php\/wp-json\/wp\/v2\/product\/4103","targetHints":{"allow":["GET"]}}],"collection":[{"href":"http:\/\/klubmamgdynia.pl\/index.php\/wp-json\/wp\/v2\/product"}],"about":[{"href":"http:\/\/klubmamgdynia.pl\/index.php\/wp-json\/wp\/v2\/types\/product"}],"replies":[{"embeddable":true,"href":"http:\/\/klubmamgdynia.pl\/index.php\/wp-json\/wp\/v2\/comments?post=4103"}],"wp:featuredmedia":[{"embeddable":true,"href":"http:\/\/klubmamgdynia.pl\/index.php\/wp-json\/wp\/v2\/media\/4104"}],"wp:attachment":[{"href":"http:\/\/klubmamgdynia.pl\/index.php\/wp-json\/wp\/v2\/media?parent=4103"}],"wp:term":[{"taxonomy":"product_cat","embeddable":true,"href":"http:\/\/klubmamgdynia.pl\/index.php\/wp-json\/wp\/v2\/product_cat?post=4103"},{"taxonomy":"product_tag","embeddable":true,"href":"http:\/\/klubmamgdynia.pl\/index.php\/wp-json\/wp\/v2\/product_tag?post=4103"}],"curies":[{"name":"wp","href":"https:\/\/api.w.org\/{rel}","templated":true}]}}