{"id":4107,"date":"2014-01-15T12:25:37","date_gmt":"2014-01-15T11:25:37","guid":{"rendered":"http:\/\/klubmamgdynia.pl\/index.php\/produkt\/humana-mleko-poczatkowe-1-od-urodzenia-3x750g\/"},"modified":"2026-04-08T22:02:35","modified_gmt":"2026-04-08T20:02:35","slug":"humana-mleko-poczatkowe-1-od-urodzenia-3x750g","status":"publish","type":"product","link":"http:\/\/klubmamgdynia.pl\/index.php\/produkt\/humana-mleko-poczatkowe-1-od-urodzenia-3x750g\/","title":{"rendered":"Humana Mleko Pocz\u0105tkowe 1 Od Urodzenia 3X750G"},"content":{"rendered":"<p>Mleko Humana 1 &#8211; 3 x 750 gram to mleko dla maluch\u00f3w ju\u017c od pierwszego dnia \u017cycia.Zawiera wszystkie niezb\u0119dne sk\u0142adniki od\u017cywcze.Mo\u017ce by\u0107 stosowane jako uzupe\u0142nienie karmienia piersi\u0105 b\u0105d\u017a jako wy\u0142\u0105czne karmienie od dnia narodzin.Mleko jest dostosowane do potrzeb \u017cywieniowych dziecka, poniewa\u017c zawiera LCP oraz GOS.Zawiera wy\u0142\u0105cznie laktoz\u0119.Otwarcie jest \u0142atwe, z mo\u017cliwo\u015bci\u0105 ponownego zamkni\u0119cia.Ponadto opakowanie wyposa\u017cone jest we wzmocnione pod\u0142o\u017ce, co zapewnia szczelno\u015b\u0107 i stabilno\u015b\u0107.Wewn\u0105trz znajduje si\u0119 specjalna membrana ochronna, kt\u00f3ra zapewnia bezpiecze\u0144stwo i utrzymuje \u015bwie\u017co\u015b\u0107 produktu.Opakowanie nie zawiera BPA, olej\u00f3w mineralnych ani chloru.Szczelne zamkni\u0119cie chroni przed wilgoci\u0105 i powietrzem.Sk\u0142ad mleka: Odt\u0142uszczone mleko. Odmineralizowana serwatka w proszku. Oleje ro\u015blinne. Laktoza. Syrop galaktooligosacharydowy. Koncentrat bia\u0142ka serwatkowego. W\u0119glan wapnia. Chlorek potasu. Sole wapniowe kwasu ortofosforowego. Cytrynian sodu. Olej zwierz\u0119cy (olej rybi). Dwuwinian choliny. L-tyrozyna. Zestaw witamin (witamina C, niacyna, witamina E, tiamina, witamina A, witamina B6, kwas pantotenowy, ryboflawina, kwas foliowy, witamina K1, biotyna, witamina D3, witamina B12). Cytrynian potasu, W\u0119glan magnezu, Inozytol, Tauryna, Nukleotydy, Siarczan \u017celazawy Stabilizator: kwas L(+) mlekowy, siarczan cynku, kompleks mied\u017a-lizyna, jodan potasu, siarczan manganu, selenian soduSk\u0142ad i specyfikacja produktu nie uleg\u0142y zmianie w okresie zmiany opakowa\u0144Zawarto\u015b\u0107 opakowania: 750gWiek: 0 msc +<\/p>\n<h2>Humana Mleko Pocz\u0105tkowe 1 Od Urodzenia 3X750G Humana<\/h2>\n<p>jak narysowa\u0107, lamiglowki slowne, kolorowanki do druku pokemon, kr\u00f3tkie zagadki matematyczne z odpowiedziami, prezent na \u015bwi\u0119ta dla nastolatka, karty pracy dla dzieci z ukrainy pdf, zagdki, zagadki logiczne \u015bmieszne, kolorowanki \u015bwinka peppa, misie z film\u00f3w animowanych, nauczyciel cytaty, papugi do druku, dobrej nocy i sza, znaczenie imiona marcel, pomys\u0142y na pakowanie prezent\u00f3w, \u0142amig\u0142\u00f3wki dla dzieci do druku<\/p>\n<p>yyyyy<\/p>\n<p>&nbsp;<\/p>\n","protected":false},"excerpt":{"rendered":"<p>Mleko Humana 1 &#8211; 3 x 750 gram to mleko dla maluch\u00f3w ju\u017c od pierwszego dnia \u017cycia.Zawiera wszystkie niezb\u0119dne sk\u0142adniki od\u017cywcze.Mo\u017ce by\u0107 stosowane jako uzupe\u0142nienie karmienia piersi\u0105 b\u0105d\u017a jako wy\u0142\u0105czne karmienie od dnia narodzin.Mleko jest dostosowane do potrzeb \u017cywieniowych dziecka, poniewa\u017c zawiera LCP oraz GOS.Zawiera wy\u0142\u0105cznie laktoz\u0119.Otwarcie jest \u0142atwe, z mo\u017cliwo\u015bci\u0105 ponownego zamkni\u0119cia.Ponadto opakowanie wyposa\u017cone [&hellip;]<\/p>\n","protected":false},"featured_media":4108,"comment_status":"closed","ping_status":"open","template":"","meta":[],"product_cat":[18,77],"product_tag":[755,697,674,735,783,820],"class_list":["post-4107","product","type-product","status-publish","has-post-thumbnail","hentry","product_cat-humana","product_cat-mleka-poczatkowe","product_tag-henryk","product_tag-krotkie-bajki-do-czytania","product_tag-miasto-dzieci","product_tag-prezent-na-roczek-dziewczynka","product_tag-prezenty-na-roczek-dla-chlopca","product_tag-ziemia-wyspa-zielona-tekst"],"_links":{"self":[{"href":"http:\/\/klubmamgdynia.pl\/index.php\/wp-json\/wp\/v2\/product\/4107","targetHints":{"allow":["GET"]}}],"collection":[{"href":"http:\/\/klubmamgdynia.pl\/index.php\/wp-json\/wp\/v2\/product"}],"about":[{"href":"http:\/\/klubmamgdynia.pl\/index.php\/wp-json\/wp\/v2\/types\/product"}],"replies":[{"embeddable":true,"href":"http:\/\/klubmamgdynia.pl\/index.php\/wp-json\/wp\/v2\/comments?post=4107"}],"wp:featuredmedia":[{"embeddable":true,"href":"http:\/\/klubmamgdynia.pl\/index.php\/wp-json\/wp\/v2\/media\/4108"}],"wp:attachment":[{"href":"http:\/\/klubmamgdynia.pl\/index.php\/wp-json\/wp\/v2\/media?parent=4107"}],"wp:term":[{"taxonomy":"product_cat","embeddable":true,"href":"http:\/\/klubmamgdynia.pl\/index.php\/wp-json\/wp\/v2\/product_cat?post=4107"},{"taxonomy":"product_tag","embeddable":true,"href":"http:\/\/klubmamgdynia.pl\/index.php\/wp-json\/wp\/v2\/product_tag?post=4107"}],"curies":[{"name":"wp","href":"https:\/\/api.w.org\/{rel}","templated":true}]}}