{"id":4109,"date":"2014-01-10T10:09:22","date_gmt":"2014-01-10T09:09:22","guid":{"rendered":"http:\/\/klubmamgdynia.pl\/index.php\/produkt\/rex-london-slon-zestaw-plasterkow-w-pudelku\/"},"modified":"2026-04-30T10:24:36","modified_gmt":"2026-04-30T08:24:36","slug":"rex-london-slon-zestaw-plasterkow-w-pudelku","status":"publish","type":"product","link":"http:\/\/klubmamgdynia.pl\/index.php\/produkt\/rex-london-slon-zestaw-plasterkow-w-pudelku\/","title":{"rendered":"Rex London S\u0142o\u0144 Zestaw Plasterk\u00f3w W Pude\u0142ku"},"content":{"rendered":"<p>Zestaw 30 plastr\u00f3w opatrunkowych z kolorowym nadrukiem. Plastry umieszczono w praktycznej puszce z tym samym wzorem.Rozmiary plastr\u00f3w:76 x 19 mm x 10 szt.58 x 16 mm x 10 szt.38 x 22 mm x 10 szt.UWAGANa\u0142o\u017cy\u0107 plaster na czyst\u0105, such\u0105 sk\u00f3r\u0119.Nie nale\u017cy u\u017cywa\u0107, je\u015bli opakowanie jest uszkodzone lub otwarte.Plaster nale\u017cy zmienia\u0107 codziennie.Ka\u017cdy plaster jest plastrem jednorazowym.Je\u015bli rana nie goi si\u0119, nale\u017cy zasi\u0119gn\u0105\u0107 porady lekarza.Materia\u0142:winyl, tkanina,pude\u0142ko cynoweWymiary pude\u0142eczka:7 x 2 x 9,5 cm<\/p>\n<h2>Rex London S\u0142o\u0144 Zestaw Plasterk\u00f3w W Pude\u0142ku Rex London<\/h2>\n<p>Keyword, zagadki na logike, atrakcje wroc\u0142aw i okolice, quizy za darmo, kotek kolorowanka do druku, zyczenia walentynkowe dla dzieci, jak narysowa\u0107 \u017cab\u0119, quiz o samochodach, przyja\u017a\u0144 cytaty, najlepsze place zabaw warszawa, \u015bmieszne zagadki z odpowiedziami, kolorowanki konie do druku, wyprawka warszawiaka 2021, nietypowe imiona \u017ce\u0144skie, bajka dla niemowlaka, quiz felix net i nika oraz gang niewidzialnych ludzi, co oznacza nazwa jordan, kolorowanka kotka, pikachu do druku<\/p>\n<p>yyyyy<\/p>\n<p>&nbsp;<\/p>\n","protected":false},"excerpt":{"rendered":"<p>Zestaw 30 plastr\u00f3w opatrunkowych z kolorowym nadrukiem. Plastry umieszczono w praktycznej puszce z tym samym wzorem.Rozmiary plastr\u00f3w:76 x 19 mm x 10 szt.58 x 16 mm x 10 szt.38 x 22 mm x 10 szt.UWAGANa\u0142o\u017cy\u0107 plaster na czyst\u0105, such\u0105 sk\u00f3r\u0119.Nie nale\u017cy u\u017cywa\u0107, je\u015bli opakowanie jest uszkodzone lub otwarte.Plaster nale\u017cy zmienia\u0107 codziennie.Ka\u017cdy plaster jest plastrem jednorazowym.Je\u015bli [&hellip;]<\/p>\n","protected":false},"featured_media":4110,"comment_status":"closed","ping_status":"open","template":"","meta":[],"product_cat":[901,259],"product_tag":[580,642,684,651,843],"class_list":["post-4109","product","type-product","status-publish","has-post-thumbnail","hentry","product_cat-pozostale-akcesoria-do-pielegnacji-dzieci","product_cat-rex-london","product_tag-janusz","product_tag-mia-imie","product_tag-prezent-dla-dziewczynki-na-roczek","product_tag-quizy-online","product_tag-smieszne-zagadki-dla-dzieci"],"_links":{"self":[{"href":"http:\/\/klubmamgdynia.pl\/index.php\/wp-json\/wp\/v2\/product\/4109","targetHints":{"allow":["GET"]}}],"collection":[{"href":"http:\/\/klubmamgdynia.pl\/index.php\/wp-json\/wp\/v2\/product"}],"about":[{"href":"http:\/\/klubmamgdynia.pl\/index.php\/wp-json\/wp\/v2\/types\/product"}],"replies":[{"embeddable":true,"href":"http:\/\/klubmamgdynia.pl\/index.php\/wp-json\/wp\/v2\/comments?post=4109"}],"wp:featuredmedia":[{"embeddable":true,"href":"http:\/\/klubmamgdynia.pl\/index.php\/wp-json\/wp\/v2\/media\/4110"}],"wp:attachment":[{"href":"http:\/\/klubmamgdynia.pl\/index.php\/wp-json\/wp\/v2\/media?parent=4109"}],"wp:term":[{"taxonomy":"product_cat","embeddable":true,"href":"http:\/\/klubmamgdynia.pl\/index.php\/wp-json\/wp\/v2\/product_cat?post=4109"},{"taxonomy":"product_tag","embeddable":true,"href":"http:\/\/klubmamgdynia.pl\/index.php\/wp-json\/wp\/v2\/product_tag?post=4109"}],"curies":[{"name":"wp","href":"https:\/\/api.w.org\/{rel}","templated":true}]}}