{"id":411,"date":"2020-06-14T08:41:16","date_gmt":"2020-06-14T06:41:16","guid":{"rendered":"http:\/\/klubmamgdynia.pl\/index.php\/produkt\/carrera-auto-go-mercedes-amg-c-63-dtm-g-paffett-no-2-20064133\/"},"modified":"2026-04-21T02:21:11","modified_gmt":"2026-04-21T00:21:11","slug":"carrera-auto-go-mercedes-amg-c-63-dtm-g-paffett-no-2-20064133","status":"publish","type":"product","link":"http:\/\/klubmamgdynia.pl\/index.php\/produkt\/carrera-auto-go-mercedes-amg-c-63-dtm-g-paffett-no-2-20064133\/","title":{"rendered":"Carrera Auto Go Mercedes-Amg C 63 Dtm G.Paffett No.2 (20064133)"},"content":{"rendered":"<p>Auto Carrera Go Mercedes-AMG C 63 DTM &#8222;G.Paffett, No.2&#8243;Informacje o produkcieNr katalogowy20064133Marka (Zabawki) BrakRodzaj (pojazdy::akcesoria) Tory wy\u015bcigoweMateria\u0142 Tworzywo sztuczne (plastik)Skala 1:43Wymagania wiekowe od 6 latP\u0142e\u0107 (zabawki) Ch\u0142opcyProdukt na baterie NieBaterie w zestawie NieZasilanie Nie dotyczyKolor (wyliczeniowy) B\u0142\u0119kitny<\/p>\n<h2>Carrera Auto Go Mercedes-Amg C 63 Dtm G.Paffett No.2 (20064133) Carrera<\/h2>\n<p>\u015bwinka peppa do czytania, rodzina cytaty, quiz o zwierz\u0119tach domowych, m\u0105dre prezenty dla 7 latki, wiosna zagadki s\u0142owne, urodziny dziecka pomys\u0142y, z\u0142ote my\u015bli o przyja\u017ani, rodzina cytaty, krok jak narysowa\u0107 konia, piosenka na dzie\u0144 mamy tekst<\/p>\n<p>yyyyy<\/p>\n<p>&nbsp;<\/p>\n","protected":false},"excerpt":{"rendered":"<p>Auto Carrera Go Mercedes-AMG C 63 DTM &#8222;G.Paffett, No.2&#8243;Informacje o produkcieNr katalogowy20064133Marka (Zabawki) BrakRodzaj (pojazdy::akcesoria) Tory wy\u015bcigoweMateria\u0142 Tworzywo sztuczne (plastik)Skala 1:43Wymagania wiekowe od 6 latP\u0142e\u0107 (zabawki) Ch\u0142opcyProdukt na baterie NieBaterie w zestawie NieZasilanie Nie dotyczyKolor (wyliczeniowy) B\u0142\u0119kitny Carrera Auto Go Mercedes-Amg C 63 Dtm G.Paffett No.2 (20064133) Carrera \u015bwinka peppa do czytania, rodzina cytaty, quiz [&hellip;]<\/p>\n","protected":false},"featured_media":412,"comment_status":"closed","ping_status":"open","template":"","meta":[],"product_cat":[83,140],"product_tag":[859,815,643,769,760,698],"class_list":["post-411","product","type-product","status-publish","has-post-thumbnail","hentry","product_cat-auta-i-inne-pojazdy-do-zabawy","product_cat-carrera","product_tag-dobranoc-pchly-na-noc","product_tag-ozdoby-choinkowe-dla-dzieci","product_tag-prezent-dla-17-latki","product_tag-psi-patrol-do-czytania","product_tag-zagadka-matematyczna","product_tag-zagadki-dla-przedszkolakow"],"_links":{"self":[{"href":"http:\/\/klubmamgdynia.pl\/index.php\/wp-json\/wp\/v2\/product\/411","targetHints":{"allow":["GET"]}}],"collection":[{"href":"http:\/\/klubmamgdynia.pl\/index.php\/wp-json\/wp\/v2\/product"}],"about":[{"href":"http:\/\/klubmamgdynia.pl\/index.php\/wp-json\/wp\/v2\/types\/product"}],"replies":[{"embeddable":true,"href":"http:\/\/klubmamgdynia.pl\/index.php\/wp-json\/wp\/v2\/comments?post=411"}],"wp:featuredmedia":[{"embeddable":true,"href":"http:\/\/klubmamgdynia.pl\/index.php\/wp-json\/wp\/v2\/media\/412"}],"wp:attachment":[{"href":"http:\/\/klubmamgdynia.pl\/index.php\/wp-json\/wp\/v2\/media?parent=411"}],"wp:term":[{"taxonomy":"product_cat","embeddable":true,"href":"http:\/\/klubmamgdynia.pl\/index.php\/wp-json\/wp\/v2\/product_cat?post=411"},{"taxonomy":"product_tag","embeddable":true,"href":"http:\/\/klubmamgdynia.pl\/index.php\/wp-json\/wp\/v2\/product_tag?post=411"}],"curies":[{"name":"wp","href":"https:\/\/api.w.org\/{rel}","templated":true}]}}