{"id":4115,"date":"2010-12-28T13:31:43","date_gmt":"2010-12-28T12:31:43","guid":{"rendered":"http:\/\/klubmamgdynia.pl\/index.php\/produkt\/oleofarm-collaflex-duo-30-sasz\/"},"modified":"2026-04-04T05:22:13","modified_gmt":"2026-04-04T03:22:13","slug":"oleofarm-collaflex-duo-30-sasz","status":"publish","type":"product","link":"http:\/\/klubmamgdynia.pl\/index.php\/produkt\/oleofarm-collaflex-duo-30-sasz\/","title":{"rendered":"OLEOFARM Collaflex DUO, 30 sasz"},"content":{"rendered":"<p>Oleofarm Collaflex DUO, 30 saszCollaflex DUO polecany jest osobom dbaj\u0105cym o utrzymanie prawid\u0142owej kondycji chrz\u0105stki stawowej i zdrowych ko\u015bci, zw\u0142aszcza osobom uprawiaj\u0105cym\u00a0sport, kt\u00f3re chc\u0105 wspiera\u0107 organizm w produkcji kolagenu.\u00a0Wyj\u0105tkowy zestaw sk\u0142adnik\u00f3w rekomendowany do stosowania dla os\u00f3b, kt\u00f3re chc\u0105 zadba\u0107 o dobr\u0105 kondycj\u0119 ko\u015bci i staw\u00f3w. Suplement diety Collaflex Duo zawiera kompleks Collatrin\u00ae, w sk\u0142ad kt\u00f3rego wchodzi kolagen typu II, kwas hialuronowy oraz siarczan chondroityny. Dodatkowo w preparacie mamy zawart\u0105 witamin\u0119 C, kolagen typu I oraz dwa ekstrakty \u2013 z k\u0142\u0105cza imbiru i z \u017cywicy kadzid\u0142owca (\u017ar\u00f3d\u0142o kwas\u00f3w bosweliowych). Witamina C to sk\u0142adnik wspieraj\u0105cy prawid\u0142ow\u0105 produkcj\u0119 kolagenu w organizmie. Preparat jest przeznaczony w szczeg\u00f3lno\u015bci dla os\u00f3b, kt\u00f3re uprawiaj\u0105 sport.                            <\/p>\n<p>Zalecane spo\u017cycie:Doro\u015bli \u2013 1 saszetka dziennie. Zawarto\u015b\u0107 saszetki nale\u017cy rozpu\u015bci\u0107 w 200 ml letniej wody, mleka lub jogurtu i miesza\u0107 do rozpuszczenia proszku. Wyst\u0119puj\u0105cy osad jest cech\u0105 naturaln\u0105 produktu z uwagi na obecno\u015b\u0107 ekstrakt\u00f3w ro\u015blinnych.\u00a0                            <\/p>\n<p>Sk\u0142adniki:\u00a0hydrolizowany kolagen typu I, kwas L-askorbinowy, siarczan glukozaminy 2 KCl (zawiera skorupiaki), aromat truskawkowy, koncentrat buraka czerwonego, ekstrakt z \u017cywicy kadzid\u0142owca (Boswellia serrata), Collatrin\u00ae (zhydrolizowane sk\u0142adniki macierzy mi\u0119dzykom\u00f3rkowej tkanki chrz\u0119stnej: kolagen typu II, siarczan chondroityny, kwas hialuronowy), ekstrakt z k\u0142\u0105cza imbiru (Zingiber officinale), substancja przeciwzbrylaj\u0105ca:\u00a0 dwutlenek krzemu, substancja s\u0142odz\u0105ca: sukraloza.                            <\/p>\n<p>***Suplement diety Collaflex DUO nie stosowa\u0107 u os\u00f3b maj\u0105cych predyspozycje do tworzenia kamieni nerkowych lub choruj\u0105cych na kamic\u0119 nerkow\u0105. Suplementy diety nie mog\u0105 by\u0107 stosowane jako substytut (zamiennik) zr\u00f3\u017cnicowanej diety ani zdrowego trybu \u017cycia. Nie nale\u017cy przekracza\u0107 zalecanej porcji produktu do spo\u017cycia w ci\u0105gu dnia. Suplementy diety powinny by\u0107 przechowywane w spos\u00f3b niedost\u0119pny dla ma\u0142ych dzieci. Przed zastosowaniem produktu sugerujemy zapoznanie si\u0119 z dok\u0142adnymi informacjami podanymi na opakowaniu lub za\u0142\u0105czonej ulotce.<\/p>\n<h2>OLEOFARM Collaflex DUO, 30 sasz Oleofarm<\/h2>\n<p>zagadki na myslenie, doros\u0142ych kolorowanki dziewczyny, pomysly na prima aprilis, karty pracy dla dzieci z ukrainy do druku, tekst kolysanek, zagadki logiczne na inteligencj\u0119 dla doros\u0142ych, izabela imie, \u0142\u0105czenie kropek<\/p>\n<p>yyyyy<\/p>\n<p>&nbsp;<\/p>\n","protected":false},"excerpt":{"rendered":"<p>Oleofarm Collaflex DUO, 30 saszCollaflex DUO polecany jest osobom dbaj\u0105cym o utrzymanie prawid\u0142owej kondycji chrz\u0105stki stawowej i zdrowych ko\u015bci, zw\u0142aszcza osobom uprawiaj\u0105cym\u00a0sport, kt\u00f3re chc\u0105 wspiera\u0107 organizm w produkcji kolagenu.\u00a0Wyj\u0105tkowy zestaw sk\u0142adnik\u00f3w rekomendowany do stosowania dla os\u00f3b, kt\u00f3re chc\u0105 zadba\u0107 o dobr\u0105 kondycj\u0119 ko\u015bci i staw\u00f3w. Suplement diety Collaflex Duo zawiera kompleks Collatrin\u00ae, w sk\u0142ad kt\u00f3rego [&hellip;]<\/p>\n","protected":false},"featured_media":4116,"comment_status":"closed","ping_status":"open","template":"","meta":[],"product_cat":[1187,1131],"product_tag":[837,583,806,850,628],"class_list":["post-4115","product","type-product","status-publish","has-post-thumbnail","hentry","product_cat-oleofarm","product_cat-stawy-miesnie-i-kosci","product_tag-cicha-noc-po-angielsku","product_tag-kolysanki-dla-dzieci-tekst","product_tag-prezent-dla-dziecka-na-roczek","product_tag-wroclaw-atrakcje-dla-dzieci","product_tag-zagadka"],"_links":{"self":[{"href":"http:\/\/klubmamgdynia.pl\/index.php\/wp-json\/wp\/v2\/product\/4115","targetHints":{"allow":["GET"]}}],"collection":[{"href":"http:\/\/klubmamgdynia.pl\/index.php\/wp-json\/wp\/v2\/product"}],"about":[{"href":"http:\/\/klubmamgdynia.pl\/index.php\/wp-json\/wp\/v2\/types\/product"}],"replies":[{"embeddable":true,"href":"http:\/\/klubmamgdynia.pl\/index.php\/wp-json\/wp\/v2\/comments?post=4115"}],"wp:featuredmedia":[{"embeddable":true,"href":"http:\/\/klubmamgdynia.pl\/index.php\/wp-json\/wp\/v2\/media\/4116"}],"wp:attachment":[{"href":"http:\/\/klubmamgdynia.pl\/index.php\/wp-json\/wp\/v2\/media?parent=4115"}],"wp:term":[{"taxonomy":"product_cat","embeddable":true,"href":"http:\/\/klubmamgdynia.pl\/index.php\/wp-json\/wp\/v2\/product_cat?post=4115"},{"taxonomy":"product_tag","embeddable":true,"href":"http:\/\/klubmamgdynia.pl\/index.php\/wp-json\/wp\/v2\/product_tag?post=4115"}],"curies":[{"name":"wp","href":"https:\/\/api.w.org\/{rel}","templated":true}]}}