{"id":4119,"date":"2019-10-24T11:32:16","date_gmt":"2019-10-24T09:32:16","guid":{"rendered":"http:\/\/klubmamgdynia.pl\/index.php\/produkt\/kidsclub-kidsclubco-seasons-box-pudelko-kreatywnosci-i-rekodziela\/"},"modified":"2026-05-17T22:03:26","modified_gmt":"2026-05-17T20:03:26","slug":"kidsclub-kidsclubco-seasons-box-pudelko-kreatywnosci-i-rekodziela","status":"publish","type":"product","link":"http:\/\/klubmamgdynia.pl\/index.php\/produkt\/kidsclub-kidsclubco-seasons-box-pudelko-kreatywnosci-i-rekodziela\/","title":{"rendered":"Kidsclub Kidsclub&amp;Co Seasons Box Pude\u0142ko Kreatywno\u015bci I R\u0119kodzie\u0142a"},"content":{"rendered":"<p>Wspania\u0142e pomys\u0142y na r\u0119kodzie\u0142o wok\u00f3\u0142 tematu p\u00f3r roku The Kidsclub&amp;Co . Box to kreatywny zestaw na temat p\u00f3r roku. Z wspania\u0142ymi pomys\u0142ami rzemie\u015blniczymi specjalnie dla dzieci w wieku od 3 lat do szko\u0142y podstawowej. Obrazek do kolorowania XXL Wreszcie obraz, na kt\u00f3rym mo\u017cna si\u0119 naprawd\u0119 wy\u0142adowa\u0107. Obrazek sezonowy ma ponad 40 cm szeroko\u015bci i 60 cm d\u0142ugo\u015bci, a mama i tata mog\u0105 r\u00f3wnie\u017c pokolorowa\u0107 w k\u0105ciku. Wszystko w jednym pude\u0142ku Wszystko, czego potrzebujesz do realizacji kolorowych pomys\u0142\u00f3w, jest ju\u017c zawarte w zestawie kreatywnym. Wszystko czego potrzebujesz to no\u017cyczki, dziurkacz do papieru i zdj\u0119cia rodzinne. Odpowiednie dla dzieci Zestaw kreatywny jest specjalnie zaprojektowany dla dzieci. Instrukcje s\u0105 tak proste, \u017ce doro\u015bli nie musz\u0105 sp\u0119dza\u0107 du\u017co czasu na czytaniu i kombinowaniu. Szczeg\u00f3\u0142y produktu: Wymiary pude\u0142ka (d\u0142ugo\u015b\u0107 x szeroko\u015b\u0107 x wysoko\u015b\u0107): 35 x 25 x 5 cm. Zawarto\u015b\u0107: 8 instrukcji wykonania prac r\u0119cznych, obrazek do kolorowania XXL, szablony, tekturowa rolka, spinacze, bibu\u0142a, karton, zielone pompony, czarne pompony, farby do kolorowania do szko\u0142y, p\u0119dzle, zestaw d\u0142ugopis\u00f3w z filcow\u0105 ko\u0144c\u00f3wk\u0105, klej w sztyfcie, papierowy talerzyk, we\u0142na, sznurek, szklany pojemnik, waciki, perliste oczy, s\u0142omka, czy\u015bcik do rur, drewniane patyczki Wiek: od 3 lat Uwaga Nieodpowiednie dla dzieci poni\u017cej 3 lat. Zagro\u017cenie ud\u0142awieniem, poniewa\u017c ma\u0142e cz\u0119\u015bci mog\u0105 zosta\u0107 po\u0142kni\u0119te lub wdychane. Ryzyko uduszenia w przypadku za\u0142o\u017cenia we\u0142nianego sznura na szyj\u0119. Prosz\u0119 u\u017cywa\u0107 tylko pod nadzorem osoby doros\u0142ej. Nale\u017cy zachowa\u0107 opakowanie i instrukcj\u0119, poniewa\u017c zawieraj\u0105 one wa\u017cne informacje. Zastrzega si\u0119 mo\u017cliwo\u015b\u0107 zmian technicznych.<\/p>\n<h2>Kidsclub Kidsclub&amp;Co Seasons Box Pude\u0142ko Kreatywno\u015bci I R\u0119kodzie\u0142a <\/h2>\n<p>kanapki dla dzieci, test z lektury opowie\u015bci z narnii lew czarownica i stara szafa z odpowiedziami, zagadki do rozwi\u0105zania, test z lektury dzieci z bullerbyn<\/p>\n<p>yyyyy<\/p>\n<p>&nbsp;<\/p>\n","protected":false},"excerpt":{"rendered":"<p>Wspania\u0142e pomys\u0142y na r\u0119kodzie\u0142o wok\u00f3\u0142 tematu p\u00f3r roku The Kidsclub&amp;Co . Box to kreatywny zestaw na temat p\u00f3r roku. Z wspania\u0142ymi pomys\u0142ami rzemie\u015blniczymi specjalnie dla dzieci w wieku od 3 lat do szko\u0142y podstawowej. Obrazek do kolorowania XXL Wreszcie obraz, na kt\u00f3rym mo\u017cna si\u0119 naprawd\u0119 wy\u0142adowa\u0107. Obrazek sezonowy ma ponad 40 cm szeroko\u015bci i 60 [&hellip;]<\/p>\n","protected":false},"featured_media":4120,"comment_status":"closed","ping_status":"open","template":"","meta":[],"product_cat":[537],"product_tag":[832,776,637,629,812],"class_list":["post-4119","product","type-product","status-publish","has-post-thumbnail","hentry","product_cat-pozostale-zabawki-edukacyjne","product_tag-desery-dla-dzieci","product_tag-dobrej-nocy","product_tag-niech-zyja-wakacje-tekst","product_tag-smieszne-zagadki-z-odpowiedziami","product_tag-zagadki-logiczne-na-inteligencje"],"_links":{"self":[{"href":"http:\/\/klubmamgdynia.pl\/index.php\/wp-json\/wp\/v2\/product\/4119","targetHints":{"allow":["GET"]}}],"collection":[{"href":"http:\/\/klubmamgdynia.pl\/index.php\/wp-json\/wp\/v2\/product"}],"about":[{"href":"http:\/\/klubmamgdynia.pl\/index.php\/wp-json\/wp\/v2\/types\/product"}],"replies":[{"embeddable":true,"href":"http:\/\/klubmamgdynia.pl\/index.php\/wp-json\/wp\/v2\/comments?post=4119"}],"wp:featuredmedia":[{"embeddable":true,"href":"http:\/\/klubmamgdynia.pl\/index.php\/wp-json\/wp\/v2\/media\/4120"}],"wp:attachment":[{"href":"http:\/\/klubmamgdynia.pl\/index.php\/wp-json\/wp\/v2\/media?parent=4119"}],"wp:term":[{"taxonomy":"product_cat","embeddable":true,"href":"http:\/\/klubmamgdynia.pl\/index.php\/wp-json\/wp\/v2\/product_cat?post=4119"},{"taxonomy":"product_tag","embeddable":true,"href":"http:\/\/klubmamgdynia.pl\/index.php\/wp-json\/wp\/v2\/product_tag?post=4119"}],"curies":[{"name":"wp","href":"https:\/\/api.w.org\/{rel}","templated":true}]}}