{"id":4123,"date":"2024-01-03T06:34:04","date_gmt":"2024-01-03T05:34:04","guid":{"rendered":"http:\/\/klubmamgdynia.pl\/?post_type=product&#038;p=4123"},"modified":"2026-04-20T11:33:14","modified_gmt":"2026-04-20T09:33:14","slug":"dr-irena-eris-clinic-way-stopien-1o-dermokrem-wygladzajacy-50-ml-dermokrem-pod-oczy-15-ml","status":"publish","type":"product","link":"http:\/\/klubmamgdynia.pl\/index.php\/produkt\/dr-irena-eris-clinic-way-stopien-1o-dermokrem-wygladzajacy-50-ml-dermokrem-pod-oczy-15-ml\/","title":{"rendered":"Dr Irena Eris Clinic Way Stopie\u0144 1\u00ba, Dermokrem Wyg\u0142adzaj\u0105cy &#8211; 50 ml + Dermokrem Pod Oczy &#8211; 15 ml"},"content":{"rendered":"<p>W sk\u0142ad zestawu wchodzi dermokrem aktywnie wyg\u0142adzaj\u0105cy na dzie\u0144 SPF 15, 50 ml oraz dermokrem pod oczy redukuj\u0105cy objawy zm\u0119czenia, 15 ml.1\u00b0 Dermokrem Aktywnie Wyg\u0142adzaj\u0105cy na dzie\u0144 SPF 15, 50 mlIntensywnie nawil\u017ca, zapewniaj\u0105c niezwyk\u0142\u0105 g\u0142adko\u015b\u0107 i elastyczno\u015b\u0107 sk\u00f3ry. Redukuje pierwsze drobne zmarszczki zwi\u0105zane z mimik\u0105 i ruchem mi\u0119\u015bni twarzy.Przywraca zdrowy, promienny wygl\u0105d sk\u00f3ry. Dzia\u0142a ochronnie przed negatywnym dzia\u0142aniem promieni UV i innych czynnik\u00f3w zewn\u0119trznych.1\u00b0+2\u00b0 Dermokrem Pod Oczy Redukuj\u0105cy Objawy Zm\u0119czenia, 15 mlD\u0142ugotrwale nawil\u017ca, przywraca elastyczno\u015b\u0107 sk\u00f3ry oraz redukuje objawy zm\u0119czenia i stresu.Poprawia mikrokr\u0105\u017cenie, redukuj\u0105c si\u0144ce i worki pod oczami. Wyg\u0142adza pierwsze zmarszczki, kt\u00f3re powstaj\u0105 w k\u0105cikach oczu w wyniku ruchu powiek i mimiki twarzy.Dzia\u0142a koj\u0105co, a dzi\u0119ki bardzo \u0142agodnej recepturze nie powoduje podra\u017cnie\u0144. Polecany do stosowania zar\u00f3wna na dzie\u0144, jak i na noc.<\/p>\n<h2>Dr Irena Eris Clinic Way Stopie\u0144 1\u00ba, Dermokrem Wyg\u0142adzaj\u0105cy &#8211; 50 ml + Dermokrem Pod Oczy &#8211; 15 ml Dr Irena Eris<\/h2>\n<p>nauka zegara, znaki drogowe quizy, imie paula, atrakcje dla dzieci tr\u00f3jmiasto, maska kota, zagadki logiczne dla doros\u0142ych, mia i ja kolorowanki do druku, opisy do zdj\u0119\u0107 z dzieckiem, imi\u0119 nela, filmy animowane \u015bwi\u0105teczne, gda\u0144sk atrakcje dla m\u0142odzie\u017cy<\/p>\n<p>yyyyy<\/p>\n<p>&nbsp;<\/p>\n","protected":false},"excerpt":{"rendered":"<p>W sk\u0142ad zestawu wchodzi dermokrem aktywnie wyg\u0142adzaj\u0105cy na dzie\u0144 SPF 15, 50 ml oraz dermokrem pod oczy redukuj\u0105cy objawy zm\u0119czenia, 15 ml.1\u00b0 Dermokrem Aktywnie Wyg\u0142adzaj\u0105cy na dzie\u0144 SPF 15, 50 mlIntensywnie nawil\u017ca, zapewniaj\u0105c niezwyk\u0142\u0105 g\u0142adko\u015b\u0107 i elastyczno\u015b\u0107 sk\u00f3ry. Redukuje pierwsze drobne zmarszczki zwi\u0105zane z mimik\u0105 i ruchem mi\u0119\u015bni twarzy.Przywraca zdrowy, promienny wygl\u0105d sk\u00f3ry. Dzia\u0142a ochronnie [&hellip;]<\/p>\n","protected":false},"featured_media":4124,"comment_status":"closed","ping_status":"open","template":"","meta":[],"product_cat":[134,1190],"product_tag":[658,863,580,641,653],"class_list":["post-4123","product","type-product","status-publish","has-post-thumbnail","hentry","product_cat-dermokosmetyki","product_cat-dr-irena-eris","product_tag-alan-znaczenie-imienia","product_tag-bajki-dla-dziewczynek","product_tag-janusz","product_tag-trudne-zagadki-logiczne","product_tag-warszawa-dla-dzieci"],"_links":{"self":[{"href":"http:\/\/klubmamgdynia.pl\/index.php\/wp-json\/wp\/v2\/product\/4123","targetHints":{"allow":["GET"]}}],"collection":[{"href":"http:\/\/klubmamgdynia.pl\/index.php\/wp-json\/wp\/v2\/product"}],"about":[{"href":"http:\/\/klubmamgdynia.pl\/index.php\/wp-json\/wp\/v2\/types\/product"}],"replies":[{"embeddable":true,"href":"http:\/\/klubmamgdynia.pl\/index.php\/wp-json\/wp\/v2\/comments?post=4123"}],"wp:featuredmedia":[{"embeddable":true,"href":"http:\/\/klubmamgdynia.pl\/index.php\/wp-json\/wp\/v2\/media\/4124"}],"wp:attachment":[{"href":"http:\/\/klubmamgdynia.pl\/index.php\/wp-json\/wp\/v2\/media?parent=4123"}],"wp:term":[{"taxonomy":"product_cat","embeddable":true,"href":"http:\/\/klubmamgdynia.pl\/index.php\/wp-json\/wp\/v2\/product_cat?post=4123"},{"taxonomy":"product_tag","embeddable":true,"href":"http:\/\/klubmamgdynia.pl\/index.php\/wp-json\/wp\/v2\/product_tag?post=4123"}],"curies":[{"name":"wp","href":"https:\/\/api.w.org\/{rel}","templated":true}]}}