{"id":4125,"date":"2019-12-19T14:36:27","date_gmt":"2019-12-19T13:36:27","guid":{"rendered":"http:\/\/klubmamgdynia.pl\/index.php\/produkt\/mega-creative-supermarket-home-z-akcesoriami-48274-zabawka\/"},"modified":"2026-04-27T02:52:33","modified_gmt":"2026-04-27T00:52:33","slug":"mega-creative-supermarket-home-z-akcesoriami-48274-zabawka","status":"publish","type":"product","link":"http:\/\/klubmamgdynia.pl\/index.php\/produkt\/mega-creative-supermarket-home-z-akcesoriami-48274-zabawka\/","title":{"rendered":"Mega Creative Supermarket Home Z Akcesoriami 48274 &#8211; Zabawka"},"content":{"rendered":"<p>Supermarket Z Akcesoriami Mega Creative 482743<\/p>\n<h2>Mega Creative Supermarket Home Z Akcesoriami 48274 &#8211; Zabawka Mega Creative<\/h2>\n<p>wierszyk o wakacjach, minionki do druku, prezent na roczek, zagadki dla dzieci z odpowiedziami, znaczenie imienia paula, jak zrobi\u0107 wulkan, kartka walentynkowa zrobiona przez dzieci, lol surprise kolorowanki, zabawy dla 10 latk\u00f3w, test z lektury ten obcy, zwierz\u0119ta z plasteliny, anio\u0142ki w niebie pisz\u0105, zagadki logiczne trudne, wierszyki na lany poniedzia\u0142ek, anio\u0142ki w niebie pisz\u0105, najtrudniejsze zagadki, wiersz o marzannie, prezent na roczek dla chlopca<\/p>\n<p>yyyyy<\/p>\n<p>&nbsp;<\/p>\n","protected":false},"excerpt":{"rendered":"<p>Supermarket Z Akcesoriami Mega Creative 482743 Mega Creative Supermarket Home Z Akcesoriami 48274 &#8211; Zabawka Mega Creative wierszyk o wakacjach, minionki do druku, prezent na roczek, zagadki dla dzieci z odpowiedziami, znaczenie imienia paula, jak zrobi\u0107 wulkan, kartka walentynkowa zrobiona przez dzieci, lol surprise kolorowanki, zabawy dla 10 latk\u00f3w, test z lektury ten obcy, zwierz\u0119ta [&hellip;]<\/p>\n","protected":false},"featured_media":4126,"comment_status":"closed","ping_status":"open","template":"","meta":[],"product_cat":[53,64],"product_tag":[831,722,699,690],"class_list":["post-4125","product","type-product","status-publish","has-post-thumbnail","hentry","product_cat-kaciki-zabaw","product_cat-mega-creative","product_tag-bruno","product_tag-cytaty-o-przyjazni","product_tag-kolorowanki-do-druku-dla-dziewczyn","product_tag-pieski-male-dwa-tekst"],"_links":{"self":[{"href":"http:\/\/klubmamgdynia.pl\/index.php\/wp-json\/wp\/v2\/product\/4125","targetHints":{"allow":["GET"]}}],"collection":[{"href":"http:\/\/klubmamgdynia.pl\/index.php\/wp-json\/wp\/v2\/product"}],"about":[{"href":"http:\/\/klubmamgdynia.pl\/index.php\/wp-json\/wp\/v2\/types\/product"}],"replies":[{"embeddable":true,"href":"http:\/\/klubmamgdynia.pl\/index.php\/wp-json\/wp\/v2\/comments?post=4125"}],"wp:featuredmedia":[{"embeddable":true,"href":"http:\/\/klubmamgdynia.pl\/index.php\/wp-json\/wp\/v2\/media\/4126"}],"wp:attachment":[{"href":"http:\/\/klubmamgdynia.pl\/index.php\/wp-json\/wp\/v2\/media?parent=4125"}],"wp:term":[{"taxonomy":"product_cat","embeddable":true,"href":"http:\/\/klubmamgdynia.pl\/index.php\/wp-json\/wp\/v2\/product_cat?post=4125"},{"taxonomy":"product_tag","embeddable":true,"href":"http:\/\/klubmamgdynia.pl\/index.php\/wp-json\/wp\/v2\/product_tag?post=4125"}],"curies":[{"name":"wp","href":"https:\/\/api.w.org\/{rel}","templated":true}]}}