{"id":4127,"date":"2023-03-09T14:42:38","date_gmt":"2023-03-09T13:42:38","guid":{"rendered":"http:\/\/klubmamgdynia.pl\/?post_type=product&#038;p=4127"},"modified":"2026-04-25T03:07:42","modified_gmt":"2026-04-25T01:07:42","slug":"mega-creative-pistolet-b-o-27x18x6-mc-wb-48-96","status":"publish","type":"product","link":"http:\/\/klubmamgdynia.pl\/index.php\/produkt\/mega-creative-pistolet-b-o-27x18x6-mc-wb-48-96\/","title":{"rendered":"Mega Creative Pistolet B\/O 27X18X6 Mc Wb 48\/96"},"content":{"rendered":"<h2>Mega Creative Pistolet B\/O 27X18X6 Mc Wb 48\/96 Mega Creative<\/h2>\n<p>bajki do czytania dla niemowl\u0105t, cytaty o przyja\u017ani \u015bmieszne, jedzie poci\u0105g z daleka tekst, imi\u0119 pola, ju\u017c blisko kol\u0119da tekst, ciekawe miejsca w warszawie dla m\u0142odzie\u017cy<\/p>\n<p>yyyyy<\/p>\n<p>&nbsp;<\/p>\n","protected":false},"excerpt":{"rendered":"<p>Mega Creative Pistolet B\/O 27X18X6 Mc Wb 48\/96 Mega Creative bajki do czytania dla niemowl\u0105t, cytaty o przyja\u017ani \u015bmieszne, jedzie poci\u0105g z daleka tekst, imi\u0119 pola, ju\u017c blisko kol\u0119da tekst, ciekawe miejsca w warszawie dla m\u0142odzie\u017cy yyyyy &nbsp;<\/p>\n","protected":false},"featured_media":4128,"comment_status":"closed","ping_status":"open","template":"","meta":[],"product_cat":[64,40],"product_tag":[854,619,707,645],"class_list":["post-4127","product","type-product","status-publish","has-post-thumbnail","hentry","product_cat-mega-creative","product_cat-zabawki-militarne","product_tag-cytaty-rodzina","product_tag-iwo-imie","product_tag-karty-pracy-dla-dzieci-z-ukrainy","product_tag-latwe-zagadki"],"_links":{"self":[{"href":"http:\/\/klubmamgdynia.pl\/index.php\/wp-json\/wp\/v2\/product\/4127","targetHints":{"allow":["GET"]}}],"collection":[{"href":"http:\/\/klubmamgdynia.pl\/index.php\/wp-json\/wp\/v2\/product"}],"about":[{"href":"http:\/\/klubmamgdynia.pl\/index.php\/wp-json\/wp\/v2\/types\/product"}],"replies":[{"embeddable":true,"href":"http:\/\/klubmamgdynia.pl\/index.php\/wp-json\/wp\/v2\/comments?post=4127"}],"wp:featuredmedia":[{"embeddable":true,"href":"http:\/\/klubmamgdynia.pl\/index.php\/wp-json\/wp\/v2\/media\/4128"}],"wp:attachment":[{"href":"http:\/\/klubmamgdynia.pl\/index.php\/wp-json\/wp\/v2\/media?parent=4127"}],"wp:term":[{"taxonomy":"product_cat","embeddable":true,"href":"http:\/\/klubmamgdynia.pl\/index.php\/wp-json\/wp\/v2\/product_cat?post=4127"},{"taxonomy":"product_tag","embeddable":true,"href":"http:\/\/klubmamgdynia.pl\/index.php\/wp-json\/wp\/v2\/product_tag?post=4127"}],"curies":[{"name":"wp","href":"https:\/\/api.w.org\/{rel}","templated":true}]}}