{"id":4129,"date":"2025-07-01T00:14:57","date_gmt":"2025-06-30T22:14:57","guid":{"rendered":"http:\/\/klubmamgdynia.pl\/?post_type=product&#038;p=4129"},"modified":"2026-04-23T05:59:24","modified_gmt":"2026-04-23T03:59:24","slug":"nutridrink-standard-preparat-odzywczy-smak-owoce-lesne-4x125ml","status":"publish","type":"product","link":"http:\/\/klubmamgdynia.pl\/index.php\/produkt\/nutridrink-standard-preparat-odzywczy-smak-owoce-lesne-4x125ml\/","title":{"rendered":"Nutridrink Standard preparat od\u017cywczy smak owoce le\u015bne 4x125ml"},"content":{"rendered":"<h2>Nutridrink Standard preparat od\u017cywczy smak owoce le\u015bne 4x125ml Nutricia<\/h2>\n<p>jak narysowa\u0107 psa, bajki dla chlopcow, atrakcje warszawa dla dzieci, dzieci z bullerbyn quiz, kolorowanki dla dziewczynek lol, m\u0105dra my\u015bl na dobranoc, quiz kajko i kokosz szko\u0142a latania, lol kolorowanki, antystresowe mandale do druku<\/p>\n<p>yyyyy<\/p>\n<p>&nbsp;<\/p>\n","protected":false},"excerpt":{"rendered":"<p>Nutridrink Standard preparat od\u017cywczy smak owoce le\u015bne 4x125ml Nutricia jak narysowa\u0107 psa, bajki dla chlopcow, atrakcje warszawa dla dzieci, dzieci z bullerbyn quiz, kolorowanki dla dziewczynek lol, m\u0105dra my\u015bl na dobranoc, quiz kajko i kokosz szko\u0142a latania, lol kolorowanki, antystresowe mandale do druku yyyyy &nbsp;<\/p>\n","protected":false},"featured_media":4130,"comment_status":"closed","ping_status":"open","template":"","meta":[],"product_cat":[188,189],"product_tag":[772,838,835,576,736],"class_list":["post-4129","product","type-product","status-publish","has-post-thumbnail","hentry","product_cat-nutricia","product_cat-zywienie-medyczne","product_tag-45-panstw-europy-i-ich-stolice-quiz","product_tag-bajki-dla-dzieci-na-dobranoc","product_tag-radosc-dziecka-cytaty","product_tag-trudne-zagadki","product_tag-zabawki-na-roczek"],"_links":{"self":[{"href":"http:\/\/klubmamgdynia.pl\/index.php\/wp-json\/wp\/v2\/product\/4129","targetHints":{"allow":["GET"]}}],"collection":[{"href":"http:\/\/klubmamgdynia.pl\/index.php\/wp-json\/wp\/v2\/product"}],"about":[{"href":"http:\/\/klubmamgdynia.pl\/index.php\/wp-json\/wp\/v2\/types\/product"}],"replies":[{"embeddable":true,"href":"http:\/\/klubmamgdynia.pl\/index.php\/wp-json\/wp\/v2\/comments?post=4129"}],"wp:featuredmedia":[{"embeddable":true,"href":"http:\/\/klubmamgdynia.pl\/index.php\/wp-json\/wp\/v2\/media\/4130"}],"wp:attachment":[{"href":"http:\/\/klubmamgdynia.pl\/index.php\/wp-json\/wp\/v2\/media?parent=4129"}],"wp:term":[{"taxonomy":"product_cat","embeddable":true,"href":"http:\/\/klubmamgdynia.pl\/index.php\/wp-json\/wp\/v2\/product_cat?post=4129"},{"taxonomy":"product_tag","embeddable":true,"href":"http:\/\/klubmamgdynia.pl\/index.php\/wp-json\/wp\/v2\/product_tag?post=4129"}],"curies":[{"name":"wp","href":"https:\/\/api.w.org\/{rel}","templated":true}]}}