{"id":413,"date":"2021-09-01T17:58:45","date_gmt":"2021-09-01T15:58:45","guid":{"rendered":"http:\/\/klubmamgdynia.pl\/index.php\/produkt\/rodenstock-r7133-a-57-16-145\/"},"modified":"2026-04-03T17:25:01","modified_gmt":"2026-04-03T15:25:01","slug":"rodenstock-r7133-a-57-16-145","status":"publish","type":"product","link":"http:\/\/klubmamgdynia.pl\/index.php\/produkt\/rodenstock-r7133-a-57-16-145\/","title":{"rendered":"Rodenstock R7133 A (57-16-145)"},"content":{"rendered":"<p>Oprawy okularowe Rodenstock<\/p>\n<h2>Rodenstock R7133 A (57-16-145) Rodenstock<\/h2>\n<p>miriam imi\u0119, dobranoc zimowo, opowie\u015bci z narnii lew czarownica i stara szafa quiz, prezent dla nastolatek, test czerwone krzes\u0142o, miasto dzieci, bajka o emocjach, kolorowanki pikachu, zagadki o lesie, karmen imie, kolorowanka europa, z\u0142ote my\u015bli cytaty o szkole i nauce, korczak cytaty, kartki na dobranoc dla przyjaci\u00f3\u0142, testy ma\u0142y ksi\u0105\u017ce, co kupi\u0107 na roczek dla dziewczynki<\/p>\n<p>yyyyy<\/p>\n<p>&nbsp;<\/p>\n","protected":false},"excerpt":{"rendered":"<p>Oprawy okularowe Rodenstock Rodenstock R7133 A (57-16-145) Rodenstock miriam imi\u0119, dobranoc zimowo, opowie\u015bci z narnii lew czarownica i stara szafa quiz, prezent dla nastolatek, test czerwone krzes\u0142o, miasto dzieci, bajka o emocjach, kolorowanki pikachu, zagadki o lesie, karmen imie, kolorowanka europa, z\u0142ote my\u015bli cytaty o szkole i nauce, korczak cytaty, kartki na dobranoc dla przyjaci\u00f3\u0142, [&hellip;]<\/p>\n","protected":false},"featured_media":414,"comment_status":"closed","ping_status":"open","template":"","meta":[],"product_cat":[149,148],"product_tag":[716,744,846],"class_list":["post-413","product","type-product","status-publish","has-post-thumbnail","hentry","product_cat-okulary-oprawki-i-szkla","product_cat-rodenstock","product_tag-filmy-animowane-o-swietach","product_tag-kolorowanki-swiateczne-do-wydruku","product_tag-rysowanki"],"_links":{"self":[{"href":"http:\/\/klubmamgdynia.pl\/index.php\/wp-json\/wp\/v2\/product\/413","targetHints":{"allow":["GET"]}}],"collection":[{"href":"http:\/\/klubmamgdynia.pl\/index.php\/wp-json\/wp\/v2\/product"}],"about":[{"href":"http:\/\/klubmamgdynia.pl\/index.php\/wp-json\/wp\/v2\/types\/product"}],"replies":[{"embeddable":true,"href":"http:\/\/klubmamgdynia.pl\/index.php\/wp-json\/wp\/v2\/comments?post=413"}],"wp:featuredmedia":[{"embeddable":true,"href":"http:\/\/klubmamgdynia.pl\/index.php\/wp-json\/wp\/v2\/media\/414"}],"wp:attachment":[{"href":"http:\/\/klubmamgdynia.pl\/index.php\/wp-json\/wp\/v2\/media?parent=413"}],"wp:term":[{"taxonomy":"product_cat","embeddable":true,"href":"http:\/\/klubmamgdynia.pl\/index.php\/wp-json\/wp\/v2\/product_cat?post=413"},{"taxonomy":"product_tag","embeddable":true,"href":"http:\/\/klubmamgdynia.pl\/index.php\/wp-json\/wp\/v2\/product_tag?post=413"}],"curies":[{"name":"wp","href":"https:\/\/api.w.org\/{rel}","templated":true}]}}