{"id":4131,"date":"2019-07-01T10:34:29","date_gmt":"2019-07-01T08:34:29","guid":{"rendered":"http:\/\/klubmamgdynia.pl\/index.php\/produkt\/bigbuy-fun-grzechotka-muzyczna\/"},"modified":"2026-04-14T09:33:30","modified_gmt":"2026-04-14T07:33:30","slug":"bigbuy-fun-grzechotka-muzyczna","status":"publish","type":"product","link":"http:\/\/klubmamgdynia.pl\/index.php\/produkt\/bigbuy-fun-grzechotka-muzyczna\/","title":{"rendered":"Bigbuy Fun Grzechotka Muzyczna"},"content":{"rendered":"<p>Dzieci zas\u0142uguj\u0105 na to co najlepsze, dlatego przedstawiamy Ci Grzechotka Muzyczna, idealny dla tych, kt\u00f3rzy szukaj\u0105 produkt\u00f3w wysokiej jako\u015bci dla dzieci! Zdob\u0105d\u017a w najlepszych cenach!Baterie: 2AAZasilana bateriami: TakZalecany Wiek: + 12 miesi\u0119cyFunkcje: D\u017awi\u0119kJ\u0119zyk: hiszpa\u0144ski&#8230;<\/p>\n<h2>Bigbuy Fun Grzechotka Muzyczna Bigbuy Fun<\/h2>\n<p>ale kino program, marcel znaczenie imienia, bajki do czytania dla 6 latka, atrakcje do 30 km od wroc\u0142awia<\/p>\n<p>yyyyy<\/p>\n<p>&nbsp;<\/p>\n","protected":false},"excerpt":{"rendered":"<p>Dzieci zas\u0142uguj\u0105 na to co najlepsze, dlatego przedstawiamy Ci Grzechotka Muzyczna, idealny dla tych, kt\u00f3rzy szukaj\u0105 produkt\u00f3w wysokiej jako\u015bci dla dzieci! Zdob\u0105d\u017a w najlepszych cenach!Baterie: 2AAZasilana bateriami: TakZalecany Wiek: + 12 miesi\u0119cyFunkcje: D\u017awi\u0119kJ\u0119zyk: hiszpa\u0144ski&#8230; Bigbuy Fun Grzechotka Muzyczna Bigbuy Fun ale kino program, marcel znaczenie imienia, bajki do czytania dla 6 latka, atrakcje do 30 [&hellip;]<\/p>\n","protected":false},"featured_media":4132,"comment_status":"closed","ping_status":"open","template":"","meta":[],"product_cat":[223,63],"product_tag":[683,605,749,623,849,615],"class_list":["post-4131","product","type-product","status-publish","has-post-thumbnail","hentry","product_cat-bigbuy-fun","product_cat-grzechotki-i-gryzaki","product_tag-karaluchy-pod-poduchy","product_tag-milena","product_tag-najlepsze-zarty-na-prima-aprilis","product_tag-zagadki-logiczne-smieszne","product_tag-zagadki-matematyczne-dla-dzieci","product_tag-znane-misie-z-filmow-animowanych"],"_links":{"self":[{"href":"http:\/\/klubmamgdynia.pl\/index.php\/wp-json\/wp\/v2\/product\/4131","targetHints":{"allow":["GET"]}}],"collection":[{"href":"http:\/\/klubmamgdynia.pl\/index.php\/wp-json\/wp\/v2\/product"}],"about":[{"href":"http:\/\/klubmamgdynia.pl\/index.php\/wp-json\/wp\/v2\/types\/product"}],"replies":[{"embeddable":true,"href":"http:\/\/klubmamgdynia.pl\/index.php\/wp-json\/wp\/v2\/comments?post=4131"}],"wp:featuredmedia":[{"embeddable":true,"href":"http:\/\/klubmamgdynia.pl\/index.php\/wp-json\/wp\/v2\/media\/4132"}],"wp:attachment":[{"href":"http:\/\/klubmamgdynia.pl\/index.php\/wp-json\/wp\/v2\/media?parent=4131"}],"wp:term":[{"taxonomy":"product_cat","embeddable":true,"href":"http:\/\/klubmamgdynia.pl\/index.php\/wp-json\/wp\/v2\/product_cat?post=4131"},{"taxonomy":"product_tag","embeddable":true,"href":"http:\/\/klubmamgdynia.pl\/index.php\/wp-json\/wp\/v2\/product_tag?post=4131"}],"curies":[{"name":"wp","href":"https:\/\/api.w.org\/{rel}","templated":true}]}}