{"id":4133,"date":"2015-12-26T01:41:50","date_gmt":"2015-12-26T00:41:50","guid":{"rendered":"http:\/\/klubmamgdynia.pl\/index.php\/produkt\/icom-pistolet-na-splonke-na-karcie-25-x-15-cm\/"},"modified":"2026-04-03T18:57:47","modified_gmt":"2026-04-03T16:57:47","slug":"icom-pistolet-na-splonke-na-karcie-25-x-15-cm","status":"publish","type":"product","link":"http:\/\/klubmamgdynia.pl\/index.php\/produkt\/icom-pistolet-na-splonke-na-karcie-25-x-15-cm\/","title":{"rendered":"Icom Pistolet Na Sp\u0142onk\u0119 Na Karcie 25 X 15 Cm."},"content":{"rendered":"<p>PISTOLET NA SP\u0141ONK\u0118 NA KARCIE 25 X 15 CM&#8230;.<\/p>\n<h2>Icom Pistolet Na Sp\u0142onk\u0119 Na Karcie 25 X 15 Cm. Icom<\/h2>\n<p>maski do druku, kolorowanka my little pony, kanapki na urodziny dziecka, sk\u0142adniki do pizzy kolorowanka<\/p>\n<p>yyyyy<\/p>\n<p>&nbsp;<\/p>\n","protected":false},"excerpt":{"rendered":"<p>PISTOLET NA SP\u0141ONK\u0118 NA KARCIE 25 X 15 CM&#8230;. Icom Pistolet Na Sp\u0142onk\u0119 Na Karcie 25 X 15 Cm. Icom maski do druku, kolorowanka my little pony, kanapki na urodziny dziecka, sk\u0142adniki do pizzy kolorowanka yyyyy &nbsp;<\/p>\n","protected":false},"featured_media":4134,"comment_status":"closed","ping_status":"open","template":"","meta":[],"product_cat":[102,40],"product_tag":[752,689,609,623,800],"class_list":["post-4133","product","type-product","status-publish","has-post-thumbnail","hentry","product_cat-icom","product_cat-zabawki-militarne","product_tag-kuba-imie","product_tag-linda","product_tag-quiz-flagi-europy","product_tag-zagadki-logiczne-smieszne","product_tag-zagadki-smieszne"],"_links":{"self":[{"href":"http:\/\/klubmamgdynia.pl\/index.php\/wp-json\/wp\/v2\/product\/4133","targetHints":{"allow":["GET"]}}],"collection":[{"href":"http:\/\/klubmamgdynia.pl\/index.php\/wp-json\/wp\/v2\/product"}],"about":[{"href":"http:\/\/klubmamgdynia.pl\/index.php\/wp-json\/wp\/v2\/types\/product"}],"replies":[{"embeddable":true,"href":"http:\/\/klubmamgdynia.pl\/index.php\/wp-json\/wp\/v2\/comments?post=4133"}],"wp:featuredmedia":[{"embeddable":true,"href":"http:\/\/klubmamgdynia.pl\/index.php\/wp-json\/wp\/v2\/media\/4134"}],"wp:attachment":[{"href":"http:\/\/klubmamgdynia.pl\/index.php\/wp-json\/wp\/v2\/media?parent=4133"}],"wp:term":[{"taxonomy":"product_cat","embeddable":true,"href":"http:\/\/klubmamgdynia.pl\/index.php\/wp-json\/wp\/v2\/product_cat?post=4133"},{"taxonomy":"product_tag","embeddable":true,"href":"http:\/\/klubmamgdynia.pl\/index.php\/wp-json\/wp\/v2\/product_tag?post=4133"}],"curies":[{"name":"wp","href":"https:\/\/api.w.org\/{rel}","templated":true}]}}